{"id":1123,"date":"2017-09-04T15:59:17","date_gmt":"2017-09-04T15:59:17","guid":{"rendered":"http:\/\/ijandev-test.fi.uncoma.edu.ar\/Wordpress\/index.php\/2017\/09\/04\/maestria-en-ensenanza-en-escenarios-digitales\/"},"modified":"2022-03-14T15:01:05","modified_gmt":"2022-03-14T18:01:05","slug":"936-maestria-en-ensenanza-en-escenarios-digitales","status":"publish","type":"page","link":"https:\/\/www.fi.uncoma.edu.ar\/index.php\/936-maestria-en-ensenanza-en-escenarios-digitales\/","title":{"rendered":"Maestr\u00eda en Ense\u00f1anza en Escenarios Digitales"},"content":{"rendered":"\t\t<div data-elementor-type=\"wp-page\" data-elementor-id=\"1123\" class=\"elementor elementor-1123\">\n\t\t\t\t\t\t\t\t\t<section class=\"elementor-section elementor-top-section elementor-element elementor-element-c029492 elementor-section-boxed elementor-section-height-default elementor-section-height-default\" data-id=\"c029492\" data-element_type=\"section\">\n\t\t\t\t\t\t<div class=\"elementor-container elementor-column-gap-default\">\n\t\t\t\t\t<div class=\"elementor-column elementor-col-100 elementor-top-column elementor-element elementor-element-2186894\" data-id=\"2186894\" data-element_type=\"column\">\n\t\t\t<div class=\"elementor-widget-wrap elementor-element-populated\">\n\t\t\t\t\t\t\t\t<div class=\"elementor-element elementor-element-72b9dd2 elementor-widget elementor-widget-heading\" data-id=\"72b9dd2\" data-element_type=\"widget\" data-widget_type=\"heading.default\">\n\t\t\t\t<div class=\"elementor-widget-container\">\n\t\t\t<style>\/*! elementor - v3.6.7 - 03-07-2022 *\/\n.elementor-heading-title{padding:0;margin:0;line-height:1}.elementor-widget-heading .elementor-heading-title[class*=elementor-size-]>a{color:inherit;font-size:inherit;line-height:inherit}.elementor-widget-heading .elementor-heading-title.elementor-size-small{font-size:15px}.elementor-widget-heading .elementor-heading-title.elementor-size-medium{font-size:19px}.elementor-widget-heading .elementor-heading-title.elementor-size-large{font-size:29px}.elementor-widget-heading .elementor-heading-title.elementor-size-xl{font-size:39px}.elementor-widget-heading .elementor-heading-title.elementor-size-xxl{font-size:59px}<\/style><h2 class=\"elementor-heading-title elementor-size-default\">Maestr\u00eda en Ense\u00f1anza en Escenarios Digitales\n<\/h2>\t\t<\/div>\n\t\t\t\t<\/div>\n\t\t\t\t\t<\/div>\n\t\t<\/div>\n\t\t\t\t\t\t\t<\/div>\n\t\t<\/section>\n\t\t\t\t<section class=\"elementor-section elementor-top-section elementor-element elementor-element-4393edf elementor-section-boxed elementor-section-height-default elementor-section-height-default\" data-id=\"4393edf\" data-element_type=\"section\">\n\t\t\t\t\t\t<div class=\"elementor-container elementor-column-gap-default\">\n\t\t\t\t\t<div class=\"elementor-column elementor-col-100 elementor-top-column elementor-element elementor-element-78274fd8\" data-id=\"78274fd8\" data-element_type=\"column\">\n\t\t\t<div class=\"elementor-widget-wrap elementor-element-populated\">\n\t\t\t\t\t\t\t\t<div class=\"elementor-element elementor-element-6b86ccb5 elementor-widget elementor-widget-text-editor\" data-id=\"6b86ccb5\" data-element_type=\"widget\" data-widget_type=\"text-editor.default\">\n\t\t\t\t<div class=\"elementor-widget-container\">\n\t\t\t<style>\/*! elementor - v3.6.7 - 03-07-2022 *\/\n.elementor-widget-text-editor.elementor-drop-cap-view-stacked .elementor-drop-cap{background-color:#818a91;color:#fff}.elementor-widget-text-editor.elementor-drop-cap-view-framed .elementor-drop-cap{color:#818a91;border:3px solid;background-color:transparent}.elementor-widget-text-editor:not(.elementor-drop-cap-view-default) .elementor-drop-cap{margin-top:8px}.elementor-widget-text-editor:not(.elementor-drop-cap-view-default) .elementor-drop-cap-letter{width:1em;height:1em}.elementor-widget-text-editor .elementor-drop-cap{float:left;text-align:center;line-height:1;font-size:50px}.elementor-widget-text-editor .elementor-drop-cap-letter{display:inline-block}<\/style>\t\t\t\t<p style=\"text-align: justify;\"><span style=\"text-decoration: underline;\"><strong>Carrera:<\/strong><\/span> Maestr\u00eda en Ense\u00f1anza en Escenarios Digitales.<\/p><p style=\"text-align: justify;\"><span style=\"text-decoration: underline;\"><strong>T\u00edtulo:<\/strong><\/span> Magister en Ense\u00f1anza en Escenarios Digitales.<\/p><p style=\"text-align: justify;\"><span style=\"text-decoration: underline;\"><strong>Modalidad:<\/strong><\/span> A distancia.<\/p><p style=\"text-align: justify;\"><span style=\"text-decoration: underline;\"><strong>Organizaci\u00f3n del Plan de Estudios:<\/strong><\/span><\/p><p style=\"text-align: justify;\">El Plan de Estudio es de tipo semi-estructurado:<\/p><ol><li id=\"h.p_A5d43qdqer-P\" style=\"text-align: justify;\">La organizaci\u00f3n se establece a partir de 4 (cuatro) \u201cCampos\u201d que refieren a un conjunto de espacios tem\u00e1ticos y\/o disciplinarios, cuya articulaci\u00f3n es de objeto o epist\u00e9mica y que est\u00e1n estrechamente relacionados tanto con el tipo de capacidades que la Maestr\u00eda aspira a desarrollar, como con el tipo de conocimientos o experiencias formativas que demandan su desarrollo.<\/li><li style=\"text-align: justify;\">Los Campos est\u00e1n conformados por 22 (veintid\u00f3s) cursos organizados en distintas modalidades: te\u00f3ricos, te\u00f3rico-pr\u00e1cticos y pr\u00e1cticos. Los mismos se distribuyen entre 10 (diez) de car\u00e1cter Obligatorio, 2 de car\u00e1cter Electivo: Herramientas Digitales para las Ciencias Sociales o las Exactas y Naturales I y II y 10 (diez) de car\u00e1cter Optativo, de los cuales los alumnos deber\u00e1n elegir 3 (tres). La oferta de estos cursos se informar\u00e1 al iniciarse cada cuatrimestre.<\/li><li style=\"text-align: justify;\">Se desarrollar\u00e1n en dos a\u00f1os, organizados en cuatro cuatrimestres con un tiempo para presentaci\u00f3n del Trabajo Final Integrador extendido a 18 (dieciocho) meses.<\/li><\/ol>\t\t\t\t\t\t<\/div>\n\t\t\t\t<\/div>\n\t\t\t\t\t<\/div>\n\t\t<\/div>\n\t\t\t\t\t\t\t<\/div>\n\t\t<\/section>\n\t\t\t\t<section class=\"elementor-section elementor-top-section elementor-element elementor-element-9b77952 elementor-section-boxed elementor-section-height-default elementor-section-height-default\" data-id=\"9b77952\" data-element_type=\"section\">\n\t\t\t\t\t\t<div class=\"elementor-container elementor-column-gap-default\">\n\t\t\t\t\t<div class=\"elementor-column elementor-col-100 elementor-top-column elementor-element elementor-element-be1dd90\" data-id=\"be1dd90\" data-element_type=\"column\">\n\t\t\t<div class=\"elementor-widget-wrap\">\n\t\t\t\t\t\t\t\t\t<\/div>\n\t\t<\/div>\n\t\t\t\t\t\t\t<\/div>\n\t\t<\/section>\n\t\t\t\t<section class=\"elementor-section elementor-top-section elementor-element elementor-element-e38e472 elementor-section-boxed elementor-section-height-default elementor-section-height-default\" data-id=\"e38e472\" data-element_type=\"section\">\n\t\t\t\t\t\t<div class=\"elementor-container elementor-column-gap-default\">\n\t\t\t\t\t<div class=\"elementor-column elementor-col-50 elementor-top-column elementor-element elementor-element-fa8db2a\" data-id=\"fa8db2a\" data-element_type=\"column\">\n\t\t\t<div class=\"elementor-widget-wrap elementor-element-populated\">\n\t\t\t\t\t\t\t\t<div class=\"elementor-element elementor-element-ae9a04b elementor-widget elementor-widget-heading\" data-id=\"ae9a04b\" data-element_type=\"widget\" data-widget_type=\"heading.default\">\n\t\t\t\t<div class=\"elementor-widget-container\">\n\t\t\t<h6 class=\"elementor-heading-title elementor-size-default\"><a href=\"\/wp-content\/uploads\/2022\/01\/PlanEstudioPublicar.pdf\" target=\"_blank\">Ver Plan de Estudios<\/a><\/h6>\t\t<\/div>\n\t\t\t\t<\/div>\n\t\t\t\t<div class=\"elementor-element elementor-element-821d051 elementor-view-stacked elementor-shape-circle elementor-widget elementor-widget-icon\" data-id=\"821d051\" data-element_type=\"widget\" data-widget_type=\"icon.default\">\n\t\t\t\t<div class=\"elementor-widget-container\">\n\t\t\t\t\t<div class=\"elementor-icon-wrapper\">\n\t\t\t<a class=\"elementor-icon\" href=\"\/wp-content\/uploads\/2022\/01\/PlanEstudioPublicar.pdf\" target=\"_blank\">\n\t\t\t<i aria-hidden=\"true\" class=\"fas fa-file-pdf\"><\/i>\t\t\t<\/a>\n\t\t<\/div>\n\t\t\t\t<\/div>\n\t\t\t\t<\/div>\n\t\t\t\t<div class=\"elementor-element elementor-element-4948359 elementor-align-center elementor-button-info elementor-widget elementor-widget-button\" data-id=\"4948359\" data-element_type=\"widget\" data-widget_type=\"button.default\">\n\t\t\t\t<div class=\"elementor-widget-container\">\n\t\t\t\t\t<div class=\"elementor-button-wrapper\">\n\t\t\t<a href=\"https:\/\/sites.google.com\/view\/sitio-meed\/p%C3%A1gina-principal?authuser=0\" target=\"_blank\" class=\"elementor-button-link elementor-button elementor-size-sm\" role=\"button\">\n\t\t\t\t\t\t<span class=\"elementor-button-content-wrapper\">\n\t\t\t\t\t\t<span class=\"elementor-button-text\">Ver Informacion e Inscripciones<\/span>\n\t\t<\/span>\n\t\t\t\t\t<\/a>\n\t\t<\/div>\n\t\t\t\t<\/div>\n\t\t\t\t<\/div>\n\t\t\t\t\t<\/div>\n\t\t<\/div>\n\t\t\t\t<div class=\"elementor-column elementor-col-50 elementor-top-column elementor-element elementor-element-5d52948\" data-id=\"5d52948\" data-element_type=\"column\">\n\t\t\t<div class=\"elementor-widget-wrap\">\n\t\t\t\t\t\t\t\t\t<\/div>\n\t\t<\/div>\n\t\t\t\t\t\t\t<\/div>\n\t\t<\/section>\n\t\t\t\t\t\t\t<\/div>\n\t\t","protected":false},"excerpt":{"rendered":"<p>Maestr\u00eda en Ense\u00f1anza en Escenarios Digitales Carrera: Maestr\u00eda en Ense\u00f1anza en Escenarios Digitales. T\u00edtulo: Magister en Ense\u00f1anza en Escenarios Digitales. Modalidad: A distancia. Organizaci\u00f3n del Plan de Estudios: El Plan de Estudio es de tipo semi-estructurado: La organizaci\u00f3n se establece a partir de 4 (cuatro) \u201cCampos\u201d que refieren a un conjunto de espacios tem\u00e1ticos y\/o &hellip;<\/p>\n<p class=\"read-more\"> <a class=\"\" href=\"https:\/\/www.fi.uncoma.edu.ar\/index.php\/936-maestria-en-ensenanza-en-escenarios-digitales\/\"> <span class=\"screen-reader-text\">Maestr\u00eda en Ense\u00f1anza en Escenarios Digitales<\/span> Leer m\u00e1s &raquo;<\/a><\/p>\n","protected":false},"author":1,"featured_media":0,"parent":0,"menu_order":1,"comment_status":"closed","ping_status":"open","template":"elementor_header_footer","meta":{"site-sidebar-layout":"default","site-content-layout":"default","ast-global-header-display":"","ast-main-header-display":"","ast-hfb-above-header-display":"","ast-hfb-below-header-display":"","ast-hfb-mobile-header-display":"","site-post-title":"","ast-breadcrumbs-content":"","ast-featured-img":"","footer-sml-layout":"","theme-transparent-header-meta":"","adv-header-id-meta":"","stick-header-meta":"","header-above-stick-meta":"","header-main-stick-meta":"","header-below-stick-meta":""},"uagb_featured_image_src":{"full":false,"thumbnail":false,"medium":false,"medium_large":false,"large":false,"1536x1536":false,"2048x2048":false},"uagb_author_info":{"display_name":"ufai","author_link":"https:\/\/www.fi.uncoma.edu.ar\/index.php\/author\/ufai\/"},"uagb_comment_info":0,"uagb_excerpt":"Maestr\u00eda en Ense\u00f1anza en Escenarios Digitales Carrera: Maestr\u00eda en Ense\u00f1anza en Escenarios Digitales. T\u00edtulo: Magister en Ense\u00f1anza en Escenarios Digitales. Modalidad: A distancia. Organizaci\u00f3n del Plan de Estudios: El Plan de Estudio es de tipo semi-estructurado: La organizaci\u00f3n se establece a partir de 4 (cuatro) \u201cCampos\u201d que refieren a un conjunto de espacios tem\u00e1ticos y\/o&hellip;","_links":{"self":[{"href":"https:\/\/www.fi.uncoma.edu.ar\/index.php\/wp-json\/wp\/v2\/pages\/1123"}],"collection":[{"href":"https:\/\/www.fi.uncoma.edu.ar\/index.php\/wp-json\/wp\/v2\/pages"}],"about":[{"href":"https:\/\/www.fi.uncoma.edu.ar\/index.php\/wp-json\/wp\/v2\/types\/page"}],"author":[{"embeddable":true,"href":"https:\/\/www.fi.uncoma.edu.ar\/index.php\/wp-json\/wp\/v2\/users\/1"}],"replies":[{"embeddable":true,"href":"https:\/\/www.fi.uncoma.edu.ar\/index.php\/wp-json\/wp\/v2\/comments?post=1123"}],"version-history":[{"count":22,"href":"https:\/\/www.fi.uncoma.edu.ar\/index.php\/wp-json\/wp\/v2\/pages\/1123\/revisions"}],"predecessor-version":[{"id":12793,"href":"https:\/\/www.fi.uncoma.edu.ar\/index.php\/wp-json\/wp\/v2\/pages\/1123\/revisions\/12793"}],"wp:attachment":[{"href":"https:\/\/www.fi.uncoma.edu.ar\/index.php\/wp-json\/wp\/v2\/media?parent=1123"}],"curies":[{"name":"wp","href":"https:\/\/api.w.org\/{rel}","templated":true}]}}