{"id":1434,"date":"2019-03-21T15:09:00","date_gmt":"2019-03-21T15:09:00","guid":{"rendered":"http:\/\/ijandev-test.fi.uncoma.edu.ar\/Wordpress\/index.php\/2019\/03\/21\/maestria-en-ciencias-de-la-computacion\/"},"modified":"2025-03-06T12:18:55","modified_gmt":"2025-03-06T15:18:55","slug":"1172-maestria-en-ciencias-de-la-computacion-pendiente-de-resolucion-ministerial","status":"publish","type":"page","link":"https:\/\/www.fi.uncoma.edu.ar\/index.php\/1172-maestria-en-ciencias-de-la-computacion-pendiente-de-resolucion-ministerial\/","title":{"rendered":"Maestr\u00eda en Ciencias de la Computaci\u00f3n"},"content":{"rendered":"\t\t<div data-elementor-type=\"wp-page\" data-elementor-id=\"1434\" class=\"elementor elementor-1434\">\n\t\t\t\t\t\t\t\t\t<section class=\"elementor-section elementor-top-section elementor-element elementor-element-15915fa elementor-section-boxed elementor-section-height-default elementor-section-height-default\" data-id=\"15915fa\" data-element_type=\"section\">\n\t\t\t\t\t\t<div class=\"elementor-container elementor-column-gap-default\">\n\t\t\t\t\t<div class=\"elementor-column elementor-col-100 elementor-top-column elementor-element elementor-element-4e27df7\" data-id=\"4e27df7\" data-element_type=\"column\">\n\t\t\t<div class=\"elementor-widget-wrap elementor-element-populated\">\n\t\t\t\t\t\t\t\t<div class=\"elementor-element elementor-element-96dc199 elementor-widget elementor-widget-heading\" data-id=\"96dc199\" data-element_type=\"widget\" data-widget_type=\"heading.default\">\n\t\t\t\t<div class=\"elementor-widget-container\">\n\t\t\t<style>\/*! elementor - v3.6.7 - 03-07-2022 *\/\n.elementor-heading-title{padding:0;margin:0;line-height:1}.elementor-widget-heading .elementor-heading-title[class*=elementor-size-]>a{color:inherit;font-size:inherit;line-height:inherit}.elementor-widget-heading .elementor-heading-title.elementor-size-small{font-size:15px}.elementor-widget-heading .elementor-heading-title.elementor-size-medium{font-size:19px}.elementor-widget-heading .elementor-heading-title.elementor-size-large{font-size:29px}.elementor-widget-heading .elementor-heading-title.elementor-size-xl{font-size:39px}.elementor-widget-heading .elementor-heading-title.elementor-size-xxl{font-size:59px}<\/style><h2 class=\"elementor-heading-title elementor-size-default\">Maestr\u00eda en Ciencias de la Computaci\u00f3n\n<\/h2>\t\t<\/div>\n\t\t\t\t<\/div>\n\t\t\t\t\t<\/div>\n\t\t<\/div>\n\t\t\t\t\t\t\t<\/div>\n\t\t<\/section>\n\t\t\t\t<section class=\"elementor-section elementor-top-section elementor-element elementor-element-5d42b0af elementor-section-boxed elementor-section-height-default elementor-section-height-default\" data-id=\"5d42b0af\" data-element_type=\"section\">\n\t\t\t\t\t\t<div class=\"elementor-container elementor-column-gap-default\">\n\t\t\t\t\t<div class=\"elementor-column elementor-col-100 elementor-top-column elementor-element elementor-element-33bdf6c5\" data-id=\"33bdf6c5\" data-element_type=\"column\">\n\t\t\t<div class=\"elementor-widget-wrap elementor-element-populated\">\n\t\t\t\t\t\t\t\t<div class=\"elementor-element elementor-element-1f1a479 elementor-widget elementor-widget-text-editor\" data-id=\"1f1a479\" data-element_type=\"widget\" data-widget_type=\"text-editor.default\">\n\t\t\t\t<div class=\"elementor-widget-container\">\n\t\t\t<style>\/*! elementor - v3.6.7 - 03-07-2022 *\/\n.elementor-widget-text-editor.elementor-drop-cap-view-stacked .elementor-drop-cap{background-color:#818a91;color:#fff}.elementor-widget-text-editor.elementor-drop-cap-view-framed .elementor-drop-cap{color:#818a91;border:3px solid;background-color:transparent}.elementor-widget-text-editor:not(.elementor-drop-cap-view-default) .elementor-drop-cap{margin-top:8px}.elementor-widget-text-editor:not(.elementor-drop-cap-view-default) .elementor-drop-cap-letter{width:1em;height:1em}.elementor-widget-text-editor .elementor-drop-cap{float:left;text-align:center;line-height:1;font-size:50px}.elementor-widget-text-editor .elementor-drop-cap-letter{display:inline-block}<\/style>\t\t\t\t<p style=\"text-align: justify;\"><strong>Carrera:<\/strong>&nbsp;Maestr\u00eda en Ciencias de la Computaci\u00f3n.<\/p>\n<p style=\"text-align: justify;\"><strong>T\u00edtulo:<\/strong>&nbsp;Mag\u00edster en Ciencias de la Computaci\u00f3n.<\/p>\n<p style=\"text-align: justify;\"><strong>Modalidad:<\/strong>&nbsp;Presencial personalizada.<\/p>\n<p style=\"text-align: justify;\"><strong>Plan de Estudios:<\/strong><\/p>\n<p style=\"text-align: justify;\"><span style=\"text-align: justify;\">La&nbsp;estructura del plan de estudios se compone de cursos bajo un sistema de cr\u00e9ditos<\/span>. El&nbsp;car\u00e1cter personalizado permite que&nbsp;cada estudiante seleccione los cursos&nbsp;que se ajusten a ese Plan, y mediante&nbsp;las actividades acad\u00e9micas necesarias&nbsp;para la realizaci\u00f3n de un trabajo conducente a la concreci\u00f3n de una Tesis&nbsp;de Maestr\u00eda, con apego a un Plan de&nbsp;Trabajo de Tesis bajo supervisi\u00f3n.<\/p>\n<p style=\"text-align: justify;\">El plazo estipulado para la realizaci\u00f3n de las actividades tendientes a&nbsp;obtener el Grado Acad\u00e9mico de Mag\u00edster no podr\u00e1 ser menor a dos (2)&nbsp;a\u00f1os ni mayor a cinco (5) a\u00f1os, a&nbsp;partir de la fecha de inscripci\u00f3n. Cada estudiante deber\u00e1 cursar las materias especificadas en su Plan de Formaci\u00f3n en un lapso m\u00e1ximo de tres&nbsp;semestres, a partir de su ingreso a la&nbsp;Maestr\u00eda.<\/p>\t\t\t\t\t\t<\/div>\n\t\t\t\t<\/div>\n\t\t\t\t\t<\/div>\n\t\t<\/div>\n\t\t\t\t\t\t\t<\/div>\n\t\t<\/section>\n\t\t\t\t<section class=\"elementor-section elementor-top-section elementor-element elementor-element-801d06b elementor-section-boxed elementor-section-height-default elementor-section-height-default\" data-id=\"801d06b\" data-element_type=\"section\">\n\t\t\t\t\t\t<div class=\"elementor-container elementor-column-gap-default\">\n\t\t\t\t\t<div class=\"elementor-column elementor-col-100 elementor-top-column elementor-element elementor-element-8940244\" data-id=\"8940244\" data-element_type=\"column\">\n\t\t\t<div class=\"elementor-widget-wrap elementor-element-populated\">\n\t\t\t\t\t\t\t\t<div class=\"elementor-element elementor-element-4fca533 elementor-widget elementor-widget-heading\" data-id=\"4fca533\" data-element_type=\"widget\" data-widget_type=\"heading.default\">\n\t\t\t\t<div class=\"elementor-widget-container\">\n\t\t\t<h6 class=\"elementor-heading-title elementor-size-default\"><a href=\"\/wp-content\/uploads\/2022\/01\/Plandeestudio_compressed.pdf\" target=\"_blank\">Ver Plan de Estudios<\/a><\/h6>\t\t<\/div>\n\t\t\t\t<\/div>\n\t\t\t\t<div class=\"elementor-element elementor-element-eeb7ea6 elementor-view-stacked elementor-shape-circle elementor-widget elementor-widget-icon\" data-id=\"eeb7ea6\" data-element_type=\"widget\" data-widget_type=\"icon.default\">\n\t\t\t\t<div class=\"elementor-widget-container\">\n\t\t\t\t\t<div class=\"elementor-icon-wrapper\">\n\t\t\t<a class=\"elementor-icon\" href=\"\/wp-content\/uploads\/2022\/01\/Plandeestudio_compressed.pdf\" target=\"_blank\">\n\t\t\t<i aria-hidden=\"true\" class=\"fas fa-file-pdf\"><\/i>\t\t\t<\/a>\n\t\t<\/div>\n\t\t\t\t<\/div>\n\t\t\t\t<\/div>\n\t\t\t\t\t<\/div>\n\t\t<\/div>\n\t\t\t\t\t\t\t<\/div>\n\t\t<\/section>\n\t\t\t\t<section class=\"elementor-section elementor-top-section elementor-element elementor-element-ab479ec elementor-section-boxed elementor-section-height-default elementor-section-height-default\" data-id=\"ab479ec\" data-element_type=\"section\">\n\t\t\t\t\t\t<div class=\"elementor-container elementor-column-gap-default\">\n\t\t\t\t\t<div class=\"elementor-column elementor-col-100 elementor-top-column elementor-element elementor-element-b382ebe\" data-id=\"b382ebe\" data-element_type=\"column\">\n\t\t\t<div class=\"elementor-widget-wrap elementor-element-populated\">\n\t\t\t\t\t\t\t\t<div class=\"elementor-element elementor-element-9a54110 elementor-widget elementor-widget-text-editor\" data-id=\"9a54110\" data-element_type=\"widget\" data-widget_type=\"text-editor.default\">\n\t\t\t\t<div class=\"elementor-widget-container\">\n\t\t\t\t\t\t\t<p style=\"font-size: 16px; font-style: normal; font-weight: 400;\"><span style=\"font-weight: bold;\">Calendario de cursos:\u00a0<a href=\"https:\/\/www.fi.uncoma.edu.ar\/\/index.php\/index.php\/investigacion-y-postgrado-86-investigacion-y-postgrado-cursos\/\" target=\"_blank\" rel=\"noopener\">Cursos en la facultad de informatica<\/a><\/span><\/p><p style=\"font-size: 16px; font-style: normal; font-weight: 400;\"><span style=\"font-weight: bold;\">Aranceles:\u00a0<\/span>El arancel est\u00e1 dividido en 24 cuotas consecutivas sujetas a actualizaci\u00f3n seg\u00fan <a href=\"http:\/\/www.fi.uncoma.edu.ar\/wp-content\/uploads\/2025\/03\/ResCD-008-Actualizacion-aranceles-MCC-IP_copia-1.pdf\" target=\"_blank\" rel=\"noopener\">Resoluci\u00f3n C.D FAIF N\u00b0 008\/2025<\/a>.\u00a0<\/p><p style=\"font-size: 16px; font-style: normal; font-weight: 400;\">Se aplicar\u00e1n los siguientes descuentos:<\/p><ul style=\"font-size: 16px; font-style: normal; font-weight: 400;\"><li style=\"font-size: 16px;\">Docentes y no-docentes que trabajen en la Facultad de Inform\u00e1tica (FAI) de la Universidad Nacional del Comahue (UNCo): 50%.<\/li><li style=\"font-size: 16px;\">Docentes de otras facultades UNCo u otras universidades nacionales argentinas y nodocentes que trabajen en UNCo: 30 %.<\/li><li style=\"font-size: 16px;\">Egresados FAI: 10 %<\/li><\/ul><p style=\"font-size: 16px; font-style: normal; font-weight: 400;\">Podr\u00e1n acceder a la bonificaci\u00f3n que cubra los aranceles de la maestr\u00eda al 100%, mediante nota al comit\u00e9 de posgrado:<\/p><p style=\"font-size: 16px; font-style: normal; font-weight: 400;\">\u2022 Docentes y nodocentes que trabajen en FAI<\/p><p style=\"font-size: 16px; font-style: normal; font-weight: 400;\">\u2022 Becarios de Investigaci\u00f3n con dedicaci\u00f3n exclusiva y lugar de trabajo FAI<\/p><p style=\"font-size: 16px; font-style: normal; font-weight: 400;\"><span style=\"font-weight: bold;\">Mas informaci\u00f3n:\u00a0<a href=\"http:\/\/maestriacc.fi.uncoma.edu.ar\/\" target=\"_blank\" rel=\"noopener\">http:\/\/maestriacc.fi.uncoma.edu.ar\/<\/a><\/span><\/p><p style=\"font-size: 16px; font-style: normal; font-weight: 400;\">Por consultas comunicarse al tel.\u00a0(+54) 299-4490300 int 644\/649 o v\u00eda mail a\u00a0<a href=\"mailto:secretaria.investigacion@fi.uncoma.edu.ar\">secretaria.investigacion@fi.uncoma.edu.ar<\/a><\/p>\t\t\t\t\t\t<\/div>\n\t\t\t\t<\/div>\n\t\t\t\t\t<\/div>\n\t\t<\/div>\n\t\t\t\t\t\t\t<\/div>\n\t\t<\/section>\n\t\t\t\t\t\t\t<\/div>\n\t\t","protected":false},"excerpt":{"rendered":"<p>Maestr\u00eda en Ciencias de la Computaci\u00f3n Carrera:&nbsp;Maestr\u00eda en Ciencias de la Computaci\u00f3n. T\u00edtulo:&nbsp;Mag\u00edster en Ciencias de la Computaci\u00f3n. Modalidad:&nbsp;Presencial personalizada. Plan de Estudios: La&nbsp;estructura del plan de estudios se compone de cursos bajo un sistema de cr\u00e9ditos. El&nbsp;car\u00e1cter personalizado permite que&nbsp;cada estudiante seleccione los cursos&nbsp;que se ajusten a ese Plan, y mediante&nbsp;las actividades acad\u00e9micas necesarias&nbsp;para &hellip;<\/p>\n<p class=\"read-more\"> <a class=\"\" href=\"https:\/\/www.fi.uncoma.edu.ar\/index.php\/1172-maestria-en-ciencias-de-la-computacion-pendiente-de-resolucion-ministerial\/\"> <span class=\"screen-reader-text\">Maestr\u00eda en Ciencias de la Computaci\u00f3n<\/span> Leer m\u00e1s &raquo;<\/a><\/p>\n","protected":false},"author":1,"featured_media":0,"parent":0,"menu_order":0,"comment_status":"closed","ping_status":"open","template":"elementor_header_footer","meta":{"site-sidebar-layout":"default","site-content-layout":"default","ast-global-header-display":"","ast-main-header-display":"","ast-hfb-above-header-display":"","ast-hfb-below-header-display":"","ast-hfb-mobile-header-display":"","site-post-title":"","ast-breadcrumbs-content":"","ast-featured-img":"","footer-sml-layout":"","theme-transparent-header-meta":"","adv-header-id-meta":"","stick-header-meta":"","header-above-stick-meta":"","header-main-stick-meta":"","header-below-stick-meta":""},"uagb_featured_image_src":{"full":false,"thumbnail":false,"medium":false,"medium_large":false,"large":false,"1536x1536":false,"2048x2048":false},"uagb_author_info":{"display_name":"ufai","author_link":"https:\/\/www.fi.uncoma.edu.ar\/index.php\/author\/ufai\/"},"uagb_comment_info":0,"uagb_excerpt":"Maestr\u00eda en Ciencias de la Computaci\u00f3n Carrera:&nbsp;Maestr\u00eda en Ciencias de la Computaci\u00f3n. T\u00edtulo:&nbsp;Mag\u00edster en Ciencias de la Computaci\u00f3n. Modalidad:&nbsp;Presencial personalizada. Plan de Estudios: La&nbsp;estructura del plan de estudios se compone de cursos bajo un sistema de cr\u00e9ditos. El&nbsp;car\u00e1cter personalizado permite que&nbsp;cada estudiante seleccione los cursos&nbsp;que se ajusten a ese Plan, y mediante&nbsp;las actividades acad\u00e9micas necesarias&nbsp;para&hellip;","_links":{"self":[{"href":"https:\/\/www.fi.uncoma.edu.ar\/index.php\/wp-json\/wp\/v2\/pages\/1434"}],"collection":[{"href":"https:\/\/www.fi.uncoma.edu.ar\/index.php\/wp-json\/wp\/v2\/pages"}],"about":[{"href":"https:\/\/www.fi.uncoma.edu.ar\/index.php\/wp-json\/wp\/v2\/types\/page"}],"author":[{"embeddable":true,"href":"https:\/\/www.fi.uncoma.edu.ar\/index.php\/wp-json\/wp\/v2\/users\/1"}],"replies":[{"embeddable":true,"href":"https:\/\/www.fi.uncoma.edu.ar\/index.php\/wp-json\/wp\/v2\/comments?post=1434"}],"version-history":[{"count":51,"href":"https:\/\/www.fi.uncoma.edu.ar\/index.php\/wp-json\/wp\/v2\/pages\/1434\/revisions"}],"predecessor-version":[{"id":27588,"href":"https:\/\/www.fi.uncoma.edu.ar\/index.php\/wp-json\/wp\/v2\/pages\/1434\/revisions\/27588"}],"wp:attachment":[{"href":"https:\/\/www.fi.uncoma.edu.ar\/index.php\/wp-json\/wp\/v2\/media?parent=1434"}],"curies":[{"name":"wp","href":"https:\/\/api.w.org\/{rel}","templated":true}]}}