{"id":15308,"date":"2022-05-30T14:11:00","date_gmt":"2022-05-30T17:11:00","guid":{"rendered":"http:\/\/w2.fi.uncoma.edu.ar\/?page_id=15308"},"modified":"2022-05-30T14:17:31","modified_gmt":"2022-05-30T17:17:31","slug":"tabla-de-lic-lsi","status":"publish","type":"page","link":"https:\/\/www.fi.uncoma.edu.ar\/index.php\/tabla-de-lic-lsi\/","title":{"rendered":"Tabla de lic-lsi"},"content":{"rendered":"\t\t<div data-elementor-type=\"wp-page\" data-elementor-id=\"15308\" class=\"elementor elementor-15308\">\n\t\t\t\t\t\t\t\t\t<section class=\"elementor-section elementor-top-section elementor-element elementor-element-ce57321 elementor-section-boxed elementor-section-height-default elementor-section-height-default\" data-id=\"ce57321\" data-element_type=\"section\">\n\t\t\t\t\t\t<div class=\"elementor-container elementor-column-gap-default\">\n\t\t\t\t\t<div class=\"elementor-column elementor-col-100 elementor-top-column elementor-element elementor-element-de56b33\" data-id=\"de56b33\" data-element_type=\"column\">\n\t\t\t<div class=\"elementor-widget-wrap elementor-element-populated\">\n\t\t\t\t\t\t\t\t<div class=\"elementor-element elementor-element-beb2655 elementor-widget elementor-widget-heading\" data-id=\"beb2655\" data-element_type=\"widget\" data-widget_type=\"heading.default\">\n\t\t\t\t<div class=\"elementor-widget-container\">\n\t\t\t<style>\/*! elementor - v3.6.7 - 03-07-2022 *\/\n.elementor-heading-title{padding:0;margin:0;line-height:1}.elementor-widget-heading .elementor-heading-title[class*=elementor-size-]>a{color:inherit;font-size:inherit;line-height:inherit}.elementor-widget-heading .elementor-heading-title.elementor-size-small{font-size:15px}.elementor-widget-heading .elementor-heading-title.elementor-size-medium{font-size:19px}.elementor-widget-heading .elementor-heading-title.elementor-size-large{font-size:29px}.elementor-widget-heading .elementor-heading-title.elementor-size-xl{font-size:39px}.elementor-widget-heading .elementor-heading-title.elementor-size-xxl{font-size:59px}<\/style><h3 class=\"elementor-heading-title elementor-size-default\">Tesis de Licenciatura en Sistemas de Informaci\u00f3n<\/h3>\t\t<\/div>\n\t\t\t\t<\/div>\n\t\t\t\t<div class=\"elementor-element elementor-element-5ac7a07 elementor-widget elementor-widget-shortcode\" data-id=\"5ac7a07\" data-element_type=\"widget\" data-widget_type=\"shortcode.default\">\n\t\t\t\t<div class=\"elementor-widget-container\">\n\t\t\t\t\t<div class=\"elementor-shortcode\"><table id=\"posts-table-1\" class=\"posts-data-table\" data-page-length=\"20\" data-paging=\"false\" data-order='[[3, \"desc\"]]' data-click-filter=\"true\" data-scroll-offset=\"15\" cellspacing=\"0\" width=\"100%\"><thead><tr><th data-name=\"title\" data-priority=\"1\" data-width=\"\">T\u00edtulo<\/th><th data-name=\"content\" data-priority=\"5\" data-width=\"\">Contenido<\/th><th data-name=\"categories\" data-priority=\"7\" data-width=\"\">Categor\u00edas<\/th><th data-name=\"date\" data-priority=\"2\" data-width=\"\" data-order-data=\"4\">Fecha<\/th><th data-name=\"timestamp\" data-visible=\"false\"><\/th><\/tr><\/thead><tbody><tr><td><a href=\"https:\/\/www.fi.uncoma.edu.ar\/index.php\/academica\/tesis-de-licenciatura\/nahir-saddi-beraud-analisis-de-factores-de-riesgo-asociados-a-la-violencia-contra-las-mujeres-en-argentina-mediante-un-enfoque-de-big-data-febrero-2026\/\">Nahir Saddi Beraud: An\u00e1lisis de factores de riesgo asociados a la violencia contra las mujeres en Argentina mediante un enfoque de Big Data<\/a><\/td><td>T\u00edtulo: \u00abAn\u00e1lisis de factores de riesgo asociados a la violencia contra las mujeres en Argentina &hellip;<\/td><td><a href=\"https:\/\/www.fi.uncoma.edu.ar\/index.php\/category\/academica\/tesis-de-licenciatura\/\" rel=\"category tag\">Tesis de Licenciatura<\/a>, <a href=\"https:\/\/www.fi.uncoma.edu.ar\/index.php\/category\/nuevos-lic-lsi\/\" rel=\"category tag\">Tesis de Licenciatura en Sistemas de Informaci\u00f3n<\/a><\/td><td>2026\/03\/02<\/td><td>2026-03-02 15:34:40<\/td><\/tr><tr><td><a href=\"https:\/\/www.fi.uncoma.edu.ar\/index.php\/academica\/tesis-de-licenciatura\/facundo-paterno-araucann-una-aplicacion-basada-en-blockchain-para-la-trazabilidad-de-la-produccion-de-cannabis-medicinal-diciembre-2025\/\">Facundo Paterno: Araucann: Una aplicaci\u00f3n basada en blockchain para la trazabilidad de la producci\u00f3n de cannabis medicinal<\/a><\/td><td>T\u00edtulo: \u00abAraucann: Una aplicaci\u00f3n basada en blockchain para la trazabilidad de la producci\u00f3n de cannabis &hellip;<\/td><td><a href=\"https:\/\/www.fi.uncoma.edu.ar\/index.php\/category\/academica\/tesis-de-licenciatura\/\" rel=\"category tag\">Tesis de Licenciatura<\/a>, <a href=\"https:\/\/www.fi.uncoma.edu.ar\/index.php\/category\/nuevos-lic-lsi\/\" rel=\"category tag\">Tesis de Licenciatura en Sistemas de Informaci\u00f3n<\/a><\/td><td>2025\/12\/10<\/td><td>2025-12-10 15:33:53<\/td><\/tr><tr><td><a href=\"https:\/\/www.fi.uncoma.edu.ar\/index.php\/academica\/tesis-de-licenciatura\/mariano-conchillo-diseno-arquitectonico-de-la-aplicacion-movil-de-alertar-un-sistema-para-vigilancia-y-alertas-tempranas-de-gravedad-en-pacientes-hospitalizados-no-intensivos-junio-2025\/\">Mariano Conchillo: Dise\u00f1o arquitect\u00f3nico de la aplicaci\u00f3n m\u00f3vil de ALERTAR, un sistema  para vigilancia y alertas tempranas de gravedad en pacientes  hospitalizados no intensivos<\/a><\/td><td>T\u00edtulo: \u00abDise\u00f1o arquitect\u00f3nico de la aplicaci\u00f3n m\u00f3vil de ALERTAR, un sistema para vigilancia y alertas &hellip;<\/td><td><a href=\"https:\/\/www.fi.uncoma.edu.ar\/index.php\/category\/academica\/tesis-de-licenciatura\/\" rel=\"category tag\">Tesis de Licenciatura<\/a>, <a href=\"https:\/\/www.fi.uncoma.edu.ar\/index.php\/category\/nuevos-lic-lsi\/\" rel=\"category tag\">Tesis de Licenciatura en Sistemas de Informaci\u00f3n<\/a><\/td><td>2025\/06\/19<\/td><td>2025-06-19 13:55:42<\/td><\/tr><tr><td><a href=\"https:\/\/www.fi.uncoma.edu.ar\/index.php\/academica\/tesis-de-licenciatura\/francisco-torres-la-herramienta-covamat-componente-cliente-y-extensiones-del-lado-del-servidor-junio-2025\/\">Francisco Torres: La herramienta CoVaMaT: Componente Cliente y Extensiones del lado del Servidor<\/a><\/td><td>T\u00edtulo:La herramienta CoVaMaT: Componente Cliente y Extensiones del lado del Servidor Tesista: Francisco Torres Directora:&nbsp; &hellip;<\/td><td><a href=\"https:\/\/www.fi.uncoma.edu.ar\/index.php\/category\/academica\/tesis-de-licenciatura\/\" rel=\"category tag\">Tesis de Licenciatura<\/a>, <a href=\"https:\/\/www.fi.uncoma.edu.ar\/index.php\/category\/nuevos-lic-lsi\/\" rel=\"category tag\">Tesis de Licenciatura en Sistemas de Informaci\u00f3n<\/a><\/td><td>2025\/06\/17<\/td><td>2025-06-17 11:09:14<\/td><\/tr><tr><td><a href=\"https:\/\/www.fi.uncoma.edu.ar\/index.php\/academica\/tesis-de-licenciatura\/walter-garrido-un-enfoque-top-down-de-variedad-de-contexto-caso-de-estudio-en-la-prediccion-del-nivel-de-la-napa-freatica-en-el-alto-valle-de-rio-negro-y-neuquen-junio-2025\/\">Walter Garrido: Un Enfoque Top-Down de Variedad de Contexto: Caso de estudio en la predicci\u00f3n del nivel de la napa fre\u00e1tica en el Alto Valle de R\u00edo Negro y Neuqu\u00e9n<\/a><\/td><td>T\u00edtulo: Un Enfoque Top-Down de Variedad de Contexto: Caso de estudio en la predicci\u00f3n del &hellip;<\/td><td><a href=\"https:\/\/www.fi.uncoma.edu.ar\/index.php\/category\/academica\/tesis-de-licenciatura\/\" rel=\"category tag\">Tesis de Licenciatura<\/a>, <a href=\"https:\/\/www.fi.uncoma.edu.ar\/index.php\/category\/nuevos-lic-lsi\/\" rel=\"category tag\">Tesis de Licenciatura en Sistemas de Informaci\u00f3n<\/a><\/td><td>2025\/06\/17<\/td><td>2025-06-17 11:09:10<\/td><\/tr><tr><td><a href=\"https:\/\/www.fi.uncoma.edu.ar\/index.php\/academica\/tesis-de-licenciatura\/federico-saurin-un-enfoque-top-down-de-variedad-de-contexto-caso-de-estudio-en-la-ocurrencia-y-deteccion-de-heladas-en-el-alto-valle-de-rio-negro-y-neuquen-septiembre-2024\/\">Federico Saur\u00edn: Un Enfoque Top-Down de Variedad de Contexto: Caso de estudio en la ocurrencia y detecci\u00f3n de heladas en el Alto Valle de R\u00edo Negro y Neuqu\u00e9n<\/a><\/td><td>T\u00edtulo: \u00abUn Enfoque Top-Down de Variedad de Contexto: Caso de estudio en la ocurrencia y &hellip;<\/td><td><a href=\"https:\/\/www.fi.uncoma.edu.ar\/index.php\/category\/academica\/tesis-de-licenciatura\/\" rel=\"category tag\">Tesis de Licenciatura<\/a>, <a href=\"https:\/\/www.fi.uncoma.edu.ar\/index.php\/category\/nuevos-lic-lsi\/\" rel=\"category tag\">Tesis de Licenciatura en Sistemas de Informaci\u00f3n<\/a><\/td><td>2024\/09\/20<\/td><td>2024-09-20 11:53:28<\/td><\/tr><tr><td><a href=\"https:\/\/www.fi.uncoma.edu.ar\/index.php\/academica\/tesis-de-licenciatura\/agustin-chiarotto-desarrollo-de-la-aplicacion-movil-de-covindex-para-la-deteccion-temprana-de-severidad-por-covid-19-en-unidades-de-cuidados-no-intensivos-junio-2024\/\">Agust\u00edn Chiarotto: Desarrollo de la aplicaci\u00f3n m\u00f3vil de COVINDEX para la detecci\u00f3n temprana de severidad por COVID-19 en unidades de cuidados no intensivos<\/a><\/td><td>T\u00edtulo: \u00abDesarrollo de la aplicaci\u00f3n m\u00f3vil de COVINDEX para la detecci\u00f3n temprana de severidad por &hellip;<\/td><td><a href=\"https:\/\/www.fi.uncoma.edu.ar\/index.php\/category\/academica\/tesis-de-licenciatura\/\" rel=\"category tag\">Tesis de Licenciatura<\/a>, <a href=\"https:\/\/www.fi.uncoma.edu.ar\/index.php\/category\/nuevos-lic-lsi\/\" rel=\"category tag\">Tesis de Licenciatura en Sistemas de Informaci\u00f3n<\/a><\/td><td>2024\/06\/25<\/td><td>2024-06-25 18:57:35<\/td><\/tr><tr><td><a href=\"https:\/\/www.fi.uncoma.edu.ar\/index.php\/academica\/tesis-de-licenciatura\/mariano-campetella-caracterizacion-de-contexto-en-sistemas-big-data-caso-de-estudio-de-las-fluctuaciones-del-nivel-freatico-en-funcion-de-variables-meteorologicas-diciembre-2023\/\">Mariano Campetella: Caracterizaci\u00f3n de contexto en Sistemas Big Data: Caso de estudio de las fluctuaciones del nivel fre\u00e1tico en funci\u00f3n de variables meteorol\u00f3gicas<\/a><\/td><td>T\u00edtulo: \u00abCaracterizaci\u00f3n de contexto en Sistemas Big Data: Caso de estudio de las fluctuaciones del &hellip;<\/td><td><a href=\"https:\/\/www.fi.uncoma.edu.ar\/index.php\/category\/academica\/tesis-de-licenciatura\/\" rel=\"category tag\">Tesis de Licenciatura<\/a>, <a href=\"https:\/\/www.fi.uncoma.edu.ar\/index.php\/category\/nuevos-lic-lsi\/\" rel=\"category tag\">Tesis de Licenciatura en Sistemas de Informaci\u00f3n<\/a><\/td><td>2023\/12\/15<\/td><td>2023-12-15 19:41:56<\/td><\/tr><tr><td><a href=\"https:\/\/www.fi.uncoma.edu.ar\/index.php\/academica\/tesis-de-licenciatura\/yaupe-sebastian-especificacion-de-procesos-para-pr-especificacion-de-procesos-para-preparacion-de-datos-en-sistemas-big-data-abril-2023\/\">Sebasti\u00e1n Yaupe: Especificaci\u00f3n de Procesos para Preparaci\u00f3n de Datos en Sistemas Big Data<\/a><\/td><td>T\u00edtulo: \u00abEspecificaci\u00f3n de Procesos para Preparaci\u00f3n de Datos en Sistemas Big Data\u201d Tesista: Sebasti\u00e1n Yaupe &hellip;<\/td><td><a href=\"https:\/\/www.fi.uncoma.edu.ar\/index.php\/category\/academica\/tesis-de-licenciatura\/\" rel=\"category tag\">Tesis de Licenciatura<\/a>, <a href=\"https:\/\/www.fi.uncoma.edu.ar\/index.php\/category\/nuevos-lic-lsi\/\" rel=\"category tag\">Tesis de Licenciatura en Sistemas de Informaci\u00f3n<\/a><\/td><td>2023\/04\/27<\/td><td>2023-04-27 12:53:00<\/td><\/tr><tr><td><a href=\"https:\/\/www.fi.uncoma.edu.ar\/index.php\/nuevos-lic-lsi\/vidart-gaston-big-data-en-el-dominio-hidrologico-caracterizacion-del-contexto-de-prediccion-de-turbidez-noviembre-2022\/\">Gast\u00f3n Vidart: Big Data en el Dominio Hidrol\u00f3gico: Caracterizaci\u00f3n del Contexto de Predicci\u00f3n de Turbidez<\/a><\/td><td>T\u00edtulo: \u00abBig Data en el Dominio Hidrol\u00f3gico: Caracterizaci\u00f3n del Contexto de Predicci\u00f3n de Turbidez\u201d Tesista: &hellip;<\/td><td><a href=\"https:\/\/www.fi.uncoma.edu.ar\/index.php\/category\/nuevos-lic-lsi\/\" rel=\"category tag\">Tesis de Licenciatura en Sistemas de Informaci\u00f3n<\/a><\/td><td>2022\/11\/24<\/td><td>2022-11-24 13:47:32<\/td><\/tr><tr><td><a href=\"https:\/\/www.fi.uncoma.edu.ar\/index.php\/nuevos-lic-lsi\/osycka-liam-modelado-bottom-up-de-variedad-de-dominio-en-sistemas-big-data-noviembre-2022\/\">L\u00edam Osycka: Modelado Bottom-Up de Variedad de Dominio en Sistemas Big Data<\/a><\/td><td>T\u00edtulo: \u00abModelado Bottom-Up de Variedad de Dominio en Sistemas Big Data\u201d Tesista: L\u00edam Osycka Directora: &hellip;<\/td><td><a href=\"https:\/\/www.fi.uncoma.edu.ar\/index.php\/category\/nuevos-lic-lsi\/\" rel=\"category tag\">Tesis de Licenciatura en Sistemas de Informaci\u00f3n<\/a><\/td><td>2022\/11\/18<\/td><td>2022-11-18 12:40:21<\/td><\/tr><tr><td><a href=\"https:\/\/www.fi.uncoma.edu.ar\/index.php\/nuevos-lic-lsi\/1463-ruiz-de-galarreta-esteban-una-linea-de-productos-de-software-para-asistir-al-proceso-de-analisis-automatico-de-modelos-de-variabilidad-noviembre-2020\/\">Esteban Ruiz de Galarreta: Una L\u00ednea de Productos de Software para Asistir al Proceso de An\u00e1lisis Autom\u00e1tico de Modelos de Variabilidad<\/a><\/td><td>T\u00edtulo: \u00abUna L\u00ednea de Productos de Software para Asistir al Proceso de An\u00e1lisis Autom\u00e1tico de &hellip;<\/td><td><a href=\"https:\/\/www.fi.uncoma.edu.ar\/index.php\/category\/nuevos-lic-lsi\/\" rel=\"category tag\">Tesis de Licenciatura en Sistemas de Informaci\u00f3n<\/a><\/td><td>2020\/11\/18<\/td><td>2020-11-18 17:00:00<\/td><\/tr><tr><td><a href=\"https:\/\/www.fi.uncoma.edu.ar\/index.php\/nuevos-lic-lsi\/1432-corgatelli-franco-composicion-de-servicios-web-heterogeneos-basada-en-evaluacion-de-interfaces-septiembre-2020\/\">Franco Corgatelli: Composici\u00f3n de Servicios Web Heterog\u00e9neos basada en Evaluaci\u00f3n de Interfaces<\/a><\/td><td>T\u00edtulo: \u00abComposici\u00f3n de Servicios Web Heterog\u00e9neos basada en&nbsp;Evaluaci\u00f3n de Interfaces\u201d Tesista: Franco Corgatelli Directores: Dr. &hellip;<\/td><td><a href=\"https:\/\/www.fi.uncoma.edu.ar\/index.php\/category\/nuevos-lic-lsi\/\" rel=\"category tag\">Tesis de Licenciatura en Sistemas de Informaci\u00f3n<\/a><\/td><td>2020\/09\/30<\/td><td>2020-09-30 17:00:00<\/td><\/tr><\/tbody><\/table><\/div>\n\t\t\t\t<\/div>\n\t\t\t\t<\/div>\n\t\t\t\t<div class=\"elementor-element elementor-element-392c0f3 elementor-align-center elementor-widget elementor-widget-button\" data-id=\"392c0f3\" data-element_type=\"widget\" data-widget_type=\"button.default\">\n\t\t\t\t<div class=\"elementor-widget-container\">\n\t\t\t\t\t<div class=\"elementor-button-wrapper\">\n\t\t\t<a href=\"https:\/\/www.fi.uncoma.edu.ar\/index.php\/nuevos-graduados\/\" class=\"elementor-button-link elementor-button elementor-size-sm\" role=\"button\">\n\t\t\t\t\t\t<span class=\"elementor-button-content-wrapper\">\n\t\t\t\t\t\t<span class=\"elementor-button-text\">Volver a Nuevos Graduados<\/span>\n\t\t<\/span>\n\t\t\t\t\t<\/a>\n\t\t<\/div>\n\t\t\t\t<\/div>\n\t\t\t\t<\/div>\n\t\t\t\t\t<\/div>\n\t\t<\/div>\n\t\t\t\t\t\t\t<\/div>\n\t\t<\/section>\n\t\t\t\t\t\t\t<\/div>\n\t\t","protected":false},"excerpt":{"rendered":"<p>Tesis de Licenciatura en Sistemas de Informaci\u00f3n Volver a Nuevos Graduados<\/p>\n","protected":false},"author":1,"featured_media":0,"parent":0,"menu_order":0,"comment_status":"closed","ping_status":"closed","template":"","meta":{"site-sidebar-layout":"no-sidebar","site-content-layout":"page-builder","ast-global-header-display":"","ast-main-header-display":"","ast-hfb-above-header-display":"","ast-hfb-below-header-display":"","ast-hfb-mobile-header-display":"","site-post-title":"disabled","ast-breadcrumbs-content":"","ast-featured-img":"disabled","footer-sml-layout":"","theme-transparent-header-meta":"","adv-header-id-meta":"","stick-header-meta":"","header-above-stick-meta":"","header-main-stick-meta":"","header-below-stick-meta":""},"uagb_featured_image_src":{"full":false,"thumbnail":false,"medium":false,"medium_large":false,"large":false,"1536x1536":false,"2048x2048":false},"uagb_author_info":{"display_name":"ufai","author_link":"https:\/\/www.fi.uncoma.edu.ar\/index.php\/author\/ufai\/"},"uagb_comment_info":0,"uagb_excerpt":"Tesis de Licenciatura en Sistemas de Informaci\u00f3n Volver a Nuevos Graduados","_links":{"self":[{"href":"https:\/\/www.fi.uncoma.edu.ar\/index.php\/wp-json\/wp\/v2\/pages\/15308"}],"collection":[{"href":"https:\/\/www.fi.uncoma.edu.ar\/index.php\/wp-json\/wp\/v2\/pages"}],"about":[{"href":"https:\/\/www.fi.uncoma.edu.ar\/index.php\/wp-json\/wp\/v2\/types\/page"}],"author":[{"embeddable":true,"href":"https:\/\/www.fi.uncoma.edu.ar\/index.php\/wp-json\/wp\/v2\/users\/1"}],"replies":[{"embeddable":true,"href":"https:\/\/www.fi.uncoma.edu.ar\/index.php\/wp-json\/wp\/v2\/comments?post=15308"}],"version-history":[{"count":7,"href":"https:\/\/www.fi.uncoma.edu.ar\/index.php\/wp-json\/wp\/v2\/pages\/15308\/revisions"}],"predecessor-version":[{"id":15316,"href":"https:\/\/www.fi.uncoma.edu.ar\/index.php\/wp-json\/wp\/v2\/pages\/15308\/revisions\/15316"}],"wp:attachment":[{"href":"https:\/\/www.fi.uncoma.edu.ar\/index.php\/wp-json\/wp\/v2\/media?parent=15308"}],"curies":[{"name":"wp","href":"https:\/\/api.w.org\/{rel}","templated":true}]}}