{"id":15498,"date":"2022-06-02T17:30:05","date_gmt":"2022-06-02T20:30:05","guid":{"rendered":"http:\/\/w2.fi.uncoma.edu.ar\/?page_id=15498"},"modified":"2022-06-07T19:01:26","modified_gmt":"2022-06-07T22:01:26","slug":"becas-ppu","status":"publish","type":"page","link":"https:\/\/www.fi.uncoma.edu.ar\/index.php\/becas-ppu\/","title":{"rendered":"Becas PPU"},"content":{"rendered":"\t\t<div data-elementor-type=\"wp-page\" data-elementor-id=\"15498\" class=\"elementor elementor-15498\">\n\t\t\t\t\t\t\t\t\t<section class=\"elementor-section elementor-top-section elementor-element elementor-element-a8a1ded elementor-section-boxed elementor-section-height-default elementor-section-height-default\" data-id=\"a8a1ded\" data-element_type=\"section\">\n\t\t\t\t\t\t<div class=\"elementor-container elementor-column-gap-default\">\n\t\t\t\t\t<div class=\"elementor-column elementor-col-100 elementor-top-column elementor-element elementor-element-c0596b0\" data-id=\"c0596b0\" data-element_type=\"column\">\n\t\t\t<div class=\"elementor-widget-wrap elementor-element-populated\">\n\t\t\t\t\t\t\t\t<div class=\"elementor-element elementor-element-143f7cf elementor-widget elementor-widget-heading\" data-id=\"143f7cf\" data-element_type=\"widget\" data-widget_type=\"heading.default\">\n\t\t\t\t<div class=\"elementor-widget-container\">\n\t\t\t<style>\/*! elementor - v3.6.7 - 03-07-2022 *\/\n.elementor-heading-title{padding:0;margin:0;line-height:1}.elementor-widget-heading .elementor-heading-title[class*=elementor-size-]>a{color:inherit;font-size:inherit;line-height:inherit}.elementor-widget-heading .elementor-heading-title.elementor-size-small{font-size:15px}.elementor-widget-heading .elementor-heading-title.elementor-size-medium{font-size:19px}.elementor-widget-heading .elementor-heading-title.elementor-size-large{font-size:29px}.elementor-widget-heading .elementor-heading-title.elementor-size-xl{font-size:39px}.elementor-widget-heading .elementor-heading-title.elementor-size-xxl{font-size:59px}<\/style><h3 class=\"elementor-heading-title elementor-size-default\">Becas PPU<\/h3>\t\t<\/div>\n\t\t\t\t<\/div>\n\t\t\t\t<div class=\"elementor-element elementor-element-5723190 elementor-widget elementor-widget-text-editor\" data-id=\"5723190\" data-element_type=\"widget\" data-widget_type=\"text-editor.default\">\n\t\t\t\t<div class=\"elementor-widget-container\">\n\t\t\t<style>\/*! elementor - v3.6.7 - 03-07-2022 *\/\n.elementor-widget-text-editor.elementor-drop-cap-view-stacked .elementor-drop-cap{background-color:#818a91;color:#fff}.elementor-widget-text-editor.elementor-drop-cap-view-framed .elementor-drop-cap{color:#818a91;border:3px solid;background-color:transparent}.elementor-widget-text-editor:not(.elementor-drop-cap-view-default) .elementor-drop-cap{margin-top:8px}.elementor-widget-text-editor:not(.elementor-drop-cap-view-default) .elementor-drop-cap-letter{width:1em;height:1em}.elementor-widget-text-editor .elementor-drop-cap{float:left;text-align:center;line-height:1;font-size:50px}.elementor-widget-text-editor .elementor-drop-cap-letter{display:inline-block}<\/style>\t\t\t\t<p>Las Becas de Capacitaci\u00f3n Pre- Profesional Universitaria se encuentran reglamentadas por la <strong>Ordenanza del Consejo Superior N\u00ba 0125\/10<\/strong>.<\/p><p>Se entiende como Capacitaci\u00f3n Pre-Profesional Universitaria a la participaci\u00f3n de estudiantes en programas especiales de las Secretar\u00edas y otras dependencias del Rectorado y de las Unidades Acad\u00e9micas de la Universidad Nacional del Comahue, mediante la realizaci\u00f3n de actividades formativas, no obligatorias, complementarias con la formaci\u00f3n acad\u00e9mica.<\/p><p>Los objetivos generales de la Capacitaci\u00f3n Pre-Profesional Universitaria son:<\/p><ul><li>Brindar experiencia pr\u00e1ctica complementaria en la formaci\u00f3n acad\u00e9mica recibida.<\/li><li>Favorecer el conocimiento de los\/as estudiantes sobre los mecanismos de funcionamiento y procedimientos internos de la Universidad.<\/li><li>Enriquecer el futuro accionar profesional mediante capacitaci\u00f3n metodol\u00f3gica y t\u00e9cnica.<\/li><li>Formar al estudiante en aspectos que le ser\u00e1n de utilidad en su posterior desempe\u00f1o laboral.<\/li><li>Ofrecer la posibilidad de actualizaci\u00f3n tecnol\u00f3gica.<\/li><\/ul><p><strong>Aspectos generales de las Becas PPU<\/strong><\/p><p>Para participar de la Capacitaci\u00f3n Pre-Profesional Universitaria, los\/as estudiantes deber\u00e1n ser mayores de 18 a\u00f1os y mantener, durante su duraci\u00f3n, el car\u00e1cter de alumno\/a activo\/a de la Universidad Nacional del Comahue.<\/p><p>Los\/as estudiantes que participen de una actividad de Capacitaci\u00f3n Pre-Profesional Universitaria recibir\u00e1n una suma de dinero en car\u00e1cter no remunerativo en calidad de beca est\u00edmulo, proporcional a la dedicaci\u00f3n horaria a la actividad.<\/p><p>Para la realizaci\u00f3n de una actividad de Capacitaci\u00f3n Pre-Profesional Universitaria el\/la estudiante participante y la dependencia organizadora deber\u00e1n firmar un Acuerdo de Capacitaci\u00f3n PreProfesional Universitaria.<\/p><p>Cada BECA-PPU tendr\u00e1 una duraci\u00f3n m\u00ednima de UN (1) mes y m\u00e1xima de DOCE (12) meses, con posibilidad de renovaci\u00f3n por SEIS (6) meses adicionales. La actividad semanal no podr\u00e1 ser mayor de veinte horas y estar\u00e1 distribuida de tal manera que no afecte el normal desempe\u00f1o acad\u00e9mico de el\/la estudiante.<\/p><p><strong>Reglamentaci\u00f3n regulatoria: Ordenanza del Consejo Superior N\u00ba 125\/10<\/strong><\/p>\t\t\t\t\t\t<\/div>\n\t\t\t\t<\/div>\n\t\t\t\t\t<\/div>\n\t\t<\/div>\n\t\t\t\t\t\t\t<\/div>\n\t\t<\/section>\n\t\t\t\t<section class=\"elementor-section elementor-top-section elementor-element elementor-element-e7e44e5 elementor-section-boxed elementor-section-height-default elementor-section-height-default\" data-id=\"e7e44e5\" data-element_type=\"section\">\n\t\t\t\t\t\t<div class=\"elementor-container elementor-column-gap-default\">\n\t\t\t\t\t<div class=\"elementor-column elementor-col-33 elementor-top-column elementor-element elementor-element-9f9829f\" data-id=\"9f9829f\" data-element_type=\"column\" data-settings=\"{&quot;background_background&quot;:&quot;classic&quot;}\">\n\t\t\t<div class=\"elementor-widget-wrap elementor-element-populated\">\n\t\t\t\t\t\t\t\t<section class=\"elementor-section elementor-inner-section elementor-element elementor-element-c217037 elementor-section-boxed elementor-section-height-default elementor-section-height-default\" data-id=\"c217037\" data-element_type=\"section\" id=\"secc-link1\">\n\t\t\t\t\t\t<div class=\"elementor-container elementor-column-gap-default\">\n\t\t\t\t\t<div class=\"elementor-column elementor-col-50 elementor-inner-column elementor-element elementor-element-226fb0f\" data-id=\"226fb0f\" data-element_type=\"column\">\n\t\t\t<div class=\"elementor-widget-wrap elementor-element-populated\">\n\t\t\t\t\t\t\t\t<div class=\"elementor-element elementor-element-ef3e761 elementor-view-default elementor-widget elementor-widget-icon\" data-id=\"ef3e761\" data-element_type=\"widget\" data-widget_type=\"icon.default\">\n\t\t\t\t<div class=\"elementor-widget-container\">\n\t\t\t\t\t<div class=\"elementor-icon-wrapper\">\n\t\t\t<div class=\"elementor-icon\">\n\t\t\t<i aria-hidden=\"true\" class=\"far fa-file-pdf\"><\/i>\t\t\t<\/div>\n\t\t<\/div>\n\t\t\t\t<\/div>\n\t\t\t\t<\/div>\n\t\t\t\t\t<\/div>\n\t\t<\/div>\n\t\t\t\t<div class=\"elementor-column elementor-col-50 elementor-inner-column elementor-element elementor-element-49c1330\" data-id=\"49c1330\" data-element_type=\"column\">\n\t\t\t<div class=\"elementor-widget-wrap elementor-element-populated\">\n\t\t\t\t\t\t\t\t<div class=\"elementor-element elementor-element-8ca8085 elementor-widget elementor-widget-heading\" data-id=\"8ca8085\" data-element_type=\"widget\" data-widget_type=\"heading.default\">\n\t\t\t\t<div class=\"elementor-widget-container\">\n\t\t\t<h6 class=\"elementor-heading-title elementor-size-default\">Ordenanza N\u00ba 0125\/2010<\/h6>\t\t<\/div>\n\t\t\t\t<\/div>\n\t\t\t\t\t<\/div>\n\t\t<\/div>\n\t\t\t\t\t\t\t<\/div>\n\t\t<\/section>\n\t\t\t\t\t<\/div>\n\t\t<\/div>\n\t\t\t\t<div class=\"elementor-column elementor-col-33 elementor-top-column elementor-element elementor-element-4edd271\" data-id=\"4edd271\" data-element_type=\"column\">\n\t\t\t<div class=\"elementor-widget-wrap elementor-element-populated\">\n\t\t\t\t\t\t\t\t<section class=\"elementor-section elementor-inner-section elementor-element elementor-element-a57310c elementor-section-boxed elementor-section-height-default elementor-section-height-default\" data-id=\"a57310c\" data-element_type=\"section\">\n\t\t\t\t\t\t<div class=\"elementor-container elementor-column-gap-default\">\n\t\t\t\t\t<div class=\"elementor-column elementor-col-50 elementor-inner-column elementor-element elementor-element-2b2d098\" data-id=\"2b2d098\" data-element_type=\"column\">\n\t\t\t<div class=\"elementor-widget-wrap\">\n\t\t\t\t\t\t\t\t\t<\/div>\n\t\t<\/div>\n\t\t\t\t<div class=\"elementor-column elementor-col-50 elementor-inner-column elementor-element elementor-element-b62170c\" data-id=\"b62170c\" data-element_type=\"column\">\n\t\t\t<div class=\"elementor-widget-wrap\">\n\t\t\t\t\t\t\t\t\t<\/div>\n\t\t<\/div>\n\t\t\t\t\t\t\t<\/div>\n\t\t<\/section>\n\t\t\t\t\t<\/div>\n\t\t<\/div>\n\t\t\t\t<div class=\"elementor-column elementor-col-33 elementor-top-column elementor-element elementor-element-77ffaa7\" data-id=\"77ffaa7\" data-element_type=\"column\">\n\t\t\t<div class=\"elementor-widget-wrap elementor-element-populated\">\n\t\t\t\t\t\t\t\t<section class=\"elementor-section elementor-inner-section elementor-element elementor-element-c182c89 elementor-section-boxed elementor-section-height-default elementor-section-height-default\" data-id=\"c182c89\" data-element_type=\"section\">\n\t\t\t\t\t\t<div class=\"elementor-container elementor-column-gap-default\">\n\t\t\t\t\t<div class=\"elementor-column elementor-col-50 elementor-inner-column elementor-element elementor-element-b297800\" data-id=\"b297800\" data-element_type=\"column\">\n\t\t\t<div class=\"elementor-widget-wrap\">\n\t\t\t\t\t\t\t\t\t<\/div>\n\t\t<\/div>\n\t\t\t\t<div class=\"elementor-column elementor-col-50 elementor-inner-column elementor-element elementor-element-4f78627\" data-id=\"4f78627\" data-element_type=\"column\">\n\t\t\t<div class=\"elementor-widget-wrap\">\n\t\t\t\t\t\t\t\t\t<\/div>\n\t\t<\/div>\n\t\t\t\t\t\t\t<\/div>\n\t\t<\/section>\n\t\t\t\t\t<\/div>\n\t\t<\/div>\n\t\t\t\t\t\t\t<\/div>\n\t\t<\/section>\n\t\t\t\t<section class=\"elementor-section elementor-top-section elementor-element elementor-element-1e29c3c elementor-section-boxed elementor-section-height-default elementor-section-height-default\" data-id=\"1e29c3c\" data-element_type=\"section\">\n\t\t\t\t\t\t\t<div class=\"elementor-background-overlay\"><\/div>\n\t\t\t\t\t\t\t<div class=\"elementor-container elementor-column-gap-default\">\n\t\t\t\t\t<div class=\"elementor-column elementor-col-100 elementor-top-column elementor-element elementor-element-b370cc0\" data-id=\"b370cc0\" data-element_type=\"column\" data-settings=\"{&quot;background_background&quot;:&quot;classic&quot;}\">\n\t\t\t<div class=\"elementor-widget-wrap elementor-element-populated\">\n\t\t\t\t\t\t\t\t<div class=\"elementor-element elementor-element-044c635 elementor-widget elementor-widget-heading\" data-id=\"044c635\" data-element_type=\"widget\" data-widget_type=\"heading.default\">\n\t\t\t\t<div class=\"elementor-widget-container\">\n\t\t\t<h4 class=\"elementor-heading-title elementor-size-default\">Becas PPU Recientes<\/h4>\t\t<\/div>\n\t\t\t\t<\/div>\n\t\t\t\t<div class=\"elementor-element elementor-element-9440c04 elementor-grid-4 elementor-grid-tablet-2 elementor-grid-mobile-1 elementor-posts--thumbnail-top elementor-card-shadow-yes elementor-posts__hover-gradient elementor-widget elementor-widget-posts\" data-id=\"9440c04\" data-element_type=\"widget\" data-settings=\"{&quot;cards_columns&quot;:&quot;4&quot;,&quot;cards_columns_tablet&quot;:&quot;2&quot;,&quot;cards_columns_mobile&quot;:&quot;1&quot;,&quot;cards_row_gap&quot;:{&quot;unit&quot;:&quot;px&quot;,&quot;size&quot;:35,&quot;sizes&quot;:[]},&quot;cards_row_gap_laptop&quot;:{&quot;unit&quot;:&quot;px&quot;,&quot;size&quot;:&quot;&quot;,&quot;sizes&quot;:[]},&quot;cards_row_gap_tablet&quot;:{&quot;unit&quot;:&quot;px&quot;,&quot;size&quot;:&quot;&quot;,&quot;sizes&quot;:[]},&quot;cards_row_gap_mobile&quot;:{&quot;unit&quot;:&quot;px&quot;,&quot;size&quot;:&quot;&quot;,&quot;sizes&quot;:[]}}\" data-widget_type=\"posts.cards\">\n\t\t\t\t<div class=\"elementor-widget-container\">\n\t\t\t<link rel=\"stylesheet\" href=\"https:\/\/www.fi.uncoma.edu.ar\/wp-content\/plugins\/elementor-pro\/assets\/css\/widget-posts.min.css\">\t\t<div class=\"elementor-posts-container elementor-posts elementor-posts--skin-cards elementor-grid\">\n\t\t\t\t<article class=\"elementor-post elementor-grid-item post-31121 post type-post status-publish format-standard has-post-thumbnail hentry category-becas-ppu category-novedades\">\n\t\t\t<div class=\"elementor-post__card\">\n\t\t\t\t<a class=\"elementor-post__thumbnail__link\" href=\"https:\/\/www.fi.uncoma.edu.ar\/index.php\/novedades\/llamado-a-inscripcion-para-cubrir-1-una-beca-ppu-2\/\" ><div class=\"elementor-post__thumbnail\"><img width=\"300\" height=\"300\" src=\"https:\/\/www.fi.uncoma.edu.ar\/wp-content\/uploads\/2021\/02\/Internship-rafiki-300x300.png\" class=\"attachment-medium size-medium\" alt=\"\" loading=\"lazy\" srcset=\"https:\/\/www.fi.uncoma.edu.ar\/wp-content\/uploads\/2021\/02\/Internship-rafiki-300x300.png 300w, https:\/\/www.fi.uncoma.edu.ar\/wp-content\/uploads\/2021\/02\/Internship-rafiki-1024x1024.png 1024w, https:\/\/www.fi.uncoma.edu.ar\/wp-content\/uploads\/2021\/02\/Internship-rafiki-150x150.png 150w, https:\/\/www.fi.uncoma.edu.ar\/wp-content\/uploads\/2021\/02\/Internship-rafiki-768x768.png 768w, https:\/\/www.fi.uncoma.edu.ar\/wp-content\/uploads\/2021\/02\/Internship-rafiki-1536x1536.png 1536w, https:\/\/www.fi.uncoma.edu.ar\/wp-content\/uploads\/2021\/02\/Internship-rafiki.png 2000w\" sizes=\"(max-width: 300px) 100vw, 300px\" \/><\/div><\/a>\n\t\t\t\t<div class=\"elementor-post__text\">\n\t\t\t\t<h3 class=\"elementor-post__title\">\n\t\t\t<a href=\"https:\/\/www.fi.uncoma.edu.ar\/index.php\/novedades\/llamado-a-inscripcion-para-cubrir-1-una-beca-ppu-2\/\" >\n\t\t\t\tLlamado a inscripci\u00f3n para cubrir\u00a0 1 (una)\u00a0 Beca PPU\t\t\t<\/a>\n\t\t<\/h3>\n\t\t\t\t<div class=\"elementor-post__excerpt\">\n\t\t\t<p>Requisitos Ser estudiante regular o activo(*) de la Licenciatura en Ciencias de la Computaci\u00f3n o<\/p>\n\t\t<\/div>\n\t\t\t\t<\/div>\n\t\t\t\t<div class=\"elementor-post__meta-data\">\n\t\t\t\t\t<span class=\"elementor-post-date\">\n\t\t\tmayo 6, 2026\t\t<\/span>\n\t\t\t\t<\/div>\n\t\t\t\t\t<\/div>\n\t\t<\/article>\n\t\t\t\t<article class=\"elementor-post elementor-grid-item post-30517 post type-post status-publish format-standard has-post-thumbnail hentry category-becas-ppu category-novedades\">\n\t\t\t<div class=\"elementor-post__card\">\n\t\t\t\t<a class=\"elementor-post__thumbnail__link\" href=\"https:\/\/www.fi.uncoma.edu.ar\/index.php\/novedades\/secretaria-de-bienestar-universitaria\/\" ><div class=\"elementor-post__thumbnail\"><img width=\"300\" height=\"300\" src=\"https:\/\/www.fi.uncoma.edu.ar\/wp-content\/uploads\/2021\/02\/Internship-rafiki-300x300.png\" class=\"attachment-medium size-medium\" alt=\"\" loading=\"lazy\" srcset=\"https:\/\/www.fi.uncoma.edu.ar\/wp-content\/uploads\/2021\/02\/Internship-rafiki-300x300.png 300w, https:\/\/www.fi.uncoma.edu.ar\/wp-content\/uploads\/2021\/02\/Internship-rafiki-1024x1024.png 1024w, https:\/\/www.fi.uncoma.edu.ar\/wp-content\/uploads\/2021\/02\/Internship-rafiki-150x150.png 150w, https:\/\/www.fi.uncoma.edu.ar\/wp-content\/uploads\/2021\/02\/Internship-rafiki-768x768.png 768w, https:\/\/www.fi.uncoma.edu.ar\/wp-content\/uploads\/2021\/02\/Internship-rafiki-1536x1536.png 1536w, https:\/\/www.fi.uncoma.edu.ar\/wp-content\/uploads\/2021\/02\/Internship-rafiki.png 2000w\" sizes=\"(max-width: 300px) 100vw, 300px\" \/><\/div><\/a>\n\t\t\t\t<div class=\"elementor-post__text\">\n\t\t\t\t<h3 class=\"elementor-post__title\">\n\t\t\t<a href=\"https:\/\/www.fi.uncoma.edu.ar\/index.php\/novedades\/secretaria-de-bienestar-universitaria\/\" >\n\t\t\t\tSecretar\u00eda de Bienestar Universitaria\t\t\t<\/a>\n\t\t<\/h3>\n\t\t\t\t<div class=\"elementor-post__excerpt\">\n\t\t\t<p>Llamado a inscripci\u00f3n para cubrir Beca PPU La convocatoria es realizada por la Secretar\u00eda de<\/p>\n\t\t<\/div>\n\t\t\t\t<\/div>\n\t\t\t\t<div class=\"elementor-post__meta-data\">\n\t\t\t\t\t<span class=\"elementor-post-date\">\n\t\t\tfebrero 25, 2026\t\t<\/span>\n\t\t\t\t<\/div>\n\t\t\t\t\t<\/div>\n\t\t<\/article>\n\t\t\t\t<article class=\"elementor-post elementor-grid-item post-28555 post type-post status-publish format-standard has-post-thumbnail hentry category-becas-ppu category-novedades\">\n\t\t\t<div class=\"elementor-post__card\">\n\t\t\t\t<a class=\"elementor-post__thumbnail__link\" href=\"https:\/\/www.fi.uncoma.edu.ar\/index.php\/novedades\/llamado-a-inscripcion-para-cubrir-4-cuatro-becas-ppu\/\" ><div class=\"elementor-post__thumbnail\"><img width=\"300\" height=\"300\" src=\"https:\/\/www.fi.uncoma.edu.ar\/wp-content\/uploads\/2021\/02\/Internship-rafiki-300x300.png\" class=\"attachment-medium size-medium\" alt=\"\" loading=\"lazy\" srcset=\"https:\/\/www.fi.uncoma.edu.ar\/wp-content\/uploads\/2021\/02\/Internship-rafiki-300x300.png 300w, https:\/\/www.fi.uncoma.edu.ar\/wp-content\/uploads\/2021\/02\/Internship-rafiki-1024x1024.png 1024w, https:\/\/www.fi.uncoma.edu.ar\/wp-content\/uploads\/2021\/02\/Internship-rafiki-150x150.png 150w, https:\/\/www.fi.uncoma.edu.ar\/wp-content\/uploads\/2021\/02\/Internship-rafiki-768x768.png 768w, https:\/\/www.fi.uncoma.edu.ar\/wp-content\/uploads\/2021\/02\/Internship-rafiki-1536x1536.png 1536w, https:\/\/www.fi.uncoma.edu.ar\/wp-content\/uploads\/2021\/02\/Internship-rafiki.png 2000w\" sizes=\"(max-width: 300px) 100vw, 300px\" \/><\/div><\/a>\n\t\t\t\t<div class=\"elementor-post__text\">\n\t\t\t\t<h3 class=\"elementor-post__title\">\n\t\t\t<a href=\"https:\/\/www.fi.uncoma.edu.ar\/index.php\/novedades\/llamado-a-inscripcion-para-cubrir-4-cuatro-becas-ppu\/\" >\n\t\t\t\tLlamado a inscripci\u00f3n para cubrir 4 (cuatro) Becas PPU\t\t\t<\/a>\n\t\t<\/h3>\n\t\t\t\t<div class=\"elementor-post__excerpt\">\n\t\t\t<p>La Secretar\u00eda de Extensi\u00f3n de la FAI convoca a interesados en realizar&nbsp; tareas de vinculaci\u00f3n<\/p>\n\t\t<\/div>\n\t\t\t\t<\/div>\n\t\t\t\t<div class=\"elementor-post__meta-data\">\n\t\t\t\t\t<span class=\"elementor-post-date\">\n\t\t\tjulio 4, 2025\t\t<\/span>\n\t\t\t\t<\/div>\n\t\t\t\t\t<\/div>\n\t\t<\/article>\n\t\t\t\t<article class=\"elementor-post elementor-grid-item post-25987 post type-post status-publish format-standard has-post-thumbnail hentry category-becas-ppu category-novedades\">\n\t\t\t<div class=\"elementor-post__card\">\n\t\t\t\t<a class=\"elementor-post__thumbnail__link\" href=\"https:\/\/www.fi.uncoma.edu.ar\/index.php\/novedades\/beca-ppu-para-secretaria-academica-rectorado-consejo-superior\/\" ><div class=\"elementor-post__thumbnail\"><img width=\"300\" height=\"300\" src=\"https:\/\/www.fi.uncoma.edu.ar\/wp-content\/uploads\/2021\/02\/Internship-rafiki-300x300.png\" class=\"attachment-medium size-medium\" alt=\"\" loading=\"lazy\" srcset=\"https:\/\/www.fi.uncoma.edu.ar\/wp-content\/uploads\/2021\/02\/Internship-rafiki-300x300.png 300w, https:\/\/www.fi.uncoma.edu.ar\/wp-content\/uploads\/2021\/02\/Internship-rafiki-1024x1024.png 1024w, https:\/\/www.fi.uncoma.edu.ar\/wp-content\/uploads\/2021\/02\/Internship-rafiki-150x150.png 150w, https:\/\/www.fi.uncoma.edu.ar\/wp-content\/uploads\/2021\/02\/Internship-rafiki-768x768.png 768w, https:\/\/www.fi.uncoma.edu.ar\/wp-content\/uploads\/2021\/02\/Internship-rafiki-1536x1536.png 1536w, https:\/\/www.fi.uncoma.edu.ar\/wp-content\/uploads\/2021\/02\/Internship-rafiki.png 2000w\" sizes=\"(max-width: 300px) 100vw, 300px\" \/><\/div><\/a>\n\t\t\t\t<div class=\"elementor-post__text\">\n\t\t\t\t<h3 class=\"elementor-post__title\">\n\t\t\t<a href=\"https:\/\/www.fi.uncoma.edu.ar\/index.php\/novedades\/beca-ppu-para-secretaria-academica-rectorado-consejo-superior\/\" >\n\t\t\t\tBeca PPU para Secretar\u00eda Acad\u00e9mica &#8211; Rectorado-Consejo Superior\t\t\t<\/a>\n\t\t<\/h3>\n\t\t\t\t<div class=\"elementor-post__excerpt\">\n\t\t\t<p>Llamado a inscripci\u00f3n para cubrir 1 Beca PPU &nbsp;La convocatoria es realizada por la Secretar\u00eda<\/p>\n\t\t<\/div>\n\t\t\t\t<\/div>\n\t\t\t\t<div class=\"elementor-post__meta-data\">\n\t\t\t\t\t<span class=\"elementor-post-date\">\n\t\t\tseptiembre 25, 2024\t\t<\/span>\n\t\t\t\t<\/div>\n\t\t\t\t\t<\/div>\n\t\t<\/article>\n\t\t\t\t<\/div>\n\n\n\t\t\n\t\t\t\t<\/div>\n\t\t\t\t<\/div>\n\t\t\t\t<div class=\"elementor-element elementor-element-b1e9b04 elementor-align-center elementor-widget elementor-widget-button\" data-id=\"b1e9b04\" data-element_type=\"widget\" data-widget_type=\"button.default\">\n\t\t\t\t<div class=\"elementor-widget-container\">\n\t\t\t\t\t<div class=\"elementor-button-wrapper\">\n\t\t\t<a href=\"https:\/\/www.fi.uncoma.edu.ar\/index.php\/becas-ppu-todas\/\" class=\"elementor-button-link elementor-button elementor-size-sm\" role=\"button\">\n\t\t\t\t\t\t<span class=\"elementor-button-content-wrapper\">\n\t\t\t\t\t\t<span class=\"elementor-button-text\">Ver Todos<\/span>\n\t\t<\/span>\n\t\t\t\t\t<\/a>\n\t\t<\/div>\n\t\t\t\t<\/div>\n\t\t\t\t<\/div>\n\t\t\t\t<div class=\"elementor-element elementor-element-1fb7447 elementor-widget elementor-widget-spacer\" data-id=\"1fb7447\" data-element_type=\"widget\" data-widget_type=\"spacer.default\">\n\t\t\t\t<div class=\"elementor-widget-container\">\n\t\t\t<style>\/*! elementor - v3.6.7 - 03-07-2022 *\/\n.e-container.e-container--row .elementor-spacer-inner{width:var(--spacer-size)}.e-container.e-container--column .elementor-spacer-inner,.elementor-column .elementor-spacer-inner{height:var(--spacer-size)}<\/style>\t\t<div class=\"elementor-spacer\">\n\t\t\t<div class=\"elementor-spacer-inner\"><\/div>\n\t\t<\/div>\n\t\t\t\t<\/div>\n\t\t\t\t<\/div>\n\t\t\t\t\t<\/div>\n\t\t<\/div>\n\t\t\t\t\t\t\t<\/div>\n\t\t<\/section>\n\t\t\t\t<section class=\"elementor-section elementor-top-section elementor-element elementor-element-94558e3 elementor-section-boxed elementor-section-height-default elementor-section-height-default\" data-id=\"94558e3\" data-element_type=\"section\">\n\t\t\t\t\t\t<div class=\"elementor-container elementor-column-gap-default\">\n\t\t\t\t\t<div class=\"elementor-column elementor-col-100 elementor-top-column elementor-element elementor-element-b7b1e95\" data-id=\"b7b1e95\" data-element_type=\"column\">\n\t\t\t<div class=\"elementor-widget-wrap elementor-element-populated\">\n\t\t\t\t\t\t\t\t<div class=\"elementor-element elementor-element-0668ad2 elementor-widget elementor-widget-html\" data-id=\"0668ad2\" data-element_type=\"widget\" data-widget_type=\"html.default\">\n\t\t\t\t<div class=\"elementor-widget-container\">\n\t\t\t<!-- pdf1 -->\r\n<script> \r\ndocument.getElementById(\"secc-link1\").onclick = function() {myFunction1()}; \r\n    function myFunction1() { window.open(\"\/wp-content\/uploads\/2022\/06\/ord_0125_2010_23-BecasPPU.pdf\", \"_blank\");\r\n} \r\n<\/script>\t\t<\/div>\n\t\t\t\t<\/div>\n\t\t\t\t\t<\/div>\n\t\t<\/div>\n\t\t\t\t\t\t\t<\/div>\n\t\t<\/section>\n\t\t\t\t\t\t\t<\/div>\n\t\t","protected":false},"excerpt":{"rendered":"<p>Becas PPU Las Becas de Capacitaci\u00f3n Pre- Profesional Universitaria se encuentran reglamentadas por la Ordenanza del Consejo Superior N\u00ba 0125\/10. Se entiende como Capacitaci\u00f3n Pre-Profesional Universitaria a la participaci\u00f3n de estudiantes en programas especiales de las Secretar\u00edas y otras dependencias del Rectorado y de las Unidades Acad\u00e9micas de la Universidad Nacional del Comahue, mediante la &hellip;<\/p>\n<p class=\"read-more\"> <a class=\"\" href=\"https:\/\/www.fi.uncoma.edu.ar\/index.php\/novedades\/beca-ppu-para-secretaria-academica-rectorado-consejo-superior\/\"> <span class=\"screen-reader-text\">Beca PPU para Secretar\u00eda Acad\u00e9mica &#8211; Rectorado-Consejo Superior<\/span> Leer m\u00e1s &raquo;<\/a><\/p>\n","protected":false},"author":1,"featured_media":0,"parent":0,"menu_order":0,"comment_status":"closed","ping_status":"closed","template":"","meta":{"site-sidebar-layout":"no-sidebar","site-content-layout":"plain-container","ast-global-header-display":"","ast-main-header-display":"","ast-hfb-above-header-display":"","ast-hfb-below-header-display":"","ast-hfb-mobile-header-display":"","site-post-title":"disabled","ast-breadcrumbs-content":"","ast-featured-img":"disabled","footer-sml-layout":"","theme-transparent-header-meta":"","adv-header-id-meta":"","stick-header-meta":"","header-above-stick-meta":"","header-main-stick-meta":"","header-below-stick-meta":""},"uagb_featured_image_src":{"full":false,"thumbnail":false,"medium":false,"medium_large":false,"large":false,"1536x1536":false,"2048x2048":false},"uagb_author_info":{"display_name":"ufai","author_link":"https:\/\/www.fi.uncoma.edu.ar\/index.php\/author\/ufai\/"},"uagb_comment_info":0,"uagb_excerpt":"Becas PPU Las Becas de Capacitaci\u00f3n Pre- Profesional Universitaria se encuentran reglamentadas por la Ordenanza del Consejo Superior N\u00ba 0125\/10. Se entiende como Capacitaci\u00f3n Pre-Profesional Universitaria a la participaci\u00f3n de estudiantes en programas especiales de las Secretar\u00edas y otras dependencias del Rectorado y de las Unidades Acad\u00e9micas de la Universidad Nacional del Comahue, mediante la&hellip;","_links":{"self":[{"href":"https:\/\/www.fi.uncoma.edu.ar\/index.php\/wp-json\/wp\/v2\/pages\/15498"}],"collection":[{"href":"https:\/\/www.fi.uncoma.edu.ar\/index.php\/wp-json\/wp\/v2\/pages"}],"about":[{"href":"https:\/\/www.fi.uncoma.edu.ar\/index.php\/wp-json\/wp\/v2\/types\/page"}],"author":[{"embeddable":true,"href":"https:\/\/www.fi.uncoma.edu.ar\/index.php\/wp-json\/wp\/v2\/users\/1"}],"replies":[{"embeddable":true,"href":"https:\/\/www.fi.uncoma.edu.ar\/index.php\/wp-json\/wp\/v2\/comments?post=15498"}],"version-history":[{"count":25,"href":"https:\/\/www.fi.uncoma.edu.ar\/index.php\/wp-json\/wp\/v2\/pages\/15498\/revisions"}],"predecessor-version":[{"id":15827,"href":"https:\/\/www.fi.uncoma.edu.ar\/index.php\/wp-json\/wp\/v2\/pages\/15498\/revisions\/15827"}],"wp:attachment":[{"href":"https:\/\/www.fi.uncoma.edu.ar\/index.php\/wp-json\/wp\/v2\/media?parent=15498"}],"curies":[{"name":"wp","href":"https:\/\/api.w.org\/{rel}","templated":true}]}}