{"id":2336,"date":"2021-12-11T21:07:54","date_gmt":"2021-12-11T21:07:54","guid":{"rendered":"http:\/\/w2.fi.uncoma.edu.ar\/?page_id=2336"},"modified":"2022-06-16T18:56:14","modified_gmt":"2022-06-16T21:56:14","slug":"tutorias-de-pares","status":"publish","type":"page","link":"https:\/\/www.fi.uncoma.edu.ar\/index.php\/tutorias-de-pares\/","title":{"rendered":"Tutor\u00edas de Pares"},"content":{"rendered":"\t\t<div data-elementor-type=\"wp-page\" data-elementor-id=\"2336\" class=\"elementor elementor-2336\">\n\t\t\t\t\t\t\t\t\t<section class=\"elementor-section elementor-top-section elementor-element elementor-element-2ff1404 elementor-section-boxed elementor-section-height-default elementor-section-height-default\" data-id=\"2ff1404\" data-element_type=\"section\">\n\t\t\t\t\t\t<div class=\"elementor-container elementor-column-gap-default\">\n\t\t\t\t\t<div class=\"elementor-column elementor-col-100 elementor-top-column elementor-element elementor-element-95e1e74\" data-id=\"95e1e74\" data-element_type=\"column\">\n\t\t\t<div class=\"elementor-widget-wrap elementor-element-populated\">\n\t\t\t\t\t\t\t\t<div class=\"elementor-element elementor-element-8ec1eca elementor-widget elementor-widget-heading\" data-id=\"8ec1eca\" data-element_type=\"widget\" data-widget_type=\"heading.default\">\n\t\t\t\t<div class=\"elementor-widget-container\">\n\t\t\t<style>\/*! elementor - v3.6.7 - 03-07-2022 *\/\n.elementor-heading-title{padding:0;margin:0;line-height:1}.elementor-widget-heading .elementor-heading-title[class*=elementor-size-]>a{color:inherit;font-size:inherit;line-height:inherit}.elementor-widget-heading .elementor-heading-title.elementor-size-small{font-size:15px}.elementor-widget-heading .elementor-heading-title.elementor-size-medium{font-size:19px}.elementor-widget-heading .elementor-heading-title.elementor-size-large{font-size:29px}.elementor-widget-heading .elementor-heading-title.elementor-size-xl{font-size:39px}.elementor-widget-heading .elementor-heading-title.elementor-size-xxl{font-size:59px}<\/style><h2 class=\"elementor-heading-title elementor-size-xxl\">\u00bfQu\u00e9 son las Tutor\u00edas de Pares?<\/h2>\t\t<\/div>\n\t\t\t\t<\/div>\n\t\t\t\t\t<\/div>\n\t\t<\/div>\n\t\t\t\t\t\t\t<\/div>\n\t\t<\/section>\n\t\t\t\t<section class=\"elementor-section elementor-top-section elementor-element elementor-element-b42f207 elementor-section-boxed elementor-section-height-default elementor-section-height-default\" data-id=\"b42f207\" data-element_type=\"section\">\n\t\t\t\t\t\t<div class=\"elementor-container elementor-column-gap-default\">\n\t\t\t\t\t<div class=\"elementor-column elementor-col-100 elementor-top-column elementor-element elementor-element-24f79ca\" data-id=\"24f79ca\" data-element_type=\"column\">\n\t\t\t<div class=\"elementor-widget-wrap elementor-element-populated\">\n\t\t\t\t\t\t\t\t<div class=\"elementor-element elementor-element-3235f49 elementor-widget elementor-widget-text-editor\" data-id=\"3235f49\" data-element_type=\"widget\" data-widget_type=\"text-editor.default\">\n\t\t\t\t<div class=\"elementor-widget-container\">\n\t\t\t<style>\/*! elementor - v3.6.7 - 03-07-2022 *\/\n.elementor-widget-text-editor.elementor-drop-cap-view-stacked .elementor-drop-cap{background-color:#818a91;color:#fff}.elementor-widget-text-editor.elementor-drop-cap-view-framed .elementor-drop-cap{color:#818a91;border:3px solid;background-color:transparent}.elementor-widget-text-editor:not(.elementor-drop-cap-view-default) .elementor-drop-cap{margin-top:8px}.elementor-widget-text-editor:not(.elementor-drop-cap-view-default) .elementor-drop-cap-letter{width:1em;height:1em}.elementor-widget-text-editor .elementor-drop-cap{float:left;text-align:center;line-height:1;font-size:50px}.elementor-widget-text-editor .elementor-drop-cap-letter{display:inline-block}<\/style>\t\t\t\t<p>El objetivo de las tutor\u00edas es <strong>acompa\u00f1ar al estudiante ingresante en el proceso de inserci\u00f3n en el \u00e1mbito universitario<\/strong>, mediante la orientaci\u00f3n y el apoyo sistem\u00e1tico.<\/p>\n<h4>\u00bfQui\u00e9nes son los tutores pares?<\/h4>\n<p style=\"text-align: left;\">Los <strong>tutores pares<\/strong> son estudiantes avanzados de las carreras de la Facultad que trasmiten sus experiencias y acompa\u00f1an a los estudiantes del primer a\u00f1o.<\/p>\n<h4>\u00bfQu\u00e9 objetivos tienen?<\/h4>\n<ul>\n<li>Orientar y ayudar a los alumnos en temas relacionados con la vida universitaria (ingreso, materias, cursados, ex\u00e1menes, planes de estudio, tr\u00e1mites, reglamentaciones, becas, etc).<\/li>\n<li>Recabar inquietudes o dudas, reconocer las problem\u00e1ticas propias de nuestros alumnos y as\u00ed poder, desde la FAI, abordar esas problem\u00e1ticas.<\/li>\n<li>Ser un nexo alternativo de comunicaci\u00f3n entre los alumnos y la FaI (docentes, secretarios, etc).<\/li>\n<li>Trabajar en equipo en conjunto con docentes de las c\u00e1tedras y la secretar\u00eda Acad\u00e9mica.<\/li>\n<\/ul>\n<h4>Actividades organizadas por los tutores<\/h4>\n<p style=\"text-align: left;\">Son actividades a las que est\u00e1n invitados todos los alumnos de la FAI, especialmente los que se encuentran cursando el primer a\u00f1o:<\/p>\n<ul>\n<li>Encuentros por la plataforma Meet.<\/li>\n<li>Encuentros con profesionales (egresados de nuestra universidad) para conocer sobre sus experiencias como estudiantes y en qu\u00e9 \u00e1mbito laboral se pueden desarrollar una vez recibidos.<\/li>\n<\/ul>\n<h4>Contacto y m\u00e1s informaci\u00f3n:<\/h4>\n<ul>\n<li><a href=\"https:\/\/linktr.ee\/tutoresfaiunco\" target=\"_blank\" rel=\"noopener\">Linktree de Tutores FAI UNCO<\/a>&nbsp;con enlaces a grupos de Whatsapp y mucha m\u00e1s informaci\u00f3n de inter\u00e9s&nbsp;<\/li>\n<li><a style=\"font-style: inherit; font-weight: inherit; font-family: var( --e-global-typography-text-font-family ), Sans-serif;\" href=\"https:\/\/www.instagram.com\/tutoresfaiunco\/\" target=\"_blank\" rel=\"noopener\">Instagram Tutores FAI UNCO<\/a><\/li>\n<li><a href=\"https:\/\/discord.com\/invite\/8fsmEPDDUV\">Discord Tutores FAI UNCO<\/a><\/li>\n<\/ul>\n<div>&nbsp;<\/div>\t\t\t\t\t\t<\/div>\n\t\t\t\t<\/div>\n\t\t\t\t\t<\/div>\n\t\t<\/div>\n\t\t\t\t\t\t\t<\/div>\n\t\t<\/section>\n\t\t\t\t\t\t\t<\/div>\n\t\t","protected":false},"excerpt":{"rendered":"<p>\u00bfQu\u00e9 son las Tutor\u00edas de Pares? El objetivo de las tutor\u00edas es acompa\u00f1ar al estudiante ingresante en el proceso de inserci\u00f3n en el \u00e1mbito universitario, mediante la orientaci\u00f3n y el apoyo sistem\u00e1tico. \u00bfQui\u00e9nes son los tutores pares? Los tutores pares son estudiantes avanzados de las carreras de la Facultad que trasmiten sus experiencias y acompa\u00f1an &hellip;<\/p>\n<p class=\"read-more\"> <a class=\"\" href=\"https:\/\/www.fi.uncoma.edu.ar\/index.php\/tutorias-de-pares\/\"> <span class=\"screen-reader-text\">Tutor\u00edas de Pares<\/span> Leer m\u00e1s &raquo;<\/a><\/p>\n","protected":false},"author":1,"featured_media":0,"parent":0,"menu_order":0,"comment_status":"closed","ping_status":"closed","template":"elementor_header_footer","meta":{"site-sidebar-layout":"no-sidebar","site-content-layout":"page-builder","ast-global-header-display":"","ast-main-header-display":"","ast-hfb-above-header-display":"","ast-hfb-below-header-display":"","ast-hfb-mobile-header-display":"","site-post-title":"disabled","ast-breadcrumbs-content":"","ast-featured-img":"disabled","footer-sml-layout":"","theme-transparent-header-meta":"","adv-header-id-meta":"","stick-header-meta":"","header-above-stick-meta":"","header-main-stick-meta":"","header-below-stick-meta":""},"uagb_featured_image_src":{"full":false,"thumbnail":false,"medium":false,"medium_large":false,"large":false,"1536x1536":false,"2048x2048":false},"uagb_author_info":{"display_name":"ufai","author_link":"https:\/\/www.fi.uncoma.edu.ar\/index.php\/author\/ufai\/"},"uagb_comment_info":0,"uagb_excerpt":"\u00bfQu\u00e9 son las Tutor\u00edas de Pares? El objetivo de las tutor\u00edas es acompa\u00f1ar al estudiante ingresante en el proceso de inserci\u00f3n en el \u00e1mbito universitario, mediante la orientaci\u00f3n y el apoyo sistem\u00e1tico. \u00bfQui\u00e9nes son los tutores pares? Los tutores pares son estudiantes avanzados de las carreras de la Facultad que trasmiten sus experiencias y acompa\u00f1an&hellip;","_links":{"self":[{"href":"https:\/\/www.fi.uncoma.edu.ar\/index.php\/wp-json\/wp\/v2\/pages\/2336"}],"collection":[{"href":"https:\/\/www.fi.uncoma.edu.ar\/index.php\/wp-json\/wp\/v2\/pages"}],"about":[{"href":"https:\/\/www.fi.uncoma.edu.ar\/index.php\/wp-json\/wp\/v2\/types\/page"}],"author":[{"embeddable":true,"href":"https:\/\/www.fi.uncoma.edu.ar\/index.php\/wp-json\/wp\/v2\/users\/1"}],"replies":[{"embeddable":true,"href":"https:\/\/www.fi.uncoma.edu.ar\/index.php\/wp-json\/wp\/v2\/comments?post=2336"}],"version-history":[{"count":19,"href":"https:\/\/www.fi.uncoma.edu.ar\/index.php\/wp-json\/wp\/v2\/pages\/2336\/revisions"}],"predecessor-version":[{"id":16323,"href":"https:\/\/www.fi.uncoma.edu.ar\/index.php\/wp-json\/wp\/v2\/pages\/2336\/revisions\/16323"}],"wp:attachment":[{"href":"https:\/\/www.fi.uncoma.edu.ar\/index.php\/wp-json\/wp\/v2\/media?parent=2336"}],"curies":[{"name":"wp","href":"https:\/\/api.w.org\/{rel}","templated":true}]}}