{"id":24729,"date":"2024-05-28T09:40:18","date_gmt":"2024-05-28T12:40:18","guid":{"rendered":"https:\/\/www.fi.uncoma.edu.ar\/?page_id=24729"},"modified":"2025-02-27T14:12:51","modified_gmt":"2025-02-27T17:12:51","slug":"vida-universitaria","status":"publish","type":"page","link":"https:\/\/www.fi.uncoma.edu.ar\/index.php\/vida-universitaria\/","title":{"rendered":"Vida Universitaria"},"content":{"rendered":"\t\t<div data-elementor-type=\"wp-page\" data-elementor-id=\"24729\" class=\"elementor elementor-24729\">\n\t\t\t\t\t\t\t\t\t<section class=\"elementor-section elementor-top-section elementor-element elementor-element-b4fc62e elementor-section-boxed elementor-section-height-default elementor-section-height-default\" data-id=\"b4fc62e\" data-element_type=\"section\">\n\t\t\t\t\t\t<div class=\"elementor-container elementor-column-gap-default\">\n\t\t\t\t\t<div class=\"elementor-column elementor-col-100 elementor-top-column elementor-element elementor-element-a26a43b\" data-id=\"a26a43b\" data-element_type=\"column\">\n\t\t\t<div class=\"elementor-widget-wrap elementor-element-populated\">\n\t\t\t\t\t\t\t\t<div class=\"elementor-element elementor-element-f0b367c elementor-widget elementor-widget-heading\" data-id=\"f0b367c\" data-element_type=\"widget\" data-widget_type=\"heading.default\">\n\t\t\t\t<div class=\"elementor-widget-container\">\n\t\t\t<style>\/*! elementor - v3.6.7 - 03-07-2022 *\/\n.elementor-heading-title{padding:0;margin:0;line-height:1}.elementor-widget-heading .elementor-heading-title[class*=elementor-size-]>a{color:inherit;font-size:inherit;line-height:inherit}.elementor-widget-heading .elementor-heading-title.elementor-size-small{font-size:15px}.elementor-widget-heading .elementor-heading-title.elementor-size-medium{font-size:19px}.elementor-widget-heading .elementor-heading-title.elementor-size-large{font-size:29px}.elementor-widget-heading .elementor-heading-title.elementor-size-xl{font-size:39px}.elementor-widget-heading .elementor-heading-title.elementor-size-xxl{font-size:59px}<\/style><h2 class=\"elementor-heading-title elementor-size-default\">Vida Universitaria<\/h2>\t\t<\/div>\n\t\t\t\t<\/div>\n\t\t\t\t\t<\/div>\n\t\t<\/div>\n\t\t\t\t\t\t\t<\/div>\n\t\t<\/section>\n\t\t\t\t<section class=\"elementor-section elementor-top-section elementor-element elementor-element-f9b2ef6 elementor-section-boxed elementor-section-height-default elementor-section-height-default\" data-id=\"f9b2ef6\" data-element_type=\"section\">\n\t\t\t\t\t\t<div class=\"elementor-container elementor-column-gap-default\">\n\t\t\t\t\t<div class=\"elementor-column elementor-col-100 elementor-top-column elementor-element elementor-element-2d3bd03\" data-id=\"2d3bd03\" data-element_type=\"column\">\n\t\t\t<div class=\"elementor-widget-wrap elementor-element-populated\">\n\t\t\t\t\t\t\t\t<div class=\"elementor-element elementor-element-4c39f53 elementor-widget elementor-widget-text-editor\" data-id=\"4c39f53\" data-element_type=\"widget\" data-widget_type=\"text-editor.default\">\n\t\t\t\t<div class=\"elementor-widget-container\">\n\t\t\t<style>\/*! elementor - v3.6.7 - 03-07-2022 *\/\n.elementor-widget-text-editor.elementor-drop-cap-view-stacked .elementor-drop-cap{background-color:#818a91;color:#fff}.elementor-widget-text-editor.elementor-drop-cap-view-framed .elementor-drop-cap{color:#818a91;border:3px solid;background-color:transparent}.elementor-widget-text-editor:not(.elementor-drop-cap-view-default) .elementor-drop-cap{margin-top:8px}.elementor-widget-text-editor:not(.elementor-drop-cap-view-default) .elementor-drop-cap-letter{width:1em;height:1em}.elementor-widget-text-editor .elementor-drop-cap{float:left;text-align:center;line-height:1;font-size:50px}.elementor-widget-text-editor .elementor-drop-cap-letter{display:inline-block}<\/style>\t\t\t\t<p>Encuentros de ingreso a la vida universitaria. En la #FAI, nos gusta recibir a cada ingresante con una gran bienvenida. Por ello nos organizamos para que desde el inicio el transcurrir en la Facultad sea un espacio de estar y sentirse bien.<\/p>\n<p>En \u00e9ste 2025:&nbsp;<\/p>\n<ul>\n<li>14\/02- En los talleres de vida universitaria, nos presentamos y realizamos actividades de socializaci\u00f3n, integraci\u00f3n, colaboraci\u00f3n e inmersivas en la vida estudiantil. Adem\u00e1s, se realiza un importante recorrido por el campus universitario, respondiendo dudas y consultas.<\/li>\n<li>21\/02- Conocimos las actividades de extensi\u00f3n con el objetivo de acercar los nuevos estudiantes a los proyectos de extensi\u00f3n que actualmente se desarrollan, invit\u00e1ndolos a participar y a conocer las diversas formas en que la Facultad contribuye a la sociedad a trav\u00e9s de la transferencia de conocimiento y tecnolog\u00eda.&nbsp;<\/li>\n<li>28\/02- Desde el equipo Psicosocial de la Direcci\u00f3n de Becas, dependiente de la Secretar\u00eda de Bienestar Universitario, acercamos talleres destinado a fortalecer las distintas trayectorias acad\u00e9micas de nuestros estudiantes. Dichos talleres proponen tanto optimizar las herramientas institucionales desarrolladas dentro de la Universidad como favorecer el desarrollo de estrategias y habilidades para la vida que contribuyan al bienestar de quienes emprenden su proyecto de vida en nuestra casa de altos estudios.<\/li>\n<li>07\/03- En el Gimnasio Beto Montero se presentar\u00e1n las distintas actividades recreativas y deportivas posibles de realizar en el campus de la universidad. Adem\u00e1s, se realizar\u00e1 formalmente la invitaci\u00f3n a participar en los diferentes torneos que se realizar\u00e1n durante \u00e9ste a\u00f1o.<\/li>\n<\/ul>\t\t\t\t\t\t<\/div>\n\t\t\t\t<\/div>\n\t\t\t\t\t<\/div>\n\t\t<\/div>\n\t\t\t\t\t\t\t<\/div>\n\t\t<\/section>\n\t\t\t\t\t\t\t<\/div>\n\t\t","protected":false},"excerpt":{"rendered":"<p>Vida Universitaria Encuentros de ingreso a la vida universitaria. En la #FAI, nos gusta recibir a cada ingresante con una gran bienvenida. Por ello nos organizamos para que desde el inicio el transcurrir en la Facultad sea un espacio de estar y sentirse bien. En \u00e9ste 2025:&nbsp; 14\/02- En los talleres de vida universitaria, nos &hellip;<\/p>\n<p class=\"read-more\"> <a class=\"\" href=\"https:\/\/www.fi.uncoma.edu.ar\/index.php\/vida-universitaria\/\"> <span class=\"screen-reader-text\">Vida Universitaria<\/span> Leer m\u00e1s &raquo;<\/a><\/p>\n","protected":false},"author":10,"featured_media":0,"parent":0,"menu_order":0,"comment_status":"closed","ping_status":"closed","template":"","meta":{"site-sidebar-layout":"no-sidebar","site-content-layout":"page-builder","ast-global-header-display":"","ast-main-header-display":"","ast-hfb-above-header-display":"","ast-hfb-below-header-display":"","ast-hfb-mobile-header-display":"","site-post-title":"disabled","ast-breadcrumbs-content":"","ast-featured-img":"disabled","footer-sml-layout":"","theme-transparent-header-meta":"","adv-header-id-meta":"","stick-header-meta":"","header-above-stick-meta":"","header-main-stick-meta":"","header-below-stick-meta":""},"uagb_featured_image_src":{"full":false,"thumbnail":false,"medium":false,"medium_large":false,"large":false,"1536x1536":false,"2048x2048":false},"uagb_author_info":{"display_name":"Nahuel Mamani","author_link":"https:\/\/www.fi.uncoma.edu.ar\/index.php\/author\/nahuel-mamani\/"},"uagb_comment_info":0,"uagb_excerpt":"Vida Universitaria Encuentros de ingreso a la vida universitaria. En la #FAI, nos gusta recibir a cada ingresante con una gran bienvenida. Por ello nos organizamos para que desde el inicio el transcurrir en la Facultad sea un espacio de estar y sentirse bien. En \u00e9ste 2025:&nbsp; 14\/02- En los talleres de vida universitaria, nos&hellip;","_links":{"self":[{"href":"https:\/\/www.fi.uncoma.edu.ar\/index.php\/wp-json\/wp\/v2\/pages\/24729"}],"collection":[{"href":"https:\/\/www.fi.uncoma.edu.ar\/index.php\/wp-json\/wp\/v2\/pages"}],"about":[{"href":"https:\/\/www.fi.uncoma.edu.ar\/index.php\/wp-json\/wp\/v2\/types\/page"}],"author":[{"embeddable":true,"href":"https:\/\/www.fi.uncoma.edu.ar\/index.php\/wp-json\/wp\/v2\/users\/10"}],"replies":[{"embeddable":true,"href":"https:\/\/www.fi.uncoma.edu.ar\/index.php\/wp-json\/wp\/v2\/comments?post=24729"}],"version-history":[{"count":8,"href":"https:\/\/www.fi.uncoma.edu.ar\/index.php\/wp-json\/wp\/v2\/pages\/24729\/revisions"}],"predecessor-version":[{"id":27480,"href":"https:\/\/www.fi.uncoma.edu.ar\/index.php\/wp-json\/wp\/v2\/pages\/24729\/revisions\/27480"}],"wp:attachment":[{"href":"https:\/\/www.fi.uncoma.edu.ar\/index.php\/wp-json\/wp\/v2\/media?parent=24729"}],"curies":[{"name":"wp","href":"https:\/\/api.w.org\/{rel}","templated":true}]}}