{"id":24735,"date":"2024-05-28T09:43:16","date_gmt":"2024-05-28T12:43:16","guid":{"rendered":"https:\/\/www.fi.uncoma.edu.ar\/?page_id=24735"},"modified":"2025-02-27T14:41:05","modified_gmt":"2025-02-27T17:41:05","slug":"becas","status":"publish","type":"page","link":"https:\/\/www.fi.uncoma.edu.ar\/index.php\/becas\/","title":{"rendered":"Becas"},"content":{"rendered":"\t\t<div data-elementor-type=\"wp-page\" data-elementor-id=\"24735\" class=\"elementor elementor-24735\">\n\t\t\t\t\t\t\t\t\t<section class=\"elementor-section elementor-top-section elementor-element elementor-element-47a069a elementor-section-boxed elementor-section-height-default elementor-section-height-default\" data-id=\"47a069a\" data-element_type=\"section\">\n\t\t\t\t\t\t<div class=\"elementor-container elementor-column-gap-default\">\n\t\t\t\t\t<div class=\"elementor-column elementor-col-100 elementor-top-column elementor-element elementor-element-7bf278d\" data-id=\"7bf278d\" data-element_type=\"column\">\n\t\t\t<div class=\"elementor-widget-wrap elementor-element-populated\">\n\t\t\t\t\t\t\t\t<div class=\"elementor-element elementor-element-8714657 elementor-widget elementor-widget-heading\" data-id=\"8714657\" data-element_type=\"widget\" data-widget_type=\"heading.default\">\n\t\t\t\t<div class=\"elementor-widget-container\">\n\t\t\t<style>\/*! elementor - v3.6.7 - 03-07-2022 *\/\n.elementor-heading-title{padding:0;margin:0;line-height:1}.elementor-widget-heading .elementor-heading-title[class*=elementor-size-]>a{color:inherit;font-size:inherit;line-height:inherit}.elementor-widget-heading .elementor-heading-title.elementor-size-small{font-size:15px}.elementor-widget-heading .elementor-heading-title.elementor-size-medium{font-size:19px}.elementor-widget-heading .elementor-heading-title.elementor-size-large{font-size:29px}.elementor-widget-heading .elementor-heading-title.elementor-size-xl{font-size:39px}.elementor-widget-heading .elementor-heading-title.elementor-size-xxl{font-size:59px}<\/style><h2 class=\"elementor-heading-title elementor-size-default\">Becas<\/h2>\t\t<\/div>\n\t\t\t\t<\/div>\n\t\t\t\t\t<\/div>\n\t\t<\/div>\n\t\t\t\t\t\t\t<\/div>\n\t\t<\/section>\n\t\t\t\t<section class=\"elementor-section elementor-top-section elementor-element elementor-element-0d86d23 elementor-section-boxed elementor-section-height-default elementor-section-height-default\" data-id=\"0d86d23\" data-element_type=\"section\">\n\t\t\t\t\t\t<div class=\"elementor-container elementor-column-gap-default\">\n\t\t\t\t\t<div class=\"elementor-column elementor-col-100 elementor-top-column elementor-element elementor-element-7b6c3e7\" data-id=\"7b6c3e7\" data-element_type=\"column\">\n\t\t\t<div class=\"elementor-widget-wrap elementor-element-populated\">\n\t\t\t\t\t\t\t\t<div class=\"elementor-element elementor-element-2ce6f6b elementor-widget elementor-widget-text-editor\" data-id=\"2ce6f6b\" data-element_type=\"widget\" data-widget_type=\"text-editor.default\">\n\t\t\t\t<div class=\"elementor-widget-container\">\n\t\t\t<style>\/*! elementor - v3.6.7 - 03-07-2022 *\/\n.elementor-widget-text-editor.elementor-drop-cap-view-stacked .elementor-drop-cap{background-color:#818a91;color:#fff}.elementor-widget-text-editor.elementor-drop-cap-view-framed .elementor-drop-cap{color:#818a91;border:3px solid;background-color:transparent}.elementor-widget-text-editor:not(.elementor-drop-cap-view-default) .elementor-drop-cap{margin-top:8px}.elementor-widget-text-editor:not(.elementor-drop-cap-view-default) .elementor-drop-cap-letter{width:1em;height:1em}.elementor-widget-text-editor .elementor-drop-cap{float:left;text-align:center;line-height:1;font-size:50px}.elementor-widget-text-editor .elementor-drop-cap-letter{display:inline-block}<\/style>\t\t\t\t<hr>\n<p>El Sistema de Becas de la Universidad Nacional del Comahue procura proporcionar igualdad de oportunidades para las y los estudiantes de la Universidad.<\/p>\n<p><strong>\u00bfQu\u00e9 tipo de Becas te ofrece la Universidad Nacional del Comahue?<\/strong><\/p>\n<ul>\n<li>La&nbsp;Beca de Ayuda Econ\u00f3mica&nbsp;que otorga la UNCo se trata de una ayuda econ\u00f3mica mensual durante el per\u00edodo de abril a marzo (12 meses).<\/li>\n<li>La&nbsp;Beca de Residencia&nbsp;que otorga la UNCo consiste en la asignaci\u00f3n de plazas en las residencias que posea la Universidad Nacional del Comahue. Est\u00e1 destinada a estudiantes cuya residencia familiar se encuentre a m\u00e1s de 20 km de distancia de la unidad acad\u00e9mica d\u00f3nde curse sus estudios.<\/li>\n<\/ul>\n<p>Son destinatarios y destinatarias: estudiantes que cursan sus estudios o que quieran comenzar una carrera de grado en la Universidad Nacional del Comahue en el a\u00f1o lectivo.<\/p>\n<pre>Video explicativo: <a href=\"https:\/\/www.youtubeeducation.com\/watch?v=GF4cmE--984\">https:\/\/www.youtubeeducation.com\/watch?v=GF4cmE--984<\/a>\n<p>M\u00e1s informaci\u00f3n sobre requisitos y lugares en:&nbsp; <a href=\"https:\/\/becas.uncoma.edu.ar\/\">https:\/\/becas.uncoma.edu.ar\/<\/a><\/p><\/pre>\n<p>Otras Becas Especiales:<\/p>\n<ul>\n<li>La beca de transporte para estudiantes con discapacidad motora consiste en una asignaci\u00f3n monetaria mensual durante un a\u00f1o destinada a solventar gastos de movilidad.<\/li>\n<li>La beca de Emergencia es una ayuda econ\u00f3mica moment\u00e1nea destinada a estudiantes que por situaciones coyunturales se encuentran en alto riesgo de abandono de sus estudios.<\/li>\n<\/ul>\n<p><strong>BECAS DE AYUDA para Estudiantes Universitarios NO dependientes de la Universidad Nacional del Comahue:<\/strong><\/p>\n<ul>\n<li>Becas Progresar: <a href=\"https:\/\/becasprogresar.educacion.gob.ar\">https:\/\/becasprogresar.educacion.gob.ar<\/a><\/li>\n<li>Becas Manuel Belgrano: <a href=\"https:\/\/www.argentina.gob.ar\/educacion\/becas\/becas-manuel-belgrano\">https:\/\/www.argentina.gob.ar\/educacion\/becas\/becas-manuel-belgrano<\/a><\/li>\n<li>Becas Gregorio \u00c1lvarez: <a href=\"https:\/\/www.neuquen.edu.ar\/tag\/becas-gregorio-alvarez\/\">https:\/\/www.neuquen.edu.ar\/tag\/becas-gregorio-alvarez\/<\/a><\/li>\n<li>Becas Cimiento: <a href=\"https:\/\/www.cimientos.org\/becas-universitarias\/\">https:\/\/www.cimientos.org\/becas-universitarias\/<\/a><\/li>\n<\/ul>\t\t\t\t\t\t<\/div>\n\t\t\t\t<\/div>\n\t\t\t\t\t<\/div>\n\t\t<\/div>\n\t\t\t\t\t\t\t<\/div>\n\t\t<\/section>\n\t\t\t\t\t\t\t<\/div>\n\t\t","protected":false},"excerpt":{"rendered":"<p>Becas El Sistema de Becas de la Universidad Nacional del Comahue procura proporcionar igualdad de oportunidades para las y los estudiantes de la Universidad. \u00bfQu\u00e9 tipo de Becas te ofrece la Universidad Nacional del Comahue? La&nbsp;Beca de Ayuda Econ\u00f3mica&nbsp;que otorga la UNCo se trata de una ayuda econ\u00f3mica mensual durante el per\u00edodo de abril a &hellip;<\/p>\n<p class=\"read-more\"> <a class=\"\" href=\"https:\/\/www.fi.uncoma.edu.ar\/index.php\/becas\/\"> <span class=\"screen-reader-text\">Becas<\/span> Leer m\u00e1s &raquo;<\/a><\/p>\n","protected":false},"author":10,"featured_media":0,"parent":0,"menu_order":0,"comment_status":"closed","ping_status":"closed","template":"","meta":{"site-sidebar-layout":"no-sidebar","site-content-layout":"page-builder","ast-global-header-display":"","ast-main-header-display":"","ast-hfb-above-header-display":"","ast-hfb-below-header-display":"","ast-hfb-mobile-header-display":"","site-post-title":"disabled","ast-breadcrumbs-content":"","ast-featured-img":"disabled","footer-sml-layout":"","theme-transparent-header-meta":"","adv-header-id-meta":"","stick-header-meta":"","header-above-stick-meta":"","header-main-stick-meta":"","header-below-stick-meta":""},"uagb_featured_image_src":{"full":false,"thumbnail":false,"medium":false,"medium_large":false,"large":false,"1536x1536":false,"2048x2048":false},"uagb_author_info":{"display_name":"Nahuel Mamani","author_link":"https:\/\/www.fi.uncoma.edu.ar\/index.php\/author\/nahuel-mamani\/"},"uagb_comment_info":0,"uagb_excerpt":"Becas El Sistema de Becas de la Universidad Nacional del Comahue procura proporcionar igualdad de oportunidades para las y los estudiantes de la Universidad. \u00bfQu\u00e9 tipo de Becas te ofrece la Universidad Nacional del Comahue? La&nbsp;Beca de Ayuda Econ\u00f3mica&nbsp;que otorga la UNCo se trata de una ayuda econ\u00f3mica mensual durante el per\u00edodo de abril a&hellip;","_links":{"self":[{"href":"https:\/\/www.fi.uncoma.edu.ar\/index.php\/wp-json\/wp\/v2\/pages\/24735"}],"collection":[{"href":"https:\/\/www.fi.uncoma.edu.ar\/index.php\/wp-json\/wp\/v2\/pages"}],"about":[{"href":"https:\/\/www.fi.uncoma.edu.ar\/index.php\/wp-json\/wp\/v2\/types\/page"}],"author":[{"embeddable":true,"href":"https:\/\/www.fi.uncoma.edu.ar\/index.php\/wp-json\/wp\/v2\/users\/10"}],"replies":[{"embeddable":true,"href":"https:\/\/www.fi.uncoma.edu.ar\/index.php\/wp-json\/wp\/v2\/comments?post=24735"}],"version-history":[{"count":10,"href":"https:\/\/www.fi.uncoma.edu.ar\/index.php\/wp-json\/wp\/v2\/pages\/24735\/revisions"}],"predecessor-version":[{"id":27489,"href":"https:\/\/www.fi.uncoma.edu.ar\/index.php\/wp-json\/wp\/v2\/pages\/24735\/revisions\/27489"}],"wp:attachment":[{"href":"https:\/\/www.fi.uncoma.edu.ar\/index.php\/wp-json\/wp\/v2\/media?parent=24735"}],"curies":[{"name":"wp","href":"https:\/\/api.w.org\/{rel}","templated":true}]}}