{"id":25839,"date":"2024-09-18T13:31:08","date_gmt":"2024-09-18T16:31:08","guid":{"rendered":"https:\/\/www.fi.uncoma.edu.ar\/?page_id=25839"},"modified":"2026-03-30T13:52:08","modified_gmt":"2026-03-30T16:52:08","slug":"equivalencias","status":"publish","type":"page","link":"https:\/\/www.fi.uncoma.edu.ar\/index.php\/equivalencias\/","title":{"rendered":"Equivalencias"},"content":{"rendered":"\t\t<div data-elementor-type=\"wp-page\" data-elementor-id=\"25839\" class=\"elementor elementor-25839\">\n\t\t\t\t\t\t\t\t\t<section class=\"elementor-section elementor-top-section elementor-element elementor-element-1911888 elementor-section-boxed elementor-section-height-default elementor-section-height-default\" data-id=\"1911888\" data-element_type=\"section\">\n\t\t\t\t\t\t<div class=\"elementor-container elementor-column-gap-default\">\n\t\t\t\t\t<div class=\"elementor-column elementor-col-100 elementor-top-column elementor-element elementor-element-cdffb25\" data-id=\"cdffb25\" data-element_type=\"column\">\n\t\t\t<div class=\"elementor-widget-wrap elementor-element-populated\">\n\t\t\t\t\t\t\t\t\t<\/div>\n\t\t<\/div>\n\t\t\t\t\t\t\t<\/div>\n\t\t<\/section>\n\t\t\t\t<section class=\"elementor-section elementor-top-section elementor-element elementor-element-91e6bba elementor-section-boxed elementor-section-height-default elementor-section-height-default\" data-id=\"91e6bba\" data-element_type=\"section\">\n\t\t\t\t\t\t<div class=\"elementor-container elementor-column-gap-default\">\n\t\t\t\t\t<div class=\"elementor-column elementor-col-100 elementor-top-column elementor-element elementor-element-d83b4f4\" data-id=\"d83b4f4\" data-element_type=\"column\">\n\t\t\t<div class=\"elementor-widget-wrap elementor-element-populated\">\n\t\t\t\t\t\t\t\t<div class=\"elementor-element elementor-element-461e6aa elementor-widget elementor-widget-text-editor\" data-id=\"461e6aa\" data-element_type=\"widget\" data-widget_type=\"text-editor.default\">\n\t\t\t\t<div class=\"elementor-widget-container\">\n\t\t\t<style>\/*! elementor - v3.6.7 - 03-07-2022 *\/\n.elementor-widget-text-editor.elementor-drop-cap-view-stacked .elementor-drop-cap{background-color:#818a91;color:#fff}.elementor-widget-text-editor.elementor-drop-cap-view-framed .elementor-drop-cap{color:#818a91;border:3px solid;background-color:transparent}.elementor-widget-text-editor:not(.elementor-drop-cap-view-default) .elementor-drop-cap{margin-top:8px}.elementor-widget-text-editor:not(.elementor-drop-cap-view-default) .elementor-drop-cap-letter{width:1em;height:1em}.elementor-widget-text-editor .elementor-drop-cap{float:left;text-align:center;line-height:1;font-size:50px}.elementor-widget-text-editor .elementor-drop-cap-letter{display:inline-block}<\/style>\t\t\t\t<h4>C\u00f3mo tramitar Equivalencias externas, a la Facultad de Inform\u00e1tica?.<\/h4>\t\t\t\t\t\t<\/div>\n\t\t\t\t<\/div>\n\t\t\t\t\t<\/div>\n\t\t<\/div>\n\t\t\t\t\t\t\t<\/div>\n\t\t<\/section>\n\t\t\t\t<section class=\"elementor-section elementor-top-section elementor-element elementor-element-767917f elementor-section-boxed elementor-section-height-default elementor-section-height-default\" data-id=\"767917f\" data-element_type=\"section\">\n\t\t\t\t\t\t<div class=\"elementor-container elementor-column-gap-default\">\n\t\t\t\t\t<div class=\"elementor-column elementor-col-100 elementor-top-column elementor-element elementor-element-61ba0ca\" data-id=\"61ba0ca\" data-element_type=\"column\">\n\t\t\t<div class=\"elementor-widget-wrap elementor-element-populated\">\n\t\t\t\t\t\t\t\t<div class=\"elementor-element elementor-element-5d8cbf5 elementor-widget elementor-widget-text-editor\" data-id=\"5d8cbf5\" data-element_type=\"widget\" data-widget_type=\"text-editor.default\">\n\t\t\t\t<div class=\"elementor-widget-container\">\n\t\t\t\t\t\t\t<p><strong>FECHAS PARA REALIZAR EL TR\u00c1MITE.<\/strong><\/p><p>Seg\u00fan lo establecido en el Calendario Acad\u00e9mico, las fechas para realizar el tr\u00e1mite en el a\u00f1o lectivo del 2026, son las siguientes:<\/p><p><strong>\u00a002\/03\/2026 al 31\/03\/2026<\/strong><\/p><p><strong>\u00a0R<\/strong><strong style=\"font-style: inherit; font-family: var( --e-global-typography-text-font-family ), Sans-serif; background-color: var(--ast-global-color-4); color: unset;\">EQUISITOS.<\/strong><\/p><p>&#8211; Ser alumno de la Facultad de Inform\u00e1tica.<\/p><p><strong>DOCUMENTACI\u00d3N DIGITAL PARA PRESENTAR, EMITIDA Y CERTIFICADA POR LA INSTITUCI\u00d3N DE ORIGEN.<\/strong><\/p><p>&#8211; Rendimiento Acad\u00e9mico.<\/p><p>&#8211; Sistema de calificaciones (fuera de UNCOMA).<\/p><p>&#8211; Plan de Estudios de la Carrera.<\/p><p>&#8211; Programa\/s de cada una de las materias aprobadas, que consider\u00e1s se te deben reconocer.<\/p><p>&#8211; La documentaci\u00f3n para solicitar la\/s Equivalencia\/s, <strong>debe estar sellada, foliada y debidamente certificada<\/strong>, por la autoridad correspondiente de la\u00a0 \u00a0 \u00a0 \u00a0 \u00a0Universidad, Instituto o Unidad Acad\u00e9mica de Origen.<\/p><p><strong>PROCEDIMIENTO.<\/strong><\/p><p>&#8211; La documentaci\u00f3n digital se debe enviar al correo: <strong>equivalencias@fi.uncoma.edu.ar<\/strong><\/p><p>&#8211; Se debe presentar de forma presencial, una nota formal solicitando la\/s Equivalencia\/s, en la oficina de Dpto. de Alumnos de la Facultad de\u00a0 \u00a0 \u00a0 \u00a0 \u00a0 \u00a0 \u00a0 \u00a0 \u00a0 \u00a0 \u00a0Inform\u00e1tica. Solicitar la nota para completar, al momento de realizar el tr\u00e1mite.<\/p>\t\t\t\t\t\t<\/div>\n\t\t\t\t<\/div>\n\t\t\t\t\t<\/div>\n\t\t<\/div>\n\t\t\t\t\t\t\t<\/div>\n\t\t<\/section>\n\t\t\t\t\t\t\t<\/div>\n\t\t","protected":false},"excerpt":{"rendered":"<p>C\u00f3mo tramitar Equivalencias externas, a la Facultad de Inform\u00e1tica?. FECHAS PARA REALIZAR EL TR\u00c1MITE. Seg\u00fan lo establecido en el Calendario Acad\u00e9mico, las fechas para realizar el tr\u00e1mite en el a\u00f1o lectivo del 2026, son las siguientes: \u00a002\/03\/2026 al 31\/03\/2026 \u00a0REQUISITOS. &#8211; Ser alumno de la Facultad de Inform\u00e1tica. DOCUMENTACI\u00d3N DIGITAL PARA PRESENTAR, EMITIDA Y CERTIFICADA &hellip;<\/p>\n<p class=\"read-more\"> <a class=\"\" href=\"https:\/\/www.fi.uncoma.edu.ar\/index.php\/equivalencias\/\"> <span class=\"screen-reader-text\">Equivalencias<\/span> Leer m\u00e1s &raquo;<\/a><\/p>\n","protected":false},"author":10,"featured_media":0,"parent":0,"menu_order":0,"comment_status":"closed","ping_status":"closed","template":"","meta":{"site-sidebar-layout":"no-sidebar","site-content-layout":"page-builder","ast-global-header-display":"","ast-main-header-display":"","ast-hfb-above-header-display":"","ast-hfb-below-header-display":"","ast-hfb-mobile-header-display":"","site-post-title":"disabled","ast-breadcrumbs-content":"","ast-featured-img":"disabled","footer-sml-layout":"","theme-transparent-header-meta":"","adv-header-id-meta":"","stick-header-meta":"","header-above-stick-meta":"","header-main-stick-meta":"","header-below-stick-meta":""},"uagb_featured_image_src":{"full":false,"thumbnail":false,"medium":false,"medium_large":false,"large":false,"1536x1536":false,"2048x2048":false},"uagb_author_info":{"display_name":"Nahuel Mamani","author_link":"https:\/\/www.fi.uncoma.edu.ar\/index.php\/author\/nahuel-mamani\/"},"uagb_comment_info":0,"uagb_excerpt":"C\u00f3mo tramitar Equivalencias externas, a la Facultad de Inform\u00e1tica?. FECHAS PARA REALIZAR EL TR\u00c1MITE. Seg\u00fan lo establecido en el Calendario Acad\u00e9mico, las fechas para realizar el tr\u00e1mite en el a\u00f1o lectivo del 2026, son las siguientes: \u00a002\/03\/2026 al 31\/03\/2026 \u00a0REQUISITOS. &#8211; Ser alumno de la Facultad de Inform\u00e1tica. DOCUMENTACI\u00d3N DIGITAL PARA PRESENTAR, EMITIDA Y CERTIFICADA&hellip;","_links":{"self":[{"href":"https:\/\/www.fi.uncoma.edu.ar\/index.php\/wp-json\/wp\/v2\/pages\/25839"}],"collection":[{"href":"https:\/\/www.fi.uncoma.edu.ar\/index.php\/wp-json\/wp\/v2\/pages"}],"about":[{"href":"https:\/\/www.fi.uncoma.edu.ar\/index.php\/wp-json\/wp\/v2\/types\/page"}],"author":[{"embeddable":true,"href":"https:\/\/www.fi.uncoma.edu.ar\/index.php\/wp-json\/wp\/v2\/users\/10"}],"replies":[{"embeddable":true,"href":"https:\/\/www.fi.uncoma.edu.ar\/index.php\/wp-json\/wp\/v2\/comments?post=25839"}],"version-history":[{"count":73,"href":"https:\/\/www.fi.uncoma.edu.ar\/index.php\/wp-json\/wp\/v2\/pages\/25839\/revisions"}],"predecessor-version":[{"id":30847,"href":"https:\/\/www.fi.uncoma.edu.ar\/index.php\/wp-json\/wp\/v2\/pages\/25839\/revisions\/30847"}],"wp:attachment":[{"href":"https:\/\/www.fi.uncoma.edu.ar\/index.php\/wp-json\/wp\/v2\/media?parent=25839"}],"curies":[{"name":"wp","href":"https:\/\/api.w.org\/{rel}","templated":true}]}}