{"id":26851,"date":"2024-12-02T13:22:07","date_gmt":"2024-12-02T16:22:07","guid":{"rendered":"https:\/\/www.fi.uncoma.edu.ar\/?page_id=26851"},"modified":"2025-03-06T11:37:15","modified_gmt":"2025-03-06T14:37:15","slug":"especializacion-ida","status":"publish","type":"page","link":"https:\/\/www.fi.uncoma.edu.ar\/index.php\/especializacion-ida\/","title":{"rendered":"Especializaci\u00f3n en Inteligencia de Datos Aplicada"},"content":{"rendered":"\t\t<div data-elementor-type=\"wp-page\" data-elementor-id=\"26851\" class=\"elementor elementor-26851\">\n\t\t\t\t\t\t\t\t\t<section class=\"elementor-section elementor-top-section elementor-element elementor-element-8c28509 elementor-section-boxed elementor-section-height-default elementor-section-height-default\" data-id=\"8c28509\" data-element_type=\"section\">\n\t\t\t\t\t\t<div class=\"elementor-container elementor-column-gap-default\">\n\t\t\t\t\t<div class=\"elementor-column elementor-col-100 elementor-top-column elementor-element elementor-element-16de1ce\" data-id=\"16de1ce\" data-element_type=\"column\">\n\t\t\t<div class=\"elementor-widget-wrap elementor-element-populated\">\n\t\t\t\t\t\t\t\t<div class=\"elementor-element elementor-element-0013633 elementor-widget elementor-widget-heading\" data-id=\"0013633\" data-element_type=\"widget\" data-widget_type=\"heading.default\">\n\t\t\t\t<div class=\"elementor-widget-container\">\n\t\t\t<style>\/*! elementor - v3.6.7 - 03-07-2022 *\/\n.elementor-heading-title{padding:0;margin:0;line-height:1}.elementor-widget-heading .elementor-heading-title[class*=elementor-size-]>a{color:inherit;font-size:inherit;line-height:inherit}.elementor-widget-heading .elementor-heading-title.elementor-size-small{font-size:15px}.elementor-widget-heading .elementor-heading-title.elementor-size-medium{font-size:19px}.elementor-widget-heading .elementor-heading-title.elementor-size-large{font-size:29px}.elementor-widget-heading .elementor-heading-title.elementor-size-xl{font-size:39px}.elementor-widget-heading .elementor-heading-title.elementor-size-xxl{font-size:59px}<\/style><h2 class=\"elementor-heading-title elementor-size-default\">Especializaci\u00f3n en Inteligencia de Datos Aplicada <\/h2>\t\t<\/div>\n\t\t\t\t<\/div>\n\t\t\t\t\t<\/div>\n\t\t<\/div>\n\t\t\t\t\t\t\t<\/div>\n\t\t<\/section>\n\t\t\t\t<section class=\"elementor-section elementor-top-section elementor-element elementor-element-e29af78 elementor-section-boxed elementor-section-height-default elementor-section-height-default\" data-id=\"e29af78\" data-element_type=\"section\">\n\t\t\t\t\t\t<div class=\"elementor-container elementor-column-gap-default\">\n\t\t\t\t\t<div class=\"elementor-column elementor-col-100 elementor-top-column elementor-element elementor-element-7bb1573\" data-id=\"7bb1573\" data-element_type=\"column\">\n\t\t\t<div class=\"elementor-widget-wrap elementor-element-populated\">\n\t\t\t\t\t\t\t\t<div class=\"elementor-element elementor-element-4d69f1a elementor-widget elementor-widget-text-editor\" data-id=\"4d69f1a\" data-element_type=\"widget\" data-widget_type=\"text-editor.default\">\n\t\t\t\t<div class=\"elementor-widget-container\">\n\t\t\t<style>\/*! elementor - v3.6.7 - 03-07-2022 *\/\n.elementor-widget-text-editor.elementor-drop-cap-view-stacked .elementor-drop-cap{background-color:#818a91;color:#fff}.elementor-widget-text-editor.elementor-drop-cap-view-framed .elementor-drop-cap{color:#818a91;border:3px solid;background-color:transparent}.elementor-widget-text-editor:not(.elementor-drop-cap-view-default) .elementor-drop-cap{margin-top:8px}.elementor-widget-text-editor:not(.elementor-drop-cap-view-default) .elementor-drop-cap-letter{width:1em;height:1em}.elementor-widget-text-editor .elementor-drop-cap{float:left;text-align:center;line-height:1;font-size:50px}.elementor-widget-text-editor .elementor-drop-cap-letter{display:inline-block}<\/style>\t\t\t\t<p><strong>Nombre de la carrera:<\/strong> Especializaci\u00f3n en Inteligencia de Datos Aplicada (<a href=\"http:\/\/www.fi.uncoma.edu.ar\/wp-content\/uploads\/2024\/12\/ordCS_269_2023_55_CreacioncarreraEspecializacion.pdf\" target=\"_blank\" rel=\"noopener\">Ordenanza CS UNCOMA N\u00b0 0269\/23<\/a>)<\/p><p><strong>T\u00edtulo:<\/strong> Especialista en Inteligencia de Datos Aplicada<\/p><p><strong>Modalidad de dictado:<\/strong> Presencial<\/p><p><strong>Reconocimiento Oficial: CONEAU Acta N\u00b0 619\/2024<\/strong><\/p><p style=\"text-align: left;\"><span style=\"font-weight: 400;\">La carrera \u201cEspecializaci\u00f3n en Inteligencia de Datos Aplicada\u201d aspira a ser un nexo entre el saber propio de cada disciplina y el uso de las tecnolog\u00edas IT relacionadas a la explotaci\u00f3n del dato, a fin de potenciar el desarrollo hacia empresas m\u00e1s competitivas y hacia profesionales m\u00e1s involucrados en ese proceso de desarrollo. El egresado del programa de Especializaci\u00f3n ser\u00e1 un profesional graduado en cualquier disciplina, pero capaz de realizar y\/o utilizar aplicaciones software con inteligencia de negocios que procesen grandes vol\u00famenes de datos, incluyendo Big Data (Datos Masivos), a fin de extraer y comunicar patrones y\/o relaciones relevantes para la toma de decisiones en sus \u00e1mbitos de competencia profesional.<\/span><\/p><p><span style=\"font-weight: 400;\">Al t\u00e9rmino del programa el egresado ser\u00e1 capaz de:<\/span><\/p><ul><li><span style=\"font-weight: 400;\">Dominar y aplicar correctamente las tecnolog\u00edas y metodolog\u00edas de transformaci\u00f3n del dato a conocimiento.<\/span><\/li><li style=\"font-weight: 400;\" aria-level=\"1\"><span style=\"font-weight: 400;\">Operar sobre grandes vol\u00famenes de datos identificando el tipo de tarea a realizar y aplicando las herramientas m\u00e1s adecuadas para construir o elegir e interpretar un modelo.<\/span><\/li><li style=\"font-weight: 400;\" aria-level=\"1\"><span style=\"font-weight: 400;\">Utilizar distintas t\u00e9cnicas de visualizaci\u00f3n, tanto en el an\u00e1lisis del dato de entrada como en la comunicaci\u00f3n efectiva de los resultados.<\/span><\/li><li style=\"font-weight: 400;\" aria-level=\"1\"><span style=\"font-weight: 400;\">Auto-aprender de forma continua y adaptarse a nuevos entornos.<\/span><\/li><\/ul><div><span id=\"docs-internal-guid-c58e6957-7fff-3bdb-9248-6187320d266e\">Los\/as destinatarios\/as de la Especializaci\u00f3n en Inteligencia de Datos Aplicada son los\/las graduados\/as de carreras universitarias dictadas en Universidades del pa\u00eds y del exterior, que otorguen t\u00edtulos reconocidos oficialmente de grado universitario de cuatro (4) a\u00f1os de duraci\u00f3n como m\u00ednimo.<\/span><\/div><div>\u00a0<\/div><div><strong>Arancel:<\/strong> El arancel para el a\u00f1o 2025 se estipula en una matr\u00edcula \u00fanica de $80.000 y 12 cuotas mensuales. El valor inicial de las cuotas es de $80.000 y se actualizar\u00e1 cada 3 meses seg\u00fan la variaci\u00f3n del IPC (\u00cdndice de Precios al Consumidor).<\/div><div>\u00a0<\/div><div><strong>D\u00edas y horarios de cursada<\/strong>: Viernes 18 a 21 hs y s\u00e1bados 9 a 12 hs\u00a0<\/div><div>\u00a0<\/div><div><strong>Inscripciones<\/strong>: hasta el 20 de marzo de 2025<\/div><div>\u00a0<\/div><div><div><b>Documentaci\u00f3n necesaria:\u00a0\u00a0<\/b><\/div><div><ul><li>Copia del DNI<\/li><li>Copia del t\u00edtulo de grado<\/li><li>Copia del certificado anal\u00edtico de la carrera de grado<\/li><li>CV actualizado<\/li><\/ul><\/div><\/div><div>\u00a0<\/div><div><p><strong>Informaci\u00f3n<\/strong>:<\/p><p>Por consultas comunicarse al tel\u00e9fono (+54) 299-4490300 int 644\/649 o v\u00eda mail a\u00a0<a href=\"mailto:posgradofai@fi.uncoma.edu.ar\">posgradofai@fi.uncoma.edu.ar<\/a><\/p><\/div><div>\u00a0<\/div><div><a href=\"https:\/\/www.youtube.com\/live\/y8Vfw2C1bgI\">Link<\/a>\u00a0a la charla de lanzamiento de la carrera en el canal de YouTube de la FAI, y al\u00a0<a href=\"http:\/\/www.fi.uncoma.edu.ar\/wp-content\/uploads\/2025\/03\/EIDA-Charla-presentacion-26-2-.pdf\" target=\"_blank\" rel=\"noopener\">documento de la presentaci\u00f3n <\/a>realizada por la Dra. Alejandra Cechich, en su conferencia\u00a0<em>\u00abCiencia de Datos y Transformaci\u00f3n Digital\u00bb<\/em><\/div><div><div>\u00a0<\/div><\/div>\t\t\t\t\t\t<\/div>\n\t\t\t\t<\/div>\n\t\t\t\t\t<\/div>\n\t\t<\/div>\n\t\t\t\t\t\t\t<\/div>\n\t\t<\/section>\n\t\t\t\t<section class=\"elementor-section elementor-top-section elementor-element elementor-element-eb099fa elementor-section-boxed elementor-section-height-default elementor-section-height-default\" data-id=\"eb099fa\" data-element_type=\"section\">\n\t\t\t\t\t\t<div class=\"elementor-container elementor-column-gap-default\">\n\t\t\t\t\t<div class=\"elementor-column elementor-col-25 elementor-top-column elementor-element elementor-element-e8be566\" data-id=\"e8be566\" data-element_type=\"column\">\n\t\t\t<div class=\"elementor-widget-wrap\">\n\t\t\t\t\t\t\t\t\t<\/div>\n\t\t<\/div>\n\t\t\t\t<div class=\"elementor-column elementor-col-25 elementor-top-column elementor-element elementor-element-ddd6f1b\" data-id=\"ddd6f1b\" data-element_type=\"column\">\n\t\t\t<div class=\"elementor-widget-wrap elementor-element-populated\">\n\t\t\t\t\t\t\t\t<div class=\"elementor-element elementor-element-bd64afd elementor-align-center elementor-widget elementor-widget-button\" data-id=\"bd64afd\" data-element_type=\"widget\" data-widget_type=\"button.default\">\n\t\t\t\t<div class=\"elementor-widget-container\">\n\t\t\t\t\t<div class=\"elementor-button-wrapper\">\n\t\t\t<a href=\"http:\/\/www.fi.uncoma.edu.ar\/wp-content\/uploads\/2024\/12\/PLAN-DE-ESTUDIOSeida.pdf\" target=\"_blank\" class=\"elementor-button-link elementor-button elementor-size-sm\" role=\"button\">\n\t\t\t\t\t\t<span class=\"elementor-button-content-wrapper\">\n\t\t\t\t\t\t<span class=\"elementor-button-text\">Ver Plan de Estudios<\/span>\n\t\t<\/span>\n\t\t\t\t\t<\/a>\n\t\t<\/div>\n\t\t\t\t<\/div>\n\t\t\t\t<\/div>\n\t\t\t\t\t<\/div>\n\t\t<\/div>\n\t\t\t\t<div class=\"elementor-column elementor-col-25 elementor-top-column elementor-element elementor-element-bc72e31\" data-id=\"bc72e31\" data-element_type=\"column\">\n\t\t\t<div class=\"elementor-widget-wrap elementor-element-populated\">\n\t\t\t\t\t\t\t\t<div class=\"elementor-element elementor-element-39763ae elementor-align-center elementor-widget elementor-widget-button\" data-id=\"39763ae\" data-element_type=\"widget\" data-widget_type=\"button.default\">\n\t\t\t\t<div class=\"elementor-widget-container\">\n\t\t\t\t\t<div class=\"elementor-button-wrapper\">\n\t\t\t<a href=\"http:\/\/www.fi.uncoma.edu.ar\/wp-content\/uploads\/2024\/12\/ESPECIALIZACION-EN-INTELIGENCIA-DE-DATOS-APLICADA.pdf\" target=\"_blank\" class=\"elementor-button-link elementor-button elementor-size-sm\" role=\"button\">\n\t\t\t\t\t\t<span class=\"elementor-button-content-wrapper\">\n\t\t\t\t\t\t<span class=\"elementor-button-text\">Ver flyer<\/span>\n\t\t<\/span>\n\t\t\t\t\t<\/a>\n\t\t<\/div>\n\t\t\t\t<\/div>\n\t\t\t\t<\/div>\n\t\t\t\t\t<\/div>\n\t\t<\/div>\n\t\t\t\t<div class=\"elementor-column elementor-col-25 elementor-top-column elementor-element elementor-element-ebc78d1\" data-id=\"ebc78d1\" data-element_type=\"column\">\n\t\t\t<div class=\"elementor-widget-wrap\">\n\t\t\t\t\t\t\t\t\t<\/div>\n\t\t<\/div>\n\t\t\t\t\t\t\t<\/div>\n\t\t<\/section>\n\t\t\t\t<section class=\"elementor-section elementor-top-section elementor-element elementor-element-804d4a3 elementor-section-boxed elementor-section-height-default elementor-section-height-default\" data-id=\"804d4a3\" data-element_type=\"section\">\n\t\t\t\t\t\t<div class=\"elementor-container elementor-column-gap-default\">\n\t\t\t\t\t<div class=\"elementor-column elementor-col-100 elementor-top-column elementor-element elementor-element-e454445\" data-id=\"e454445\" data-element_type=\"column\">\n\t\t\t<div class=\"elementor-widget-wrap\">\n\t\t\t\t\t\t\t\t\t<\/div>\n\t\t<\/div>\n\t\t\t\t\t\t\t<\/div>\n\t\t<\/section>\n\t\t\t\t<section class=\"elementor-section elementor-top-section elementor-element elementor-element-a2af64b elementor-section-boxed elementor-section-height-default elementor-section-height-default\" data-id=\"a2af64b\" data-element_type=\"section\">\n\t\t\t\t\t\t<div class=\"elementor-container elementor-column-gap-default\">\n\t\t\t\t\t<div class=\"elementor-column elementor-col-100 elementor-top-column elementor-element elementor-element-a4fac79\" data-id=\"a4fac79\" data-element_type=\"column\">\n\t\t\t<div class=\"elementor-widget-wrap elementor-element-populated\">\n\t\t\t\t\t\t\t\t<div class=\"elementor-element elementor-element-4b2a8e7 elementor-widget elementor-widget-text-editor\" data-id=\"4b2a8e7\" data-element_type=\"widget\" data-widget_type=\"text-editor.default\">\n\t\t\t\t<div class=\"elementor-widget-container\">\n\t\t\t\t\t\t\t<h4 style=\"text-align: center;\"><strong>Cronograma 2025\/2026<\/strong><\/h4><table style=\"height: 1517px;\" width=\"363\"><tbody><tr><td colspan=\"3\"><p><b>1er Semestre 2025<\/b><\/p><\/td><\/tr><tr><td><p><span style=\"font-weight: 400;\">Abril<\/span><\/p><\/td><td><p><span style=\"font-weight: 400;\">B1. Programaci\u00f3n<\/span><\/p><\/td><td><p><span style=\"font-weight: 400;\">Dra. Nadina Mart\u00ednez<\/span><\/p><\/td><\/tr><tr><td><p><span style=\"font-weight: 400;\">Mayo<\/span><\/p><\/td><td><p><span style=\"font-weight: 400;\">B2. Estad\u00edstica<\/span><\/p><\/td><td><p><span style=\"font-weight: 400;\">Dra. Gabriela Aranda<\/span><\/p><\/td><\/tr><tr><td><p><span style=\"font-weight: 400;\">Junio<\/span><\/p><\/td><td><p><span style=\"font-weight: 400;\">B3. Bases de Datos<\/span><\/p><\/td><td><p><span style=\"font-weight: 400;\">Dr. Andr\u00e9s Flores<\/span><\/p><\/td><\/tr><tr><td>\u00a0<\/td><td>\u00a0<\/td><td>\u00a0<\/td><\/tr><tr><td colspan=\"3\"><p><b>2do Semestre 2025<\/b><\/p><\/td><\/tr><tr><td><p><span style=\"font-weight: 400;\">Agosto<\/span><\/p><\/td><td><p><span style=\"font-weight: 400;\">01. Extracci\u00f3n, Preparaci\u00f3n y Almacenamiento de los Datos<\/span><\/p><\/td><td><p><span style=\"font-weight: 400;\">Dra. Agustina Buccella<\/span><\/p><\/td><\/tr><tr><td><p><span style=\"font-weight: 400;\">Septiembre<\/span><\/p><\/td><td><p><span style=\"font-weight: 400;\">02. Aprendizaje Autom\u00e1tico<\/span><\/p><\/td><td><p><span style=\"font-weight: 400;\">Dr. Germ\u00e1n Braun<\/span><\/p><\/td><\/tr><tr><td><p><span style=\"font-weight: 400;\">Octubre<\/span><\/p><\/td><td><p>04. Inteligencia de Negocios y<br \/>Competitividad<\/p><\/td><td><p><span style=\"font-weight: 400;\">Dra. Alejandra Cechich<\/span><\/p><\/td><\/tr><tr><td><p><span style=\"font-weight: 400;\">Noviembre<\/span><\/p><\/td><td><p>03. T\u00e9cnicas de Miner\u00eda de Datos<\/p><\/td><td><p>Dra. Laura Cecchi<\/p><\/td><\/tr><tr><td>\u00a0<\/td><td>\u00a0<\/td><td>\u00a0<\/td><\/tr><tr><td colspan=\"3\"><p><b>1er Semestre 2026<\/b><\/p><\/td><\/tr><tr><td><p><span style=\"font-weight: 400;\">Abril<\/span><\/p><\/td><td><p><span style=\"font-weight: 400;\">05. Tecnolog\u00edas para Big Data<\/span><\/p><\/td><td><p><span style=\"font-weight: 400;\">Dra. Agustina Buccella<\/span><\/p><\/td><\/tr><tr><td><p><span style=\"font-weight: 400;\">Mayo<\/span><\/p><\/td><td><p><span style=\"font-weight: 400;\">06. Visualizaci\u00f3n de la Informaci\u00f3n<\/span><\/p><\/td><td><p><span style=\"font-weight: 400;\">Mg. Lidia L\u00f3pez<\/span><\/p><\/td><\/tr><tr><td><p><span style=\"font-weight: 400;\">Junio<\/span><\/p><\/td><td><p><span style=\"font-weight: 400;\">Electiva<\/span><\/p><\/td><td>\u00a0<\/td><\/tr><tr><td><p><span style=\"font-weight: 400;\">Julio-Agosto-Septiembre<\/span><\/p><\/td><td><p><span style=\"font-weight: 400;\">Trabajo Final Integrador<\/span><\/p><\/td><td>\u00a0<\/td><\/tr><\/tbody><\/table>\t\t\t\t\t\t<\/div>\n\t\t\t\t<\/div>\n\t\t\t\t\t<\/div>\n\t\t<\/div>\n\t\t\t\t\t\t\t<\/div>\n\t\t<\/section>\n\t\t\t\t\t\t\t<\/div>\n\t\t","protected":false},"excerpt":{"rendered":"<p>Especializaci\u00f3n en Inteligencia de Datos Aplicada Nombre de la carrera: Especializaci\u00f3n en Inteligencia de Datos Aplicada (Ordenanza CS UNCOMA N\u00b0 0269\/23) T\u00edtulo: Especialista en Inteligencia de Datos Aplicada Modalidad de dictado: Presencial Reconocimiento Oficial: CONEAU Acta N\u00b0 619\/2024 La carrera \u201cEspecializaci\u00f3n en Inteligencia de Datos Aplicada\u201d aspira a ser un nexo entre el saber propio &hellip;<\/p>\n<p class=\"read-more\"> <a class=\"\" href=\"https:\/\/www.fi.uncoma.edu.ar\/index.php\/especializacion-ida\/\"> <span class=\"screen-reader-text\">Especializaci\u00f3n en Inteligencia de Datos Aplicada<\/span> Leer m\u00e1s &raquo;<\/a><\/p>\n","protected":false},"author":10,"featured_media":0,"parent":0,"menu_order":0,"comment_status":"closed","ping_status":"closed","template":"","meta":{"site-sidebar-layout":"no-sidebar","site-content-layout":"page-builder","ast-global-header-display":"","ast-main-header-display":"","ast-hfb-above-header-display":"","ast-hfb-below-header-display":"","ast-hfb-mobile-header-display":"","site-post-title":"disabled","ast-breadcrumbs-content":"","ast-featured-img":"disabled","footer-sml-layout":"","theme-transparent-header-meta":"","adv-header-id-meta":"","stick-header-meta":"","header-above-stick-meta":"","header-main-stick-meta":"","header-below-stick-meta":""},"uagb_featured_image_src":{"full":false,"thumbnail":false,"medium":false,"medium_large":false,"large":false,"1536x1536":false,"2048x2048":false},"uagb_author_info":{"display_name":"Nahuel Mamani","author_link":"https:\/\/www.fi.uncoma.edu.ar\/index.php\/author\/nahuel-mamani\/"},"uagb_comment_info":0,"uagb_excerpt":"Especializaci\u00f3n en Inteligencia de Datos Aplicada Nombre de la carrera: Especializaci\u00f3n en Inteligencia de Datos Aplicada (Ordenanza CS UNCOMA N\u00b0 0269\/23) T\u00edtulo: Especialista en Inteligencia de Datos Aplicada Modalidad de dictado: Presencial Reconocimiento Oficial: CONEAU Acta N\u00b0 619\/2024 La carrera \u201cEspecializaci\u00f3n en Inteligencia de Datos Aplicada\u201d aspira a ser un nexo entre el saber propio&hellip;","_links":{"self":[{"href":"https:\/\/www.fi.uncoma.edu.ar\/index.php\/wp-json\/wp\/v2\/pages\/26851"}],"collection":[{"href":"https:\/\/www.fi.uncoma.edu.ar\/index.php\/wp-json\/wp\/v2\/pages"}],"about":[{"href":"https:\/\/www.fi.uncoma.edu.ar\/index.php\/wp-json\/wp\/v2\/types\/page"}],"author":[{"embeddable":true,"href":"https:\/\/www.fi.uncoma.edu.ar\/index.php\/wp-json\/wp\/v2\/users\/10"}],"replies":[{"embeddable":true,"href":"https:\/\/www.fi.uncoma.edu.ar\/index.php\/wp-json\/wp\/v2\/comments?post=26851"}],"version-history":[{"count":100,"href":"https:\/\/www.fi.uncoma.edu.ar\/index.php\/wp-json\/wp\/v2\/pages\/26851\/revisions"}],"predecessor-version":[{"id":27583,"href":"https:\/\/www.fi.uncoma.edu.ar\/index.php\/wp-json\/wp\/v2\/pages\/26851\/revisions\/27583"}],"wp:attachment":[{"href":"https:\/\/www.fi.uncoma.edu.ar\/index.php\/wp-json\/wp\/v2\/media?parent=26851"}],"curies":[{"name":"wp","href":"https:\/\/api.w.org\/{rel}","templated":true}]}}