{"id":2711,"date":"2021-12-14T20:37:33","date_gmt":"2021-12-14T20:37:33","guid":{"rendered":"http:\/\/w2.fi.uncoma.edu.ar\/?p=2711"},"modified":"2025-03-27T15:14:39","modified_gmt":"2025-03-27T18:14:39","slug":"proyectos-vigentes","status":"publish","type":"page","link":"https:\/\/www.fi.uncoma.edu.ar\/index.php\/proyectos-vigentes\/","title":{"rendered":"Proyectos de Investigaci\u00f3n vigentes"},"content":{"rendered":"\t\t<div data-elementor-type=\"wp-page\" data-elementor-id=\"2711\" class=\"elementor elementor-2711\">\n\t\t\t\t\t\t\t\t\t<section class=\"elementor-section elementor-top-section elementor-element elementor-element-7ce3142a elementor-section-full_width elementor-section-height-default elementor-section-height-default\" data-id=\"7ce3142a\" data-element_type=\"section\">\n\t\t\t\t\t\t\t<div class=\"elementor-background-overlay\"><\/div>\n\t\t\t\t\t\t\t<div class=\"elementor-container elementor-column-gap-default\">\n\t\t\t\t\t<div class=\"elementor-column elementor-col-100 elementor-top-column elementor-element elementor-element-19e81803\" data-id=\"19e81803\" data-element_type=\"column\" data-settings=\"{&quot;background_background&quot;:&quot;classic&quot;}\">\n\t\t\t<div class=\"elementor-widget-wrap elementor-element-populated\">\n\t\t\t\t\t\t\t\t<div class=\"elementor-element elementor-element-3bd1f0ff elementor-widget elementor-widget-heading\" data-id=\"3bd1f0ff\" data-element_type=\"widget\" data-widget_type=\"heading.default\">\n\t\t\t\t<div class=\"elementor-widget-container\">\n\t\t\t<style>\/*! elementor - v3.6.7 - 03-07-2022 *\/\n.elementor-heading-title{padding:0;margin:0;line-height:1}.elementor-widget-heading .elementor-heading-title[class*=elementor-size-]>a{color:inherit;font-size:inherit;line-height:inherit}.elementor-widget-heading .elementor-heading-title.elementor-size-small{font-size:15px}.elementor-widget-heading .elementor-heading-title.elementor-size-medium{font-size:19px}.elementor-widget-heading .elementor-heading-title.elementor-size-large{font-size:29px}.elementor-widget-heading .elementor-heading-title.elementor-size-xl{font-size:39px}.elementor-widget-heading .elementor-heading-title.elementor-size-xxl{font-size:59px}<\/style><h3 class=\"elementor-heading-title elementor-size-default\">Proyectos de Investigaci\u00f3n Vigentes<\/h3>\t\t<\/div>\n\t\t\t\t<\/div>\n\t\t\t\t<div class=\"elementor-element elementor-element-8381da2 elementor-widget elementor-widget-spacer\" data-id=\"8381da2\" data-element_type=\"widget\" data-widget_type=\"spacer.default\">\n\t\t\t\t<div class=\"elementor-widget-container\">\n\t\t\t<style>\/*! elementor - v3.6.7 - 03-07-2022 *\/\n.e-container.e-container--row .elementor-spacer-inner{width:var(--spacer-size)}.e-container.e-container--column .elementor-spacer-inner,.elementor-column .elementor-spacer-inner{height:var(--spacer-size)}<\/style>\t\t<div class=\"elementor-spacer\">\n\t\t\t<div class=\"elementor-spacer-inner\"><\/div>\n\t\t<\/div>\n\t\t\t\t<\/div>\n\t\t\t\t<\/div>\n\t\t\t\t<div class=\"elementor-element elementor-element-5b44249e elementor-grid-4 elementor-grid-tablet-2 elementor-grid-mobile-1 elementor-posts--thumbnail-top elementor-card-shadow-yes elementor-posts__hover-gradient elementor-widget elementor-widget-posts\" data-id=\"5b44249e\" data-element_type=\"widget\" data-settings=\"{&quot;pagination_type&quot;:&quot;numbers&quot;,&quot;cards_columns&quot;:&quot;4&quot;,&quot;cards_columns_tablet&quot;:&quot;2&quot;,&quot;cards_columns_mobile&quot;:&quot;1&quot;,&quot;cards_row_gap&quot;:{&quot;unit&quot;:&quot;px&quot;,&quot;size&quot;:35,&quot;sizes&quot;:[]},&quot;cards_row_gap_laptop&quot;:{&quot;unit&quot;:&quot;px&quot;,&quot;size&quot;:&quot;&quot;,&quot;sizes&quot;:[]},&quot;cards_row_gap_tablet&quot;:{&quot;unit&quot;:&quot;px&quot;,&quot;size&quot;:&quot;&quot;,&quot;sizes&quot;:[]},&quot;cards_row_gap_mobile&quot;:{&quot;unit&quot;:&quot;px&quot;,&quot;size&quot;:&quot;&quot;,&quot;sizes&quot;:[]}}\" data-widget_type=\"posts.cards\">\n\t\t\t\t<div class=\"elementor-widget-container\">\n\t\t\t<link rel=\"stylesheet\" href=\"https:\/\/www.fi.uncoma.edu.ar\/wp-content\/plugins\/elementor-pro\/assets\/css\/widget-posts.min.css\">\t\t<div class=\"elementor-posts-container elementor-posts elementor-posts--skin-cards elementor-grid\">\n\t\t\t\t<article class=\"elementor-post elementor-grid-item post-18421 post type-post status-publish format-standard has-post-thumbnail hentry category-proyectos-vigentes\">\n\t\t\t<div class=\"elementor-post__card\">\n\t\t\t\t<a class=\"elementor-post__thumbnail__link\" href=\"https:\/\/www.fi.uncoma.edu.ar\/index.php\/proyectos-vigentes\/04-f017\/\" ><div class=\"elementor-post__thumbnail\"><img width=\"300\" height=\"169\" src=\"https:\/\/www.fi.uncoma.edu.ar\/wp-content\/uploads\/2022\/04\/omputacion-Aplicada-a-las-Ciencias-y-Educacion-12-300x169.png\" class=\"attachment-medium size-medium\" alt=\"\" loading=\"lazy\" srcset=\"https:\/\/www.fi.uncoma.edu.ar\/wp-content\/uploads\/2022\/04\/omputacion-Aplicada-a-las-Ciencias-y-Educacion-12-300x169.png 300w, https:\/\/www.fi.uncoma.edu.ar\/wp-content\/uploads\/2022\/04\/omputacion-Aplicada-a-las-Ciencias-y-Educacion-12-1024x577.png 1024w, https:\/\/www.fi.uncoma.edu.ar\/wp-content\/uploads\/2022\/04\/omputacion-Aplicada-a-las-Ciencias-y-Educacion-12-768x433.png 768w, https:\/\/www.fi.uncoma.edu.ar\/wp-content\/uploads\/2022\/04\/omputacion-Aplicada-a-las-Ciencias-y-Educacion-12-1536x865.png 1536w, https:\/\/www.fi.uncoma.edu.ar\/wp-content\/uploads\/2022\/04\/omputacion-Aplicada-a-las-Ciencias-y-Educacion-12.png 1640w\" sizes=\"(max-width: 300px) 100vw, 300px\" \/><\/div><\/a>\n\t\t\t\t<div class=\"elementor-post__text\">\n\t\t\t\t<h3 class=\"elementor-post__title\">\n\t\t\t<a href=\"https:\/\/www.fi.uncoma.edu.ar\/index.php\/proyectos-vigentes\/04-f017\/\" >\n\t\t\t\t04\/F017: C\u00f3mputo Paralelo y Distribuido: M\u00e9tricas de Rendimiento, Aplicaciones de Big Data e Inteligencia Artificial.\t\t\t<\/a>\n\t\t<\/h3>\n\t\t\t\t<div class=\"elementor-post__excerpt\">\n\t\t\t<p>04\/F017 C\u00f3mputo Paralelo y Distribuido: M\u00e9tricas de Rendimiento, Aplicaciones de Big Data e Inteligencia Artificial. Direcci\u00f3n: Dr. Javier Balladini javier.balladini@fi.uncoma.edu.ar&nbsp; Co-direcci\u00f3n: Mg. Claudio Zanellato claudio.zanellato@fi.uncoma.edu.ar<\/p>\n\t\t<\/div>\n\t\t\t\t<\/div>\n\t\t\t\t\t<\/div>\n\t\t<\/article>\n\t\t\t\t<article class=\"elementor-post elementor-grid-item post-18414 post type-post status-publish format-standard has-post-thumbnail hentry category-proyectos-vigentes\">\n\t\t\t<div class=\"elementor-post__card\">\n\t\t\t\t<a class=\"elementor-post__thumbnail__link\" href=\"https:\/\/www.fi.uncoma.edu.ar\/index.php\/proyectos-vigentes\/04-f018\/\" ><div class=\"elementor-post__thumbnail\"><img width=\"300\" height=\"169\" src=\"https:\/\/www.fi.uncoma.edu.ar\/wp-content\/uploads\/2022\/04\/omputacion-Aplicada-a-las-Ciencias-y-Educacion-12-300x169.png\" class=\"attachment-medium size-medium\" alt=\"\" loading=\"lazy\" srcset=\"https:\/\/www.fi.uncoma.edu.ar\/wp-content\/uploads\/2022\/04\/omputacion-Aplicada-a-las-Ciencias-y-Educacion-12-300x169.png 300w, https:\/\/www.fi.uncoma.edu.ar\/wp-content\/uploads\/2022\/04\/omputacion-Aplicada-a-las-Ciencias-y-Educacion-12-1024x577.png 1024w, https:\/\/www.fi.uncoma.edu.ar\/wp-content\/uploads\/2022\/04\/omputacion-Aplicada-a-las-Ciencias-y-Educacion-12-768x433.png 768w, https:\/\/www.fi.uncoma.edu.ar\/wp-content\/uploads\/2022\/04\/omputacion-Aplicada-a-las-Ciencias-y-Educacion-12-1536x865.png 1536w, https:\/\/www.fi.uncoma.edu.ar\/wp-content\/uploads\/2022\/04\/omputacion-Aplicada-a-las-Ciencias-y-Educacion-12.png 1640w\" sizes=\"(max-width: 300px) 100vw, 300px\" \/><\/div><\/a>\n\t\t\t\t<div class=\"elementor-post__text\">\n\t\t\t\t<h3 class=\"elementor-post__title\">\n\t\t\t<a href=\"https:\/\/www.fi.uncoma.edu.ar\/index.php\/proyectos-vigentes\/04-f018\/\" >\n\t\t\t\t04\/F018: Reuso de informaci\u00f3n en comunidades virtuales.\t\t\t<\/a>\n\t\t<\/h3>\n\t\t\t\t<div class=\"elementor-post__excerpt\">\n\t\t\t<p>04\/F018 Reuso de informaci\u00f3n en comunidades virtuales Direcci\u00f3n: Dra. Gabriela Aranda gabriela.aranda@fi.uncoma.edu.ar Co-direcci\u00f3n: Lic. Valeria Zoratto vzoratto@fi.uncoma.edu.ar&nbsp; Ejecuci\u00f3n: 2022-2025 El objetivo general de este proyecto<\/p>\n\t\t<\/div>\n\t\t\t\t<\/div>\n\t\t\t\t\t<\/div>\n\t\t<\/article>\n\t\t\t\t<article class=\"elementor-post elementor-grid-item post-18406 post type-post status-publish format-standard has-post-thumbnail hentry category-proyectos-vigentes\">\n\t\t\t<div class=\"elementor-post__card\">\n\t\t\t\t<a class=\"elementor-post__thumbnail__link\" href=\"https:\/\/www.fi.uncoma.edu.ar\/index.php\/proyectos-vigentes\/04-f019\/\" ><div class=\"elementor-post__thumbnail\"><img width=\"300\" height=\"169\" src=\"https:\/\/www.fi.uncoma.edu.ar\/wp-content\/uploads\/2022\/04\/omputacion-Aplicada-a-las-Ciencias-y-Educacion-12-300x169.png\" class=\"attachment-medium size-medium\" alt=\"\" loading=\"lazy\" srcset=\"https:\/\/www.fi.uncoma.edu.ar\/wp-content\/uploads\/2022\/04\/omputacion-Aplicada-a-las-Ciencias-y-Educacion-12-300x169.png 300w, https:\/\/www.fi.uncoma.edu.ar\/wp-content\/uploads\/2022\/04\/omputacion-Aplicada-a-las-Ciencias-y-Educacion-12-1024x577.png 1024w, https:\/\/www.fi.uncoma.edu.ar\/wp-content\/uploads\/2022\/04\/omputacion-Aplicada-a-las-Ciencias-y-Educacion-12-768x433.png 768w, https:\/\/www.fi.uncoma.edu.ar\/wp-content\/uploads\/2022\/04\/omputacion-Aplicada-a-las-Ciencias-y-Educacion-12-1536x865.png 1536w, https:\/\/www.fi.uncoma.edu.ar\/wp-content\/uploads\/2022\/04\/omputacion-Aplicada-a-las-Ciencias-y-Educacion-12.png 1640w\" sizes=\"(max-width: 300px) 100vw, 300px\" \/><\/div><\/a>\n\t\t\t\t<div class=\"elementor-post__text\">\n\t\t\t\t<h3 class=\"elementor-post__title\">\n\t\t\t<a href=\"https:\/\/www.fi.uncoma.edu.ar\/index.php\/proyectos-vigentes\/04-f019\/\" >\n\t\t\t\t04\/F019: Modelado de Variedad en Sistemas Big Data.\t\t\t<\/a>\n\t\t<\/h3>\n\t\t\t\t<div class=\"elementor-post__excerpt\">\n\t\t\t<p>04\/F019 Modelado de Variedad en Sistemas Big Data Direcci\u00f3n: Dra. Agustina Buccella agustina.buccella@fi.uncoma.edu.ar Co-direcci\u00f3n: Dra. Alejandra Cechich alejandra.cechich@fi.uncoma.edu.ar Ejecuci\u00f3n: 2022-2025 El objetivo general de este<\/p>\n\t\t<\/div>\n\t\t\t\t<\/div>\n\t\t\t\t\t<\/div>\n\t\t<\/article>\n\t\t\t\t<article class=\"elementor-post elementor-grid-item post-18398 post type-post status-publish format-standard has-post-thumbnail hentry category-proyectos-vigentes\">\n\t\t\t<div class=\"elementor-post__card\">\n\t\t\t\t<a class=\"elementor-post__thumbnail__link\" href=\"https:\/\/www.fi.uncoma.edu.ar\/index.php\/proyectos-vigentes\/04-f020\/\" ><div class=\"elementor-post__thumbnail\"><img width=\"300\" height=\"169\" src=\"https:\/\/www.fi.uncoma.edu.ar\/wp-content\/uploads\/2022\/04\/omputacion-Aplicada-a-las-Ciencias-y-Educacion-12-300x169.png\" class=\"attachment-medium size-medium\" alt=\"\" loading=\"lazy\" srcset=\"https:\/\/www.fi.uncoma.edu.ar\/wp-content\/uploads\/2022\/04\/omputacion-Aplicada-a-las-Ciencias-y-Educacion-12-300x169.png 300w, https:\/\/www.fi.uncoma.edu.ar\/wp-content\/uploads\/2022\/04\/omputacion-Aplicada-a-las-Ciencias-y-Educacion-12-1024x577.png 1024w, https:\/\/www.fi.uncoma.edu.ar\/wp-content\/uploads\/2022\/04\/omputacion-Aplicada-a-las-Ciencias-y-Educacion-12-768x433.png 768w, https:\/\/www.fi.uncoma.edu.ar\/wp-content\/uploads\/2022\/04\/omputacion-Aplicada-a-las-Ciencias-y-Educacion-12-1536x865.png 1536w, https:\/\/www.fi.uncoma.edu.ar\/wp-content\/uploads\/2022\/04\/omputacion-Aplicada-a-las-Ciencias-y-Educacion-12.png 1640w\" sizes=\"(max-width: 300px) 100vw, 300px\" \/><\/div><\/a>\n\t\t\t\t<div class=\"elementor-post__text\">\n\t\t\t\t<h3 class=\"elementor-post__title\">\n\t\t\t<a href=\"https:\/\/www.fi.uncoma.edu.ar\/index.php\/proyectos-vigentes\/04-f020\/\" >\n\t\t\t\t04\/F020: Tecnolog\u00edas Sem\u00e1nticas para el desarrollo de Agentes Inteligentes\t\t\t<\/a>\n\t\t<\/h3>\n\t\t\t\t<div class=\"elementor-post__excerpt\">\n\t\t\t<p>04\/F020 Tecnolog\u00edas Sem\u00e1nticas para el desarrollo de Agentes Inteligentes Direcci\u00f3n: Dra. Laura Cecchi lcecchi@fi.uncoma.edu.ar Co-direcci\u00f3n: Esp. Sandra Roger roger@fi.uncoma.edu.ar&nbsp; Ejecuci\u00f3n: 2022-2025 Este proyecto de investigaci\u00f3n<\/p>\n\t\t<\/div>\n\t\t\t\t<\/div>\n\t\t\t\t\t<\/div>\n\t\t<\/article>\n\t\t\t\t<article class=\"elementor-post elementor-grid-item post-18390 post type-post status-publish format-standard has-post-thumbnail hentry category-proyectos-vigentes\">\n\t\t\t<div class=\"elementor-post__card\">\n\t\t\t\t<a class=\"elementor-post__thumbnail__link\" href=\"https:\/\/www.fi.uncoma.edu.ar\/index.php\/proyectos-vigentes\/04-f021\/\" ><div class=\"elementor-post__thumbnail\"><img width=\"300\" height=\"169\" src=\"https:\/\/www.fi.uncoma.edu.ar\/wp-content\/uploads\/2022\/04\/omputacion-Aplicada-a-las-Ciencias-y-Educacion-12-300x169.png\" class=\"attachment-medium size-medium\" alt=\"\" loading=\"lazy\" srcset=\"https:\/\/www.fi.uncoma.edu.ar\/wp-content\/uploads\/2022\/04\/omputacion-Aplicada-a-las-Ciencias-y-Educacion-12-300x169.png 300w, https:\/\/www.fi.uncoma.edu.ar\/wp-content\/uploads\/2022\/04\/omputacion-Aplicada-a-las-Ciencias-y-Educacion-12-1024x577.png 1024w, https:\/\/www.fi.uncoma.edu.ar\/wp-content\/uploads\/2022\/04\/omputacion-Aplicada-a-las-Ciencias-y-Educacion-12-768x433.png 768w, https:\/\/www.fi.uncoma.edu.ar\/wp-content\/uploads\/2022\/04\/omputacion-Aplicada-a-las-Ciencias-y-Educacion-12-1536x865.png 1536w, https:\/\/www.fi.uncoma.edu.ar\/wp-content\/uploads\/2022\/04\/omputacion-Aplicada-a-las-Ciencias-y-Educacion-12.png 1640w\" sizes=\"(max-width: 300px) 100vw, 300px\" \/><\/div><\/a>\n\t\t\t\t<div class=\"elementor-post__text\">\n\t\t\t\t<h3 class=\"elementor-post__title\">\n\t\t\t<a href=\"https:\/\/www.fi.uncoma.edu.ar\/index.php\/proyectos-vigentes\/04-f021\/\" >\n\t\t\t\t04\/F021: Computaci\u00f3n Aplicada a las Ciencias y al Medio.\t\t\t<\/a>\n\t\t<\/h3>\n\t\t\t\t<div class=\"elementor-post__excerpt\">\n\t\t\t<p>04\/F021 Computaci\u00f3n Aplicada a las Ciencias y al Medio Direcci\u00f3n: Dra. Claudia Carina Fracchia carina.fracchia@fi.uncoma.edu.ar Co-direcci\u00f3n: Lic. Pablo Kogan pablo.kogan@fi.uncoma.edu.ar Ejecuci\u00f3n: 2022-2025 El objetivo general<\/p>\n\t\t<\/div>\n\t\t\t\t<\/div>\n\t\t\t\t\t<\/div>\n\t\t<\/article>\n\t\t\t\t<article class=\"elementor-post elementor-grid-item post-18382 post type-post status-publish format-standard has-post-thumbnail hentry category-proyectos-vigentes\">\n\t\t\t<div class=\"elementor-post__card\">\n\t\t\t\t<a class=\"elementor-post__thumbnail__link\" href=\"https:\/\/www.fi.uncoma.edu.ar\/index.php\/proyectos-vigentes\/04-f022\/\" ><div class=\"elementor-post__thumbnail\"><img width=\"300\" height=\"169\" src=\"https:\/\/www.fi.uncoma.edu.ar\/wp-content\/uploads\/2022\/04\/omputacion-Aplicada-a-las-Ciencias-y-Educacion-12-300x169.png\" class=\"attachment-medium size-medium\" alt=\"\" loading=\"lazy\" srcset=\"https:\/\/www.fi.uncoma.edu.ar\/wp-content\/uploads\/2022\/04\/omputacion-Aplicada-a-las-Ciencias-y-Educacion-12-300x169.png 300w, https:\/\/www.fi.uncoma.edu.ar\/wp-content\/uploads\/2022\/04\/omputacion-Aplicada-a-las-Ciencias-y-Educacion-12-1024x577.png 1024w, https:\/\/www.fi.uncoma.edu.ar\/wp-content\/uploads\/2022\/04\/omputacion-Aplicada-a-las-Ciencias-y-Educacion-12-768x433.png 768w, https:\/\/www.fi.uncoma.edu.ar\/wp-content\/uploads\/2022\/04\/omputacion-Aplicada-a-las-Ciencias-y-Educacion-12-1536x865.png 1536w, https:\/\/www.fi.uncoma.edu.ar\/wp-content\/uploads\/2022\/04\/omputacion-Aplicada-a-las-Ciencias-y-Educacion-12.png 1640w\" sizes=\"(max-width: 300px) 100vw, 300px\" \/><\/div><\/a>\n\t\t\t\t<div class=\"elementor-post__text\">\n\t\t\t\t<h3 class=\"elementor-post__title\">\n\t\t\t<a href=\"https:\/\/www.fi.uncoma.edu.ar\/index.php\/proyectos-vigentes\/04-f022\/\" >\n\t\t\t\t04\/F022: Modelos Formales, Agentes Inteligentes y Aplicaciones para la Ense\u00f1anza de las Ciencias de la Computaci\u00f3n.\t\t\t<\/a>\n\t\t<\/h3>\n\t\t\t\t<div class=\"elementor-post__excerpt\">\n\t\t\t<p>04\/F022 Modelos Formales, Agentes Inteligentes y Aplicaciones para la Ense\u00f1anza de las Ciencias de la Computaci\u00f3n Direcci\u00f3n: Mg. Gerardo Parra gparra@fi.uncoma.edu.ar Co-direcci\u00f3n: Prof. Jorge Rodr\u00edguez<\/p>\n\t\t<\/div>\n\t\t\t\t<\/div>\n\t\t\t\t\t<\/div>\n\t\t<\/article>\n\t\t\t\t<article class=\"elementor-post elementor-grid-item post-18313 post type-post status-publish format-standard has-post-thumbnail hentry category-proyectos-vigentes\">\n\t\t\t<div class=\"elementor-post__card\">\n\t\t\t\t<a class=\"elementor-post__thumbnail__link\" href=\"https:\/\/www.fi.uncoma.edu.ar\/index.php\/proyectos-vigentes\/04-f023\/\" ><div class=\"elementor-post__thumbnail\"><img width=\"300\" height=\"169\" src=\"https:\/\/www.fi.uncoma.edu.ar\/wp-content\/uploads\/2022\/04\/omputacion-Aplicada-a-las-Ciencias-y-Educacion-12-300x169.png\" class=\"attachment-medium size-medium\" alt=\"\" loading=\"lazy\" srcset=\"https:\/\/www.fi.uncoma.edu.ar\/wp-content\/uploads\/2022\/04\/omputacion-Aplicada-a-las-Ciencias-y-Educacion-12-300x169.png 300w, https:\/\/www.fi.uncoma.edu.ar\/wp-content\/uploads\/2022\/04\/omputacion-Aplicada-a-las-Ciencias-y-Educacion-12-1024x577.png 1024w, https:\/\/www.fi.uncoma.edu.ar\/wp-content\/uploads\/2022\/04\/omputacion-Aplicada-a-las-Ciencias-y-Educacion-12-768x433.png 768w, https:\/\/www.fi.uncoma.edu.ar\/wp-content\/uploads\/2022\/04\/omputacion-Aplicada-a-las-Ciencias-y-Educacion-12-1536x865.png 1536w, https:\/\/www.fi.uncoma.edu.ar\/wp-content\/uploads\/2022\/04\/omputacion-Aplicada-a-las-Ciencias-y-Educacion-12.png 1640w\" sizes=\"(max-width: 300px) 100vw, 300px\" \/><\/div><\/a>\n\t\t\t\t<div class=\"elementor-post__text\">\n\t\t\t\t<h3 class=\"elementor-post__title\">\n\t\t\t<a href=\"https:\/\/www.fi.uncoma.edu.ar\/index.php\/proyectos-vigentes\/04-f023\/\" >\n\t\t\t\t04\/F023: Tecnolog\u00edas de Datos Espaciales, Visualizaci\u00f3n y Realidad Virtual.\t\t\t<\/a>\n\t\t<\/h3>\n\t\t\t\t<div class=\"elementor-post__excerpt\">\n\t\t\t<p>04\/F023 Tecnolog\u00edas de Datos Espaciales, Visualizaci\u00f3n y Realidad Virtual Direcci\u00f3n: Dr. Luis Reynoso luis.reynoso@fi.uncoma.edu.ar Co-direcci\u00f3n: Lic. Silvia Amaro silvia.amaro@fi.uncoma.edu.ar Ejecuci\u00f3n: 2022-2025 El objetivo general del<\/p>\n\t\t<\/div>\n\t\t\t\t<\/div>\n\t\t\t\t\t<\/div>\n\t\t<\/article>\n\t\t\t\t<article class=\"elementor-post elementor-grid-item post-18329 post type-post status-publish format-standard has-post-thumbnail hentry category-proyectos-vigentes\">\n\t\t\t<div class=\"elementor-post__card\">\n\t\t\t\t<a class=\"elementor-post__thumbnail__link\" href=\"https:\/\/www.fi.uncoma.edu.ar\/index.php\/proyectos-vigentes\/04-f024\/\" ><div class=\"elementor-post__thumbnail\"><img width=\"300\" height=\"169\" src=\"https:\/\/www.fi.uncoma.edu.ar\/wp-content\/uploads\/2022\/04\/omputacion-Aplicada-a-las-Ciencias-y-Educacion-12-300x169.png\" class=\"attachment-medium size-medium\" alt=\"\" loading=\"lazy\" srcset=\"https:\/\/www.fi.uncoma.edu.ar\/wp-content\/uploads\/2022\/04\/omputacion-Aplicada-a-las-Ciencias-y-Educacion-12-300x169.png 300w, https:\/\/www.fi.uncoma.edu.ar\/wp-content\/uploads\/2022\/04\/omputacion-Aplicada-a-las-Ciencias-y-Educacion-12-1024x577.png 1024w, https:\/\/www.fi.uncoma.edu.ar\/wp-content\/uploads\/2022\/04\/omputacion-Aplicada-a-las-Ciencias-y-Educacion-12-768x433.png 768w, https:\/\/www.fi.uncoma.edu.ar\/wp-content\/uploads\/2022\/04\/omputacion-Aplicada-a-las-Ciencias-y-Educacion-12-1536x865.png 1536w, https:\/\/www.fi.uncoma.edu.ar\/wp-content\/uploads\/2022\/04\/omputacion-Aplicada-a-las-Ciencias-y-Educacion-12.png 1640w\" sizes=\"(max-width: 300px) 100vw, 300px\" \/><\/div><\/a>\n\t\t\t\t<div class=\"elementor-post__text\">\n\t\t\t\t<h3 class=\"elementor-post__title\">\n\t\t\t<a href=\"https:\/\/www.fi.uncoma.edu.ar\/index.php\/proyectos-vigentes\/04-f024\/\" >\n\t\t\t\t04\/F024: Identificaci\u00f3n, Evaluaci\u00f3n y Adaptaci\u00f3n de Componentes de Hardware y Software para Sistemas Embebidos &#8211; Parte III\t\t\t<\/a>\n\t\t<\/h3>\n\t\t\t\t<div class=\"elementor-post__excerpt\">\n\t\t\t<p>04\/F024 Identificaci\u00f3n, Evaluaci\u00f3n y Adaptaci\u00f3n de Componentes de Hardware y Software para Sistemas Embebidos &#8211; Parte III Direcci\u00f3n:&nbsp; Mg. Claudio Vaucheret&nbsp; vaucheret@fi.uncoma.edu.ar Co-direcci\u00f3n: Lic. Rafael<\/p>\n\t\t<\/div>\n\t\t\t\t<\/div>\n\t\t\t\t\t<\/div>\n\t\t<\/article>\n\t\t\t\t<\/div>\n\n\n\t\t\n\t\t\t\t<\/div>\n\t\t\t\t<\/div>\n\t\t\t\t<div class=\"elementor-element elementor-element-722370d7 elementor-widget elementor-widget-spacer\" data-id=\"722370d7\" data-element_type=\"widget\" data-widget_type=\"spacer.default\">\n\t\t\t\t<div class=\"elementor-widget-container\">\n\t\t\t\t\t<div class=\"elementor-spacer\">\n\t\t\t<div class=\"elementor-spacer-inner\"><\/div>\n\t\t<\/div>\n\t\t\t\t<\/div>\n\t\t\t\t<\/div>\n\t\t\t\t<div class=\"elementor-element elementor-element-66b9814c elementor-align-center elementor-widget elementor-widget-button\" data-id=\"66b9814c\" data-element_type=\"widget\" data-widget_type=\"button.default\">\n\t\t\t\t<div class=\"elementor-widget-container\">\n\t\t\t\t\t<div class=\"elementor-button-wrapper\">\n\t\t\t<a href=\"https:\/\/www.fi.uncoma.edu.ar\/index.php\/proyectos-de-investigacion-terminados\/\" class=\"elementor-button-link elementor-button elementor-size-sm\" role=\"button\">\n\t\t\t\t\t\t<span class=\"elementor-button-content-wrapper\">\n\t\t\t\t\t\t<span class=\"elementor-button-text\">Ver proyectos de investigaci\u00f3n Terminados<\/span>\n\t\t<\/span>\n\t\t\t\t\t<\/a>\n\t\t<\/div>\n\t\t\t\t<\/div>\n\t\t\t\t<\/div>\n\t\t\t\t<div class=\"elementor-element elementor-element-73d6de37 elementor-align-center elementor-widget elementor-widget-button\" data-id=\"73d6de37\" data-element_type=\"widget\" data-widget_type=\"button.default\">\n\t\t\t\t<div class=\"elementor-widget-container\">\n\t\t\t\t\t<div class=\"elementor-button-wrapper\">\n\t\t\t<a href=\"https:\/\/www.fi.uncoma.edu.ar\/index.php\/investigacion\/\" class=\"elementor-button-link elementor-button elementor-size-sm\" role=\"button\">\n\t\t\t\t\t\t<span class=\"elementor-button-content-wrapper\">\n\t\t\t\t\t\t<span class=\"elementor-button-text\">Volver a investigaci\u00f3n<\/span>\n\t\t<\/span>\n\t\t\t\t\t<\/a>\n\t\t<\/div>\n\t\t\t\t<\/div>\n\t\t\t\t<\/div>\n\t\t\t\t\t<\/div>\n\t\t<\/div>\n\t\t\t\t\t\t\t<\/div>\n\t\t<\/section>\n\t\t\t\t\t\t\t<\/div>\n\t\t","protected":false},"excerpt":{"rendered":"<p>Proyectos de Investigaci\u00f3n Vigentes Ver proyectos de investigaci\u00f3n Terminados Volver a investigaci\u00f3n<\/p>\n","protected":false},"author":1,"featured_media":13176,"parent":0,"menu_order":0,"comment_status":"closed","ping_status":"closed","template":"elementor_header_footer","meta":{"site-sidebar-layout":"default","site-content-layout":"default","ast-global-header-display":"","ast-main-header-display":"","ast-hfb-above-header-display":"","ast-hfb-below-header-display":"","ast-hfb-mobile-header-display":"","site-post-title":"","ast-breadcrumbs-content":"","ast-featured-img":"","footer-sml-layout":"","theme-transparent-header-meta":"","adv-header-id-meta":"","stick-header-meta":"","header-above-stick-meta":"","header-main-stick-meta":"","header-below-stick-meta":""},"uagb_featured_image_src":{"full":["https:\/\/www.fi.uncoma.edu.ar\/wp-content\/uploads\/2022\/04\/omputacion-Aplicada-a-las-Ciencias-y-Educacion-12.png",1640,924,false],"thumbnail":["https:\/\/www.fi.uncoma.edu.ar\/wp-content\/uploads\/2022\/04\/omputacion-Aplicada-a-las-Ciencias-y-Educacion-12-150x150.png",150,150,true],"medium":["https:\/\/www.fi.uncoma.edu.ar\/wp-content\/uploads\/2022\/04\/omputacion-Aplicada-a-las-Ciencias-y-Educacion-12-300x169.png",300,169,true],"medium_large":["https:\/\/www.fi.uncoma.edu.ar\/wp-content\/uploads\/2022\/04\/omputacion-Aplicada-a-las-Ciencias-y-Educacion-12-768x433.png",768,433,true],"large":["https:\/\/www.fi.uncoma.edu.ar\/wp-content\/uploads\/2022\/04\/omputacion-Aplicada-a-las-Ciencias-y-Educacion-12-1024x577.png",1024,577,true],"1536x1536":["https:\/\/www.fi.uncoma.edu.ar\/wp-content\/uploads\/2022\/04\/omputacion-Aplicada-a-las-Ciencias-y-Educacion-12-1536x865.png",1536,865,true],"2048x2048":["https:\/\/www.fi.uncoma.edu.ar\/wp-content\/uploads\/2022\/04\/omputacion-Aplicada-a-las-Ciencias-y-Educacion-12.png",1640,924,false]},"uagb_author_info":{"display_name":"ufai","author_link":"https:\/\/www.fi.uncoma.edu.ar\/index.php\/author\/ufai\/"},"uagb_comment_info":0,"uagb_excerpt":"Proyectos de Investigaci\u00f3n Vigentes Ver proyectos de investigaci\u00f3n Terminados Volver a investigaci\u00f3n","_links":{"self":[{"href":"https:\/\/www.fi.uncoma.edu.ar\/index.php\/wp-json\/wp\/v2\/pages\/2711"}],"collection":[{"href":"https:\/\/www.fi.uncoma.edu.ar\/index.php\/wp-json\/wp\/v2\/pages"}],"about":[{"href":"https:\/\/www.fi.uncoma.edu.ar\/index.php\/wp-json\/wp\/v2\/types\/page"}],"author":[{"embeddable":true,"href":"https:\/\/www.fi.uncoma.edu.ar\/index.php\/wp-json\/wp\/v2\/users\/1"}],"replies":[{"embeddable":true,"href":"https:\/\/www.fi.uncoma.edu.ar\/index.php\/wp-json\/wp\/v2\/comments?post=2711"}],"version-history":[{"count":95,"href":"https:\/\/www.fi.uncoma.edu.ar\/index.php\/wp-json\/wp\/v2\/pages\/2711\/revisions"}],"predecessor-version":[{"id":27727,"href":"https:\/\/www.fi.uncoma.edu.ar\/index.php\/wp-json\/wp\/v2\/pages\/2711\/revisions\/27727"}],"wp:featuredmedia":[{"embeddable":true,"href":"https:\/\/www.fi.uncoma.edu.ar\/index.php\/wp-json\/wp\/v2\/media\/13176"}],"wp:attachment":[{"href":"https:\/\/www.fi.uncoma.edu.ar\/index.php\/wp-json\/wp\/v2\/media?parent=2711"}],"curies":[{"name":"wp","href":"https:\/\/api.w.org\/{rel}","templated":true}]}}