{"id":878,"date":"2010-07-06T12:17:05","date_gmt":"2010-07-06T12:17:05","guid":{"rendered":"http:\/\/ijandev-test.fi.uncoma.edu.ar\/Wordpress\/index.php\/2010\/07\/06\/proyectos-de-extension-finalizados\/"},"modified":"2022-03-13T17:12:09","modified_gmt":"2022-03-13T20:12:09","slug":"proyectos-de-extension-finalizados","status":"publish","type":"page","link":"https:\/\/www.fi.uncoma.edu.ar\/index.php\/proyectos-de-extension-finalizados\/","title":{"rendered":"Proyectos de Extensi\u00f3n Finalizados"},"content":{"rendered":"\t\t<div data-elementor-type=\"wp-page\" data-elementor-id=\"878\" class=\"elementor elementor-878\">\n\t\t\t\t\t\t\t\t\t<section class=\"elementor-section elementor-top-section elementor-element elementor-element-59b9e310 elementor-section-full_width elementor-section-height-default elementor-section-height-default\" data-id=\"59b9e310\" data-element_type=\"section\">\n\t\t\t\t\t\t\t<div class=\"elementor-background-overlay\"><\/div>\n\t\t\t\t\t\t\t<div class=\"elementor-container elementor-column-gap-default\">\n\t\t\t\t\t<div class=\"elementor-column elementor-col-100 elementor-top-column elementor-element elementor-element-5de403d4\" data-id=\"5de403d4\" data-element_type=\"column\" data-settings=\"{&quot;background_background&quot;:&quot;classic&quot;}\">\n\t\t\t<div class=\"elementor-widget-wrap elementor-element-populated\">\n\t\t\t\t\t\t\t\t<div class=\"elementor-element elementor-element-10bd6646 elementor-widget elementor-widget-heading\" data-id=\"10bd6646\" data-element_type=\"widget\" data-widget_type=\"heading.default\">\n\t\t\t\t<div class=\"elementor-widget-container\">\n\t\t\t<style>\/*! elementor - v3.6.7 - 03-07-2022 *\/\n.elementor-heading-title{padding:0;margin:0;line-height:1}.elementor-widget-heading .elementor-heading-title[class*=elementor-size-]>a{color:inherit;font-size:inherit;line-height:inherit}.elementor-widget-heading .elementor-heading-title.elementor-size-small{font-size:15px}.elementor-widget-heading .elementor-heading-title.elementor-size-medium{font-size:19px}.elementor-widget-heading .elementor-heading-title.elementor-size-large{font-size:29px}.elementor-widget-heading .elementor-heading-title.elementor-size-xl{font-size:39px}.elementor-widget-heading .elementor-heading-title.elementor-size-xxl{font-size:59px}<\/style><h2 class=\"elementor-heading-title elementor-size-default\">Proyectos de Extensi\u00f3n Finalizados<\/h2>\t\t<\/div>\n\t\t\t\t<\/div>\n\t\t\t\t<div class=\"elementor-element elementor-element-c45c7d5 elementor-grid-3 elementor-grid-tablet-2 elementor-grid-mobile-1 elementor-posts--thumbnail-top elementor-card-shadow-yes elementor-posts__hover-gradient load-more-align-center elementor-widget elementor-widget-posts\" data-id=\"c45c7d5\" data-element_type=\"widget\" data-settings=\"{&quot;pagination_type&quot;:&quot;load_more_on_click&quot;,&quot;cards_columns&quot;:&quot;3&quot;,&quot;cards_columns_tablet&quot;:&quot;2&quot;,&quot;cards_columns_mobile&quot;:&quot;1&quot;,&quot;cards_row_gap&quot;:{&quot;unit&quot;:&quot;px&quot;,&quot;size&quot;:35,&quot;sizes&quot;:[]},&quot;cards_row_gap_laptop&quot;:{&quot;unit&quot;:&quot;px&quot;,&quot;size&quot;:&quot;&quot;,&quot;sizes&quot;:[]},&quot;cards_row_gap_tablet&quot;:{&quot;unit&quot;:&quot;px&quot;,&quot;size&quot;:&quot;&quot;,&quot;sizes&quot;:[]},&quot;cards_row_gap_mobile&quot;:{&quot;unit&quot;:&quot;px&quot;,&quot;size&quot;:&quot;&quot;,&quot;sizes&quot;:[]},&quot;load_more_spinner&quot;:{&quot;value&quot;:&quot;fas fa-spinner&quot;,&quot;library&quot;:&quot;fa-solid&quot;}}\" data-widget_type=\"posts.cards\">\n\t\t\t\t<div class=\"elementor-widget-container\">\n\t\t\t<link rel=\"stylesheet\" href=\"https:\/\/www.fi.uncoma.edu.ar\/wp-content\/plugins\/elementor-pro\/assets\/css\/widget-posts.min.css\">\t\t<div class=\"elementor-posts-container elementor-posts elementor-posts--skin-cards elementor-grid\">\n\t\t\t\t<article class=\"elementor-post elementor-grid-item post-23672 post type-post status-publish format-standard has-post-thumbnail hentry category-proyectos-de-extension-finalizados tag-proyecto-finalizado\">\n\t\t\t<div class=\"elementor-post__card\">\n\t\t\t\t<a class=\"elementor-post__thumbnail__link\" href=\"https:\/\/www.fi.uncoma.edu.ar\/index.php\/extension\/proyectos-de-extension-finalizados\/programacion-logica-en-la-escuela-primaria\/\" ><div class=\"elementor-post__thumbnail\"><img width=\"768\" height=\"433\" src=\"https:\/\/www.fi.uncoma.edu.ar\/wp-content\/uploads\/2022\/03\/imgdefecto-proyectos-de-extension-768x433.png\" class=\"attachment-medium_large size-medium_large\" alt=\"\" loading=\"lazy\" srcset=\"https:\/\/www.fi.uncoma.edu.ar\/wp-content\/uploads\/2022\/03\/imgdefecto-proyectos-de-extension-768x433.png 768w, https:\/\/www.fi.uncoma.edu.ar\/wp-content\/uploads\/2022\/03\/imgdefecto-proyectos-de-extension-300x169.png 300w, https:\/\/www.fi.uncoma.edu.ar\/wp-content\/uploads\/2022\/03\/imgdefecto-proyectos-de-extension-1024x577.png 1024w, https:\/\/www.fi.uncoma.edu.ar\/wp-content\/uploads\/2022\/03\/imgdefecto-proyectos-de-extension-1536x865.png 1536w, https:\/\/www.fi.uncoma.edu.ar\/wp-content\/uploads\/2022\/03\/imgdefecto-proyectos-de-extension.png 1640w\" sizes=\"(max-width: 768px) 100vw, 768px\" \/><\/div><\/a>\n\t\t\t\t<div class=\"elementor-post__text\">\n\t\t\t\t<h3 class=\"elementor-post__title\">\n\t\t\t<a href=\"https:\/\/www.fi.uncoma.edu.ar\/index.php\/extension\/proyectos-de-extension-finalizados\/programacion-logica-en-la-escuela-primaria\/\" >\n\t\t\t\tProgramaci\u00f3n L\u00f3gica en la Escuela Primaria\t\t\t<\/a>\n\t\t<\/h3>\n\t\t\t\t<div class=\"elementor-post__excerpt\">\n\t\t\t<p>Direcci\u00f3n: Laura Cecchi &#8211; lcecchi@fi.uncoma.edu.ar Co-Direcci\u00f3n: Jorge Rodr\u00edguez &#8211; j.rodrig@fi.uncoma.edu.ar 2023-2024 El objetivo general del Proyecto de extensi\u00f3n es: Desarrollar habilidades de Pensamiento L\u00f3gico y<\/p>\n\t\t<\/div>\n\t\t\t\t<\/div>\n\t\t\t\t\t<\/div>\n\t\t<\/article>\n\t\t\t\t<article class=\"elementor-post elementor-grid-item post-23670 post type-post status-publish format-standard has-post-thumbnail hentry category-proyectos-de-extension-finalizados tag-proyecto-finalizado\">\n\t\t\t<div class=\"elementor-post__card\">\n\t\t\t\t<a class=\"elementor-post__thumbnail__link\" href=\"https:\/\/www.fi.uncoma.edu.ar\/index.php\/extension\/proyectos-de-extension-finalizados\/faicomm-charlando-sobre-informatica\/\" ><div class=\"elementor-post__thumbnail\"><img width=\"768\" height=\"433\" src=\"https:\/\/www.fi.uncoma.edu.ar\/wp-content\/uploads\/2022\/03\/imgdefecto-proyectos-de-extension-768x433.png\" class=\"attachment-medium_large size-medium_large\" alt=\"\" loading=\"lazy\" srcset=\"https:\/\/www.fi.uncoma.edu.ar\/wp-content\/uploads\/2022\/03\/imgdefecto-proyectos-de-extension-768x433.png 768w, https:\/\/www.fi.uncoma.edu.ar\/wp-content\/uploads\/2022\/03\/imgdefecto-proyectos-de-extension-300x169.png 300w, https:\/\/www.fi.uncoma.edu.ar\/wp-content\/uploads\/2022\/03\/imgdefecto-proyectos-de-extension-1024x577.png 1024w, https:\/\/www.fi.uncoma.edu.ar\/wp-content\/uploads\/2022\/03\/imgdefecto-proyectos-de-extension-1536x865.png 1536w, https:\/\/www.fi.uncoma.edu.ar\/wp-content\/uploads\/2022\/03\/imgdefecto-proyectos-de-extension.png 1640w\" sizes=\"(max-width: 768px) 100vw, 768px\" \/><\/div><\/a>\n\t\t\t\t<div class=\"elementor-post__text\">\n\t\t\t\t<h3 class=\"elementor-post__title\">\n\t\t\t<a href=\"https:\/\/www.fi.uncoma.edu.ar\/index.php\/extension\/proyectos-de-extension-finalizados\/faicomm-charlando-sobre-informatica\/\" >\n\t\t\t\tFAICOMM: Charlando sobre Inform\u00e1tica\t\t\t<\/a>\n\t\t<\/h3>\n\t\t\t\t<div class=\"elementor-post__excerpt\">\n\t\t\t<p>Direcci\u00f3n: Christian Gimenez &#8211; christian.gimenez@fi.uncoma.edu.ar Co-Direcci\u00f3n: Pablo Kogan &#8211; pablo.kogan@fi.uncoma.edu.ar 2023-2024 El objetivo general del Proyecto de Extenisi\u00f3n es: Esta iniciativa extensionista propone como objetivo<\/p>\n\t\t<\/div>\n\t\t\t\t<\/div>\n\t\t\t\t\t<\/div>\n\t\t<\/article>\n\t\t\t\t<article class=\"elementor-post elementor-grid-item post-23668 post type-post status-publish format-standard has-post-thumbnail hentry category-proyectos-de-extension-finalizados tag-proyecto-finalizado\">\n\t\t\t<div class=\"elementor-post__card\">\n\t\t\t\t<a class=\"elementor-post__thumbnail__link\" href=\"https:\/\/www.fi.uncoma.edu.ar\/index.php\/extension\/proyectos-de-extension-finalizados\/el-museo-vuelve-a-las-escuelas\/\" ><div class=\"elementor-post__thumbnail\"><img width=\"768\" height=\"433\" src=\"https:\/\/www.fi.uncoma.edu.ar\/wp-content\/uploads\/2022\/03\/imgdefecto-proyectos-de-extension-768x433.png\" class=\"attachment-medium_large size-medium_large\" alt=\"\" loading=\"lazy\" srcset=\"https:\/\/www.fi.uncoma.edu.ar\/wp-content\/uploads\/2022\/03\/imgdefecto-proyectos-de-extension-768x433.png 768w, https:\/\/www.fi.uncoma.edu.ar\/wp-content\/uploads\/2022\/03\/imgdefecto-proyectos-de-extension-300x169.png 300w, https:\/\/www.fi.uncoma.edu.ar\/wp-content\/uploads\/2022\/03\/imgdefecto-proyectos-de-extension-1024x577.png 1024w, https:\/\/www.fi.uncoma.edu.ar\/wp-content\/uploads\/2022\/03\/imgdefecto-proyectos-de-extension-1536x865.png 1536w, https:\/\/www.fi.uncoma.edu.ar\/wp-content\/uploads\/2022\/03\/imgdefecto-proyectos-de-extension.png 1640w\" sizes=\"(max-width: 768px) 100vw, 768px\" \/><\/div><\/a>\n\t\t\t\t<div class=\"elementor-post__text\">\n\t\t\t\t<h3 class=\"elementor-post__title\">\n\t\t\t<a href=\"https:\/\/www.fi.uncoma.edu.ar\/index.php\/extension\/proyectos-de-extension-finalizados\/el-museo-vuelve-a-las-escuelas\/\" >\n\t\t\t\tEl Museo vuelve a las Escuelas\t\t\t<\/a>\n\t\t<\/h3>\n\t\t\t\t<div class=\"elementor-post__excerpt\">\n\t\t\t<p>Direcci\u00f3n: Carina Fracchia &#8211; carina.fracchia@fi.uncoma.edu.ar Co-Direcci\u00f3n: Amadeo Laurin 2023-2024 El objetivo general del Proyecto de Extenisi\u00f3n es: Dise\u00f1ar recursos TIC que posibiliten acercar la muestra<\/p>\n\t\t<\/div>\n\t\t\t\t<\/div>\n\t\t\t\t\t<\/div>\n\t\t<\/article>\n\t\t\t\t<article class=\"elementor-post elementor-grid-item post-23666 post type-post status-publish format-standard has-post-thumbnail hentry category-proyectos-de-extension-finalizados tag-proyecto-finalizado\">\n\t\t\t<div class=\"elementor-post__card\">\n\t\t\t\t<a class=\"elementor-post__thumbnail__link\" href=\"https:\/\/www.fi.uncoma.edu.ar\/index.php\/extension\/proyectos-de-extension-finalizados\/conectados-con-la-escuela\/\" ><div class=\"elementor-post__thumbnail\"><img width=\"768\" height=\"433\" src=\"https:\/\/www.fi.uncoma.edu.ar\/wp-content\/uploads\/2022\/03\/imgdefecto-proyectos-de-extension-768x433.png\" class=\"attachment-medium_large size-medium_large\" alt=\"\" loading=\"lazy\" srcset=\"https:\/\/www.fi.uncoma.edu.ar\/wp-content\/uploads\/2022\/03\/imgdefecto-proyectos-de-extension-768x433.png 768w, https:\/\/www.fi.uncoma.edu.ar\/wp-content\/uploads\/2022\/03\/imgdefecto-proyectos-de-extension-300x169.png 300w, https:\/\/www.fi.uncoma.edu.ar\/wp-content\/uploads\/2022\/03\/imgdefecto-proyectos-de-extension-1024x577.png 1024w, https:\/\/www.fi.uncoma.edu.ar\/wp-content\/uploads\/2022\/03\/imgdefecto-proyectos-de-extension-1536x865.png 1536w, https:\/\/www.fi.uncoma.edu.ar\/wp-content\/uploads\/2022\/03\/imgdefecto-proyectos-de-extension.png 1640w\" sizes=\"(max-width: 768px) 100vw, 768px\" \/><\/div><\/a>\n\t\t\t\t<div class=\"elementor-post__text\">\n\t\t\t\t<h3 class=\"elementor-post__title\">\n\t\t\t<a href=\"https:\/\/www.fi.uncoma.edu.ar\/index.php\/extension\/proyectos-de-extension-finalizados\/conectados-con-la-escuela\/\" >\n\t\t\t\tConectados con la Escuela\t\t\t<\/a>\n\t\t<\/h3>\n\t\t\t\t<div class=\"elementor-post__excerpt\">\n\t\t\t<p>Direcci\u00f3n: Ingrid Diana Godoy &#8211; ingrid.godoy@fi.uncoma.edu.ar Co-Direcci\u00f3n: Susana Beatr\u00edz Parra &#8211; susana.parra@fi.uncoma.edu.ar 2023-2024 Se trata de una iniciativa extensionista que tiene como objetivos generales, tendientes<\/p>\n\t\t<\/div>\n\t\t\t\t<\/div>\n\t\t\t\t\t<\/div>\n\t\t<\/article>\n\t\t\t\t<article class=\"elementor-post elementor-grid-item post-23663 post type-post status-publish format-standard has-post-thumbnail hentry category-proyectos-de-extension-finalizados tag-proyecto-finalizado\">\n\t\t\t<div class=\"elementor-post__card\">\n\t\t\t\t<a class=\"elementor-post__thumbnail__link\" href=\"https:\/\/www.fi.uncoma.edu.ar\/index.php\/extension\/proyectos-de-extension-finalizados\/analisis-forense-de-pericias-medico-legales-asistidas-por-sistemas-inteligentes-preparacion-de-datos\/\" ><div class=\"elementor-post__thumbnail\"><img width=\"768\" height=\"433\" src=\"https:\/\/www.fi.uncoma.edu.ar\/wp-content\/uploads\/2022\/03\/imgdefecto-proyectos-de-extension-768x433.png\" class=\"attachment-medium_large size-medium_large\" alt=\"\" loading=\"lazy\" srcset=\"https:\/\/www.fi.uncoma.edu.ar\/wp-content\/uploads\/2022\/03\/imgdefecto-proyectos-de-extension-768x433.png 768w, https:\/\/www.fi.uncoma.edu.ar\/wp-content\/uploads\/2022\/03\/imgdefecto-proyectos-de-extension-300x169.png 300w, https:\/\/www.fi.uncoma.edu.ar\/wp-content\/uploads\/2022\/03\/imgdefecto-proyectos-de-extension-1024x577.png 1024w, https:\/\/www.fi.uncoma.edu.ar\/wp-content\/uploads\/2022\/03\/imgdefecto-proyectos-de-extension-1536x865.png 1536w, https:\/\/www.fi.uncoma.edu.ar\/wp-content\/uploads\/2022\/03\/imgdefecto-proyectos-de-extension.png 1640w\" sizes=\"(max-width: 768px) 100vw, 768px\" \/><\/div><\/a>\n\t\t\t\t<div class=\"elementor-post__text\">\n\t\t\t\t<h3 class=\"elementor-post__title\">\n\t\t\t<a href=\"https:\/\/www.fi.uncoma.edu.ar\/index.php\/extension\/proyectos-de-extension-finalizados\/analisis-forense-de-pericias-medico-legales-asistidas-por-sistemas-inteligentes-preparacion-de-datos\/\" >\n\t\t\t\tAn\u00e1lisis Forense de pericias M\u00e9dico-Legales asistidas por Sistemas Inteligentes: preparaci\u00f3n de datos.\t\t\t<\/a>\n\t\t<\/h3>\n\t\t\t\t<div class=\"elementor-post__excerpt\">\n\t\t\t<p>Direcci\u00f3n: Roger Sandra Emilce &#8211; roger@fi.uncoma.edu.ar Co-Direcci\u00f3n: German Alejandro Braun &#8211; german.braun@fi.uncoma.edu.ar 2023-2024 El objetivo general del proyecto de extensi\u00f3n es estructurar y digitalizar los<\/p>\n\t\t<\/div>\n\t\t\t\t<\/div>\n\t\t\t\t\t<\/div>\n\t\t<\/article>\n\t\t\t\t<article class=\"elementor-post elementor-grid-item post-23661 post type-post status-publish format-standard has-post-thumbnail hentry category-proyectos-de-extension-finalizados tag-proyecto-finalizado\">\n\t\t\t<div class=\"elementor-post__card\">\n\t\t\t\t<a class=\"elementor-post__thumbnail__link\" href=\"https:\/\/www.fi.uncoma.edu.ar\/index.php\/extension\/proyectos-de-extension-finalizados\/alertar-un-sistema-informatico-inteligente-y-resiliente-para-la-vigilancia-y-deteccion-temprana-de-severidad-de-pacientes-en-unidades-de-cuidados-no-intensivos\/\" ><div class=\"elementor-post__thumbnail\"><img width=\"768\" height=\"433\" src=\"https:\/\/www.fi.uncoma.edu.ar\/wp-content\/uploads\/2022\/03\/imgdefecto-proyectos-de-extension-768x433.png\" class=\"attachment-medium_large size-medium_large\" alt=\"\" loading=\"lazy\" srcset=\"https:\/\/www.fi.uncoma.edu.ar\/wp-content\/uploads\/2022\/03\/imgdefecto-proyectos-de-extension-768x433.png 768w, https:\/\/www.fi.uncoma.edu.ar\/wp-content\/uploads\/2022\/03\/imgdefecto-proyectos-de-extension-300x169.png 300w, https:\/\/www.fi.uncoma.edu.ar\/wp-content\/uploads\/2022\/03\/imgdefecto-proyectos-de-extension-1024x577.png 1024w, https:\/\/www.fi.uncoma.edu.ar\/wp-content\/uploads\/2022\/03\/imgdefecto-proyectos-de-extension-1536x865.png 1536w, https:\/\/www.fi.uncoma.edu.ar\/wp-content\/uploads\/2022\/03\/imgdefecto-proyectos-de-extension.png 1640w\" sizes=\"(max-width: 768px) 100vw, 768px\" \/><\/div><\/a>\n\t\t\t\t<div class=\"elementor-post__text\">\n\t\t\t\t<h3 class=\"elementor-post__title\">\n\t\t\t<a href=\"https:\/\/www.fi.uncoma.edu.ar\/index.php\/extension\/proyectos-de-extension-finalizados\/alertar-un-sistema-informatico-inteligente-y-resiliente-para-la-vigilancia-y-deteccion-temprana-de-severidad-de-pacientes-en-unidades-de-cuidados-no-intensivos\/\" >\n\t\t\t\tAlertar: Un Sistema Inform\u00e1tico Inteligente y resiliente para la vigilancia y detecci\u00f3n temprana de severidad de pacientes en Unidades de Cuidados No Intensivos.\t\t\t<\/a>\n\t\t<\/h3>\n\t\t\t\t<div class=\"elementor-post__excerpt\">\n\t\t\t<p>Direcci\u00f3n: Zanellato Claudio Ruben &#8211; claudio.zanellato@fi.uncoma.edu.ar Co-Direcci\u00f3n: Javier Aldo Balladini &#8211; javier.balladini@fi.uncoma.edu.ar 2023-2024 El objetivo general del proyecto de extensi\u00f3n es avanzar en el desarrollo<\/p>\n\t\t<\/div>\n\t\t\t\t<\/div>\n\t\t\t\t\t<\/div>\n\t\t<\/article>\n\t\t\t\t<\/div>\n\n\n\t\t\t\t\t<span class=\"e-load-more-spinner\">\n\t\t\t\t<i aria-hidden=\"true\" class=\"fas fa-spinner\"><\/i>\t\t\t<\/span>\n\t\t\n\t\t\t\t<div class=\"e-load-more-anchor\" data-page=\"1\" data-max-page=\"5\" data-next-page=\"https:\/\/www.fi.uncoma.edu.ar\/index.php\/wp-json\/wp\/v2\/pages\/878\/page\/2\/\"><\/div>\n\t\t\t\t<div class=\"elementor-button-wrapper\">\n\t\t\t<a href=\"#\" class=\"elementor-button-link elementor-button\" role=\"button\">\n\t\t\t\t\t\t<span class=\"elementor-button-content-wrapper\">\n\t\t\t\t\t\t\t<span class=\"elementor-button-icon elementor-align-icon-left\">\n\t\t\t\t<i aria-hidden=\"true\" class=\"fas fa-plus-circle\"><\/i>\t\t\t<\/span>\n\t\t\t\t\t\t<span class=\"elementor-button-text\">Ver m\u00e1s<\/span>\n\t\t<\/span>\n\t\t\t\t\t<\/a>\n\t\t<\/div>\n\t\t\t\t<div class=\"e-load-more-message\"><\/div>\n\t\t\t\t<\/div>\n\t\t\t\t<\/div>\n\t\t\t\t<div class=\"elementor-element elementor-element-9ce3618 elementor-widget elementor-widget-spacer\" data-id=\"9ce3618\" data-element_type=\"widget\" data-widget_type=\"spacer.default\">\n\t\t\t\t<div class=\"elementor-widget-container\">\n\t\t\t<style>\/*! elementor - v3.6.7 - 03-07-2022 *\/\n.e-container.e-container--row .elementor-spacer-inner{width:var(--spacer-size)}.e-container.e-container--column .elementor-spacer-inner,.elementor-column .elementor-spacer-inner{height:var(--spacer-size)}<\/style>\t\t<div class=\"elementor-spacer\">\n\t\t\t<div class=\"elementor-spacer-inner\"><\/div>\n\t\t<\/div>\n\t\t\t\t<\/div>\n\t\t\t\t<\/div>\n\t\t\t\t<div class=\"elementor-element elementor-element-2b0edc00 elementor-align-center elementor-widget elementor-widget-button\" data-id=\"2b0edc00\" data-element_type=\"widget\" data-widget_type=\"button.default\">\n\t\t\t\t<div class=\"elementor-widget-container\">\n\t\t\t\t\t<div class=\"elementor-button-wrapper\">\n\t\t\t<a href=\"https:\/\/www.fi.uncoma.edu.ar\/index.php\/proyectos-de-extension-vigentes\/\" class=\"elementor-button-link elementor-button elementor-size-sm\" role=\"button\">\n\t\t\t\t\t\t<span class=\"elementor-button-content-wrapper\">\n\t\t\t\t\t\t<span class=\"elementor-button-text\">Ver proyectos de Extensi\u00f3n Vigentes<\/span>\n\t\t<\/span>\n\t\t\t\t\t<\/a>\n\t\t<\/div>\n\t\t\t\t<\/div>\n\t\t\t\t<\/div>\n\t\t\t\t<div class=\"elementor-element elementor-element-53b2494f elementor-align-center elementor-widget elementor-widget-button\" data-id=\"53b2494f\" data-element_type=\"widget\" data-widget_type=\"button.default\">\n\t\t\t\t<div class=\"elementor-widget-container\">\n\t\t\t\t\t<div class=\"elementor-button-wrapper\">\n\t\t\t<a href=\"https:\/\/www.fi.uncoma.edu.ar\/index.php\/proyectos-de-extension\/\" class=\"elementor-button-link elementor-button elementor-size-sm\" role=\"button\">\n\t\t\t\t\t\t<span class=\"elementor-button-content-wrapper\">\n\t\t\t\t\t\t<span class=\"elementor-button-text\">Volver a Proyectos de Extensi\u00f3n<\/span>\n\t\t<\/span>\n\t\t\t\t\t<\/a>\n\t\t<\/div>\n\t\t\t\t<\/div>\n\t\t\t\t<\/div>\n\t\t\t\t\t<\/div>\n\t\t<\/div>\n\t\t\t\t\t\t\t<\/div>\n\t\t<\/section>\n\t\t\t\t\t\t\t<\/div>\n\t\t","protected":false},"excerpt":{"rendered":"<p>Proyectos de Extensi\u00f3n Finalizados Ver proyectos de Extensi\u00f3n Vigentes Volver a Proyectos de Extensi\u00f3n<\/p>\n","protected":false},"author":1,"featured_media":12886,"parent":0,"menu_order":1,"comment_status":"open","ping_status":"open","template":"elementor_header_footer","meta":{"site-sidebar-layout":"default","site-content-layout":"default","ast-global-header-display":"","ast-main-header-display":"","ast-hfb-above-header-display":"","ast-hfb-below-header-display":"","ast-hfb-mobile-header-display":"","site-post-title":"","ast-breadcrumbs-content":"","ast-featured-img":"","footer-sml-layout":"","theme-transparent-header-meta":"","adv-header-id-meta":"","stick-header-meta":"","header-above-stick-meta":"","header-main-stick-meta":"","header-below-stick-meta":""},"uagb_featured_image_src":{"full":["https:\/\/www.fi.uncoma.edu.ar\/wp-content\/uploads\/2022\/03\/imgdefecto-proyectos-de-extension.png",1640,924,false],"thumbnail":["https:\/\/www.fi.uncoma.edu.ar\/wp-content\/uploads\/2022\/03\/imgdefecto-proyectos-de-extension-150x150.png",150,150,true],"medium":["https:\/\/www.fi.uncoma.edu.ar\/wp-content\/uploads\/2022\/03\/imgdefecto-proyectos-de-extension-300x169.png",300,169,true],"medium_large":["https:\/\/www.fi.uncoma.edu.ar\/wp-content\/uploads\/2022\/03\/imgdefecto-proyectos-de-extension-768x433.png",768,433,true],"large":["https:\/\/www.fi.uncoma.edu.ar\/wp-content\/uploads\/2022\/03\/imgdefecto-proyectos-de-extension-1024x577.png",1024,577,true],"1536x1536":["https:\/\/www.fi.uncoma.edu.ar\/wp-content\/uploads\/2022\/03\/imgdefecto-proyectos-de-extension-1536x865.png",1536,865,true],"2048x2048":["https:\/\/www.fi.uncoma.edu.ar\/wp-content\/uploads\/2022\/03\/imgdefecto-proyectos-de-extension.png",1640,924,false]},"uagb_author_info":{"display_name":"ufai","author_link":"https:\/\/www.fi.uncoma.edu.ar\/index.php\/author\/ufai\/"},"uagb_comment_info":0,"uagb_excerpt":"Proyectos de Extensi\u00f3n Finalizados Ver proyectos de Extensi\u00f3n Vigentes Volver a Proyectos de Extensi\u00f3n","_links":{"self":[{"href":"https:\/\/www.fi.uncoma.edu.ar\/index.php\/wp-json\/wp\/v2\/pages\/878"}],"collection":[{"href":"https:\/\/www.fi.uncoma.edu.ar\/index.php\/wp-json\/wp\/v2\/pages"}],"about":[{"href":"https:\/\/www.fi.uncoma.edu.ar\/index.php\/wp-json\/wp\/v2\/types\/page"}],"author":[{"embeddable":true,"href":"https:\/\/www.fi.uncoma.edu.ar\/index.php\/wp-json\/wp\/v2\/users\/1"}],"replies":[{"embeddable":true,"href":"https:\/\/www.fi.uncoma.edu.ar\/index.php\/wp-json\/wp\/v2\/comments?post=878"}],"version-history":[{"count":10,"href":"https:\/\/www.fi.uncoma.edu.ar\/index.php\/wp-json\/wp\/v2\/pages\/878\/revisions"}],"predecessor-version":[{"id":12784,"href":"https:\/\/www.fi.uncoma.edu.ar\/index.php\/wp-json\/wp\/v2\/pages\/878\/revisions\/12784"}],"wp:featuredmedia":[{"embeddable":true,"href":"https:\/\/www.fi.uncoma.edu.ar\/index.php\/wp-json\/wp\/v2\/media\/12886"}],"wp:attachment":[{"href":"https:\/\/www.fi.uncoma.edu.ar\/index.php\/wp-json\/wp\/v2\/media?parent=878"}],"curies":[{"name":"wp","href":"https:\/\/api.w.org\/{rel}","templated":true}]}}