{"id":879,"date":"2010-07-06T12:17:05","date_gmt":"2010-07-06T12:17:05","guid":{"rendered":"http:\/\/ijandev-test.fi.uncoma.edu.ar\/Wordpress\/index.php\/2010\/07\/06\/proyectos-de-extension-vigentes\/"},"modified":"2022-03-13T17:10:54","modified_gmt":"2022-03-13T20:10:54","slug":"proyectos-de-extension-vigentes","status":"publish","type":"page","link":"https:\/\/www.fi.uncoma.edu.ar\/index.php\/proyectos-de-extension-vigentes\/","title":{"rendered":"Proyecto de Extensi\u00f3n Vigentes"},"content":{"rendered":"\t\t<div data-elementor-type=\"wp-page\" data-elementor-id=\"879\" class=\"elementor elementor-879\">\n\t\t\t\t\t\t\t\t\t<section class=\"elementor-section elementor-top-section elementor-element elementor-element-70a1c46 elementor-section-full_width elementor-section-height-default elementor-section-height-default\" data-id=\"70a1c46\" data-element_type=\"section\">\n\t\t\t\t\t\t\t<div class=\"elementor-background-overlay\"><\/div>\n\t\t\t\t\t\t\t<div class=\"elementor-container elementor-column-gap-default\">\n\t\t\t\t\t<div class=\"elementor-column elementor-col-100 elementor-top-column elementor-element elementor-element-609dfb91\" data-id=\"609dfb91\" data-element_type=\"column\" data-settings=\"{&quot;background_background&quot;:&quot;classic&quot;}\">\n\t\t\t<div class=\"elementor-widget-wrap elementor-element-populated\">\n\t\t\t\t\t\t\t\t<div class=\"elementor-element elementor-element-6b8604 elementor-widget elementor-widget-heading\" data-id=\"6b8604\" data-element_type=\"widget\" data-widget_type=\"heading.default\">\n\t\t\t\t<div class=\"elementor-widget-container\">\n\t\t\t<style>\/*! elementor - v3.6.7 - 03-07-2022 *\/\n.elementor-heading-title{padding:0;margin:0;line-height:1}.elementor-widget-heading .elementor-heading-title[class*=elementor-size-]>a{color:inherit;font-size:inherit;line-height:inherit}.elementor-widget-heading .elementor-heading-title.elementor-size-small{font-size:15px}.elementor-widget-heading .elementor-heading-title.elementor-size-medium{font-size:19px}.elementor-widget-heading .elementor-heading-title.elementor-size-large{font-size:29px}.elementor-widget-heading .elementor-heading-title.elementor-size-xl{font-size:39px}.elementor-widget-heading .elementor-heading-title.elementor-size-xxl{font-size:59px}<\/style><h2 class=\"elementor-heading-title elementor-size-default\">Proyectos de Extensi\u00f3n Vigentes<\/h2>\t\t<\/div>\n\t\t\t\t<\/div>\n\t\t\t\t<div class=\"elementor-element elementor-element-1c2e01cc elementor-grid-3 elementor-grid-tablet-2 elementor-grid-mobile-1 elementor-posts--thumbnail-top elementor-card-shadow-yes elementor-posts__hover-gradient load-more-align-center elementor-widget elementor-widget-posts\" data-id=\"1c2e01cc\" data-element_type=\"widget\" data-settings=\"{&quot;pagination_type&quot;:&quot;load_more_on_click&quot;,&quot;cards_columns&quot;:&quot;3&quot;,&quot;cards_columns_tablet&quot;:&quot;2&quot;,&quot;cards_columns_mobile&quot;:&quot;1&quot;,&quot;cards_row_gap&quot;:{&quot;unit&quot;:&quot;px&quot;,&quot;size&quot;:35,&quot;sizes&quot;:[]},&quot;cards_row_gap_laptop&quot;:{&quot;unit&quot;:&quot;px&quot;,&quot;size&quot;:&quot;&quot;,&quot;sizes&quot;:[]},&quot;cards_row_gap_tablet&quot;:{&quot;unit&quot;:&quot;px&quot;,&quot;size&quot;:&quot;&quot;,&quot;sizes&quot;:[]},&quot;cards_row_gap_mobile&quot;:{&quot;unit&quot;:&quot;px&quot;,&quot;size&quot;:&quot;&quot;,&quot;sizes&quot;:[]},&quot;load_more_spinner&quot;:{&quot;value&quot;:&quot;fas fa-spinner&quot;,&quot;library&quot;:&quot;fa-solid&quot;}}\" data-widget_type=\"posts.cards\">\n\t\t\t\t<div class=\"elementor-widget-container\">\n\t\t\t<link rel=\"stylesheet\" href=\"https:\/\/www.fi.uncoma.edu.ar\/wp-content\/plugins\/elementor-pro\/assets\/css\/widget-posts.min.css\">\t\t<div class=\"elementor-posts-container elementor-posts elementor-posts--skin-cards elementor-grid\">\n\t\t\t\t<article class=\"elementor-post elementor-grid-item post-28124 post type-post status-publish format-standard has-post-thumbnail hentry category-proyectos-de-extension-vigentes\">\n\t\t\t<div class=\"elementor-post__card\">\n\t\t\t\t<a class=\"elementor-post__thumbnail__link\" href=\"https:\/\/www.fi.uncoma.edu.ar\/index.php\/extension\/proyectos-de-extension-vigentes\/proyecto-ada-lovelace-para-la-educacion-en-stem\/\" ><div class=\"elementor-post__thumbnail\"><img width=\"1024\" height=\"577\" src=\"https:\/\/www.fi.uncoma.edu.ar\/wp-content\/uploads\/2022\/03\/imgdefecto-proyectos-de-extension-1024x577.png\" class=\"attachment-large size-large\" alt=\"\" loading=\"lazy\" srcset=\"https:\/\/www.fi.uncoma.edu.ar\/wp-content\/uploads\/2022\/03\/imgdefecto-proyectos-de-extension-1024x577.png 1024w, https:\/\/www.fi.uncoma.edu.ar\/wp-content\/uploads\/2022\/03\/imgdefecto-proyectos-de-extension-300x169.png 300w, https:\/\/www.fi.uncoma.edu.ar\/wp-content\/uploads\/2022\/03\/imgdefecto-proyectos-de-extension-768x433.png 768w, https:\/\/www.fi.uncoma.edu.ar\/wp-content\/uploads\/2022\/03\/imgdefecto-proyectos-de-extension-1536x865.png 1536w, https:\/\/www.fi.uncoma.edu.ar\/wp-content\/uploads\/2022\/03\/imgdefecto-proyectos-de-extension.png 1640w\" sizes=\"(max-width: 1024px) 100vw, 1024px\" \/><\/div><\/a>\n\t\t\t\t<div class=\"elementor-post__text\">\n\t\t\t\t<h3 class=\"elementor-post__title\">\n\t\t\t<a href=\"https:\/\/www.fi.uncoma.edu.ar\/index.php\/extension\/proyectos-de-extension-vigentes\/proyecto-ada-lovelace-para-la-educacion-en-stem\/\" >\n\t\t\t\tProyecto Ada Lovelace: para la educaci\u00f3n en STEM\t\t\t<\/a>\n\t\t<\/h3>\n\t\t\t\t<div class=\"elementor-post__excerpt\">\n\t\t\t<p>Direcci\u00f3n: Roger Sandra Emilce &#8211; sandra.roger@fi.uncoma.edu.ar Co-Direcci\u00f3n: Allan Mar\u00eda Claudia &#8211; maria.allan@fi.uncoma.edu.ar 2024-2025 El objetivo general del Proyecto de extensi\u00f3n es: Promover las carreras STEM<\/p>\n\t\t<\/div>\n\t\t\t\t<\/div>\n\t\t\t\t\t<\/div>\n\t\t<\/article>\n\t\t\t\t<article class=\"elementor-post elementor-grid-item post-28122 post type-post status-publish format-standard has-post-thumbnail hentry category-proyectos-de-extension-vigentes\">\n\t\t\t<div class=\"elementor-post__card\">\n\t\t\t\t<a class=\"elementor-post__thumbnail__link\" href=\"https:\/\/www.fi.uncoma.edu.ar\/index.php\/extension\/proyectos-de-extension-vigentes\/produccion-participativa-de-recursos-educativos-abiertos-rea-accesibles\/\" ><div class=\"elementor-post__thumbnail\"><img width=\"1024\" height=\"577\" src=\"https:\/\/www.fi.uncoma.edu.ar\/wp-content\/uploads\/2022\/03\/imgdefecto-proyectos-de-extension-1024x577.png\" class=\"attachment-large size-large\" alt=\"\" loading=\"lazy\" srcset=\"https:\/\/www.fi.uncoma.edu.ar\/wp-content\/uploads\/2022\/03\/imgdefecto-proyectos-de-extension-1024x577.png 1024w, https:\/\/www.fi.uncoma.edu.ar\/wp-content\/uploads\/2022\/03\/imgdefecto-proyectos-de-extension-300x169.png 300w, https:\/\/www.fi.uncoma.edu.ar\/wp-content\/uploads\/2022\/03\/imgdefecto-proyectos-de-extension-768x433.png 768w, https:\/\/www.fi.uncoma.edu.ar\/wp-content\/uploads\/2022\/03\/imgdefecto-proyectos-de-extension-1536x865.png 1536w, https:\/\/www.fi.uncoma.edu.ar\/wp-content\/uploads\/2022\/03\/imgdefecto-proyectos-de-extension.png 1640w\" sizes=\"(max-width: 1024px) 100vw, 1024px\" \/><\/div><\/a>\n\t\t\t\t<div class=\"elementor-post__text\">\n\t\t\t\t<h3 class=\"elementor-post__title\">\n\t\t\t<a href=\"https:\/\/www.fi.uncoma.edu.ar\/index.php\/extension\/proyectos-de-extension-vigentes\/produccion-participativa-de-recursos-educativos-abiertos-rea-accesibles\/\" >\n\t\t\t\tProducci\u00f3n Participativa de Recursos Educativos Abiertos (REA) Accesibles\t\t\t<\/a>\n\t\t<\/h3>\n\t\t\t\t<div class=\"elementor-post__excerpt\">\n\t\t\t<p>Direcci\u00f3n: Mazalu Rafaela Jesus Maricela &#8211; rafaela.mazalu@fi.uncoma.edu.ar Co-Direcci\u00f3n: Parra Susana &#8211; susana.parra@fi.uncoma.edu.ar 2024-2025 El objetivo general del Proyecto de extensi\u00f3n es: Acompa\u00f1ar y apoyar a<\/p>\n\t\t<\/div>\n\t\t\t\t<\/div>\n\t\t\t\t\t<\/div>\n\t\t<\/article>\n\t\t\t\t<article class=\"elementor-post elementor-grid-item post-28120 post type-post status-publish format-standard has-post-thumbnail hentry category-proyectos-de-extension-vigentes\">\n\t\t\t<div class=\"elementor-post__card\">\n\t\t\t\t<a class=\"elementor-post__thumbnail__link\" href=\"https:\/\/www.fi.uncoma.edu.ar\/index.php\/extension\/proyectos-de-extension-vigentes\/analisis-forenses-de-pericias-medicos-legales-asistidas-por-sistemas-inteligentes-produciendo-nuevo-conocimiento-para-mejorar-la-practica-docente\/\" ><div class=\"elementor-post__thumbnail\"><img width=\"1024\" height=\"577\" src=\"https:\/\/www.fi.uncoma.edu.ar\/wp-content\/uploads\/2022\/03\/imgdefecto-proyectos-de-extension-1024x577.png\" class=\"attachment-large size-large\" alt=\"\" loading=\"lazy\" srcset=\"https:\/\/www.fi.uncoma.edu.ar\/wp-content\/uploads\/2022\/03\/imgdefecto-proyectos-de-extension-1024x577.png 1024w, https:\/\/www.fi.uncoma.edu.ar\/wp-content\/uploads\/2022\/03\/imgdefecto-proyectos-de-extension-300x169.png 300w, https:\/\/www.fi.uncoma.edu.ar\/wp-content\/uploads\/2022\/03\/imgdefecto-proyectos-de-extension-768x433.png 768w, https:\/\/www.fi.uncoma.edu.ar\/wp-content\/uploads\/2022\/03\/imgdefecto-proyectos-de-extension-1536x865.png 1536w, https:\/\/www.fi.uncoma.edu.ar\/wp-content\/uploads\/2022\/03\/imgdefecto-proyectos-de-extension.png 1640w\" sizes=\"(max-width: 1024px) 100vw, 1024px\" \/><\/div><\/a>\n\t\t\t\t<div class=\"elementor-post__text\">\n\t\t\t\t<h3 class=\"elementor-post__title\">\n\t\t\t<a href=\"https:\/\/www.fi.uncoma.edu.ar\/index.php\/extension\/proyectos-de-extension-vigentes\/analisis-forenses-de-pericias-medicos-legales-asistidas-por-sistemas-inteligentes-produciendo-nuevo-conocimiento-para-mejorar-la-practica-docente\/\" >\n\t\t\t\tAn\u00e1lisis forenses de pericias m\u00e9dicos-legales asistidas por Sistemas Inteligentes: produciendo nuevo conocimiento para mejorar la pr\u00e1ctica docente.\t\t\t<\/a>\n\t\t<\/h3>\n\t\t\t\t<div class=\"elementor-post__excerpt\">\n\t\t\t<p>Direcci\u00f3n: Braun Germ\u00e1n Alejandro &#8211; german.braun@fi.uncoma.edu.ar Co-Direcci\u00f3n: Jerez Gabriel Omar &#8211; jereznqn@gmail.com.ar 2024-2025 El objetivo general del Proyecto de extensi\u00f3n es: Estructurar y realizar la<\/p>\n\t\t<\/div>\n\t\t\t\t<\/div>\n\t\t\t\t\t<\/div>\n\t\t<\/article>\n\t\t\t\t<article class=\"elementor-post elementor-grid-item post-28117 post type-post status-publish format-standard has-post-thumbnail hentry category-proyectos-de-extension-vigentes\">\n\t\t\t<div class=\"elementor-post__card\">\n\t\t\t\t<a class=\"elementor-post__thumbnail__link\" href=\"https:\/\/www.fi.uncoma.edu.ar\/index.php\/extension\/proyectos-de-extension-vigentes\/conectando-saberes\/\" ><div class=\"elementor-post__thumbnail\"><img width=\"1024\" height=\"577\" src=\"https:\/\/www.fi.uncoma.edu.ar\/wp-content\/uploads\/2022\/03\/imgdefecto-proyectos-de-extension-1024x577.png\" class=\"attachment-large size-large\" alt=\"\" loading=\"lazy\" srcset=\"https:\/\/www.fi.uncoma.edu.ar\/wp-content\/uploads\/2022\/03\/imgdefecto-proyectos-de-extension-1024x577.png 1024w, https:\/\/www.fi.uncoma.edu.ar\/wp-content\/uploads\/2022\/03\/imgdefecto-proyectos-de-extension-300x169.png 300w, https:\/\/www.fi.uncoma.edu.ar\/wp-content\/uploads\/2022\/03\/imgdefecto-proyectos-de-extension-768x433.png 768w, https:\/\/www.fi.uncoma.edu.ar\/wp-content\/uploads\/2022\/03\/imgdefecto-proyectos-de-extension-1536x865.png 1536w, https:\/\/www.fi.uncoma.edu.ar\/wp-content\/uploads\/2022\/03\/imgdefecto-proyectos-de-extension.png 1640w\" sizes=\"(max-width: 1024px) 100vw, 1024px\" \/><\/div><\/a>\n\t\t\t\t<div class=\"elementor-post__text\">\n\t\t\t\t<h3 class=\"elementor-post__title\">\n\t\t\t<a href=\"https:\/\/www.fi.uncoma.edu.ar\/index.php\/extension\/proyectos-de-extension-vigentes\/conectando-saberes\/\" >\n\t\t\t\tConectando Saberes\t\t\t<\/a>\n\t\t<\/h3>\n\t\t\t\t<div class=\"elementor-post__excerpt\">\n\t\t\t<p>Direcci\u00f3n: Martinez Carod Nadina Imelda &#8211; nadina.martinez@fi.uncoma.edu.ar Co-Direcci\u00f3n: Rodr\u00edguez Jorge Pablo &#8211; j.rodriguez@biblioteca.uncoma.edu.ar 2024-2025 El objetivo general del Proyecto de extensi\u00f3n es: Se trata de<\/p>\n\t\t<\/div>\n\t\t\t\t<\/div>\n\t\t\t\t\t<\/div>\n\t\t<\/article>\n\t\t\t\t<article class=\"elementor-post elementor-grid-item post-28115 post type-post status-publish format-standard has-post-thumbnail hentry category-proyectos-de-extension-vigentes\">\n\t\t\t<div class=\"elementor-post__card\">\n\t\t\t\t<a class=\"elementor-post__thumbnail__link\" href=\"https:\/\/www.fi.uncoma.edu.ar\/index.php\/extension\/proyectos-de-extension-vigentes\/faicomm\/\" ><div class=\"elementor-post__thumbnail\"><img width=\"1024\" height=\"577\" src=\"https:\/\/www.fi.uncoma.edu.ar\/wp-content\/uploads\/2022\/03\/imgdefecto-proyectos-de-extension-1024x577.png\" class=\"attachment-large size-large\" alt=\"\" loading=\"lazy\" srcset=\"https:\/\/www.fi.uncoma.edu.ar\/wp-content\/uploads\/2022\/03\/imgdefecto-proyectos-de-extension-1024x577.png 1024w, https:\/\/www.fi.uncoma.edu.ar\/wp-content\/uploads\/2022\/03\/imgdefecto-proyectos-de-extension-300x169.png 300w, https:\/\/www.fi.uncoma.edu.ar\/wp-content\/uploads\/2022\/03\/imgdefecto-proyectos-de-extension-768x433.png 768w, https:\/\/www.fi.uncoma.edu.ar\/wp-content\/uploads\/2022\/03\/imgdefecto-proyectos-de-extension-1536x865.png 1536w, https:\/\/www.fi.uncoma.edu.ar\/wp-content\/uploads\/2022\/03\/imgdefecto-proyectos-de-extension.png 1640w\" sizes=\"(max-width: 1024px) 100vw, 1024px\" \/><\/div><\/a>\n\t\t\t\t<div class=\"elementor-post__text\">\n\t\t\t\t<h3 class=\"elementor-post__title\">\n\t\t\t<a href=\"https:\/\/www.fi.uncoma.edu.ar\/index.php\/extension\/proyectos-de-extension-vigentes\/faicomm\/\" >\n\t\t\t\tFaIComm\t\t\t<\/a>\n\t\t<\/h3>\n\t\t\t\t<div class=\"elementor-post__excerpt\">\n\t\t\t<p>Direcci\u00f3n: Gimenez Christian Nelson &#8211; christian.gimenez@fi.uncoma.edu.ar Co-Direcci\u00f3n: Acu\u00f1a Adriana &#8211; adriana.acuna@biblioteca.uncoma.edu.ar 2024-2025 Se propone como objetivo general establecer y fortalecer v\u00ednculos entre la Facultad de<\/p>\n\t\t<\/div>\n\t\t\t\t<\/div>\n\t\t\t\t\t<\/div>\n\t\t<\/article>\n\t\t\t\t<article class=\"elementor-post elementor-grid-item post-28113 post type-post status-publish format-standard has-post-thumbnail hentry category-proyectos-de-extension-vigentes\">\n\t\t\t<div class=\"elementor-post__card\">\n\t\t\t\t<a class=\"elementor-post__thumbnail__link\" href=\"https:\/\/www.fi.uncoma.edu.ar\/index.php\/extension\/proyectos-de-extension-vigentes\/el-museo-vuelve-a-las-escuelas-parte-ii\/\" ><div class=\"elementor-post__thumbnail\"><img width=\"1024\" height=\"577\" src=\"https:\/\/www.fi.uncoma.edu.ar\/wp-content\/uploads\/2022\/03\/imgdefecto-proyectos-de-extension-1024x577.png\" class=\"attachment-large size-large\" alt=\"\" loading=\"lazy\" srcset=\"https:\/\/www.fi.uncoma.edu.ar\/wp-content\/uploads\/2022\/03\/imgdefecto-proyectos-de-extension-1024x577.png 1024w, https:\/\/www.fi.uncoma.edu.ar\/wp-content\/uploads\/2022\/03\/imgdefecto-proyectos-de-extension-300x169.png 300w, https:\/\/www.fi.uncoma.edu.ar\/wp-content\/uploads\/2022\/03\/imgdefecto-proyectos-de-extension-768x433.png 768w, https:\/\/www.fi.uncoma.edu.ar\/wp-content\/uploads\/2022\/03\/imgdefecto-proyectos-de-extension-1536x865.png 1536w, https:\/\/www.fi.uncoma.edu.ar\/wp-content\/uploads\/2022\/03\/imgdefecto-proyectos-de-extension.png 1640w\" sizes=\"(max-width: 1024px) 100vw, 1024px\" \/><\/div><\/a>\n\t\t\t\t<div class=\"elementor-post__text\">\n\t\t\t\t<h3 class=\"elementor-post__title\">\n\t\t\t<a href=\"https:\/\/www.fi.uncoma.edu.ar\/index.php\/extension\/proyectos-de-extension-vigentes\/el-museo-vuelve-a-las-escuelas-parte-ii\/\" >\n\t\t\t\tEl Museo vuelve a las Escuelas. Parte II\t\t\t<\/a>\n\t\t<\/h3>\n\t\t\t\t<div class=\"elementor-post__excerpt\">\n\t\t\t<p>Direcci\u00f3n: Fracchia Claudia Carina &#8211; carina.fracchia@fi.uncoma.edu.ar Co-Direcci\u00f3n: Laurin Amadeo &#8211; amadeo.laurin@gmail.com 2024-2025 El objetivo general del Proyecto de extensi\u00f3n es: Fomentar el uso de tecnolog\u00edas<\/p>\n\t\t<\/div>\n\t\t\t\t<\/div>\n\t\t\t\t\t<\/div>\n\t\t<\/article>\n\t\t\t\t<\/div>\n\n\n\t\t\t\t\t<span class=\"e-load-more-spinner\">\n\t\t\t\t<i aria-hidden=\"true\" class=\"fas fa-spinner\"><\/i>\t\t\t<\/span>\n\t\t\n\t\t\t\t<div class=\"e-load-more-anchor\" data-page=\"1\" data-max-page=\"2\" data-next-page=\"https:\/\/www.fi.uncoma.edu.ar\/index.php\/wp-json\/wp\/v2\/pages\/879\/page\/2\/\"><\/div>\n\t\t\t\t<div class=\"elementor-button-wrapper\">\n\t\t\t<a href=\"#\" class=\"elementor-button-link elementor-button\" role=\"button\">\n\t\t\t\t\t\t<span class=\"elementor-button-content-wrapper\">\n\t\t\t\t\t\t\t<span class=\"elementor-button-icon elementor-align-icon-left\">\n\t\t\t\t<i aria-hidden=\"true\" class=\"fas fa-plus-circle\"><\/i>\t\t\t<\/span>\n\t\t\t\t\t\t<span class=\"elementor-button-text\">Ver m\u00e1s<\/span>\n\t\t<\/span>\n\t\t\t\t\t<\/a>\n\t\t<\/div>\n\t\t\t\t<div class=\"e-load-more-message\"><\/div>\n\t\t\t\t<\/div>\n\t\t\t\t<\/div>\n\t\t\t\t<div class=\"elementor-element elementor-element-265741f8 elementor-widget elementor-widget-spacer\" data-id=\"265741f8\" data-element_type=\"widget\" data-widget_type=\"spacer.default\">\n\t\t\t\t<div class=\"elementor-widget-container\">\n\t\t\t<style>\/*! elementor - v3.6.7 - 03-07-2022 *\/\n.e-container.e-container--row .elementor-spacer-inner{width:var(--spacer-size)}.e-container.e-container--column .elementor-spacer-inner,.elementor-column .elementor-spacer-inner{height:var(--spacer-size)}<\/style>\t\t<div class=\"elementor-spacer\">\n\t\t\t<div class=\"elementor-spacer-inner\"><\/div>\n\t\t<\/div>\n\t\t\t\t<\/div>\n\t\t\t\t<\/div>\n\t\t\t\t<div class=\"elementor-element elementor-element-540a83b9 elementor-align-center elementor-widget elementor-widget-button\" data-id=\"540a83b9\" data-element_type=\"widget\" data-widget_type=\"button.default\">\n\t\t\t\t<div class=\"elementor-widget-container\">\n\t\t\t\t\t<div class=\"elementor-button-wrapper\">\n\t\t\t<a href=\"https:\/\/www.fi.uncoma.edu.ar\/index.php\/proyectos-de-extension\/\" class=\"elementor-button-link elementor-button elementor-size-sm\" role=\"button\">\n\t\t\t\t\t\t<span class=\"elementor-button-content-wrapper\">\n\t\t\t\t\t\t<span class=\"elementor-button-text\">Volver a Proyectos de Extensi\u00f3n<\/span>\n\t\t<\/span>\n\t\t\t\t\t<\/a>\n\t\t<\/div>\n\t\t\t\t<\/div>\n\t\t\t\t<\/div>\n\t\t\t\t\t<\/div>\n\t\t<\/div>\n\t\t\t\t\t\t\t<\/div>\n\t\t<\/section>\n\t\t\t\t\t\t\t<\/div>\n\t\t","protected":false},"excerpt":{"rendered":"<p>Proyectos de Extensi\u00f3n Vigentes Volver a Proyectos de Extensi\u00f3n<\/p>\n","protected":false},"author":1,"featured_media":12886,"parent":0,"menu_order":0,"comment_status":"open","ping_status":"open","template":"elementor_header_footer","meta":{"site-sidebar-layout":"default","site-content-layout":"default","ast-global-header-display":"","ast-main-header-display":"","ast-hfb-above-header-display":"","ast-hfb-below-header-display":"","ast-hfb-mobile-header-display":"","site-post-title":"","ast-breadcrumbs-content":"","ast-featured-img":"","footer-sml-layout":"","theme-transparent-header-meta":"","adv-header-id-meta":"","stick-header-meta":"","header-above-stick-meta":"","header-main-stick-meta":"","header-below-stick-meta":""},"uagb_featured_image_src":{"full":["https:\/\/www.fi.uncoma.edu.ar\/wp-content\/uploads\/2022\/03\/imgdefecto-proyectos-de-extension.png",1640,924,false],"thumbnail":["https:\/\/www.fi.uncoma.edu.ar\/wp-content\/uploads\/2022\/03\/imgdefecto-proyectos-de-extension-150x150.png",150,150,true],"medium":["https:\/\/www.fi.uncoma.edu.ar\/wp-content\/uploads\/2022\/03\/imgdefecto-proyectos-de-extension-300x169.png",300,169,true],"medium_large":["https:\/\/www.fi.uncoma.edu.ar\/wp-content\/uploads\/2022\/03\/imgdefecto-proyectos-de-extension-768x433.png",768,433,true],"large":["https:\/\/www.fi.uncoma.edu.ar\/wp-content\/uploads\/2022\/03\/imgdefecto-proyectos-de-extension-1024x577.png",1024,577,true],"1536x1536":["https:\/\/www.fi.uncoma.edu.ar\/wp-content\/uploads\/2022\/03\/imgdefecto-proyectos-de-extension-1536x865.png",1536,865,true],"2048x2048":["https:\/\/www.fi.uncoma.edu.ar\/wp-content\/uploads\/2022\/03\/imgdefecto-proyectos-de-extension.png",1640,924,false]},"uagb_author_info":{"display_name":"ufai","author_link":"https:\/\/www.fi.uncoma.edu.ar\/index.php\/author\/ufai\/"},"uagb_comment_info":0,"uagb_excerpt":"Proyectos de Extensi\u00f3n Vigentes Volver a Proyectos de Extensi\u00f3n","_links":{"self":[{"href":"https:\/\/www.fi.uncoma.edu.ar\/index.php\/wp-json\/wp\/v2\/pages\/879"}],"collection":[{"href":"https:\/\/www.fi.uncoma.edu.ar\/index.php\/wp-json\/wp\/v2\/pages"}],"about":[{"href":"https:\/\/www.fi.uncoma.edu.ar\/index.php\/wp-json\/wp\/v2\/types\/page"}],"author":[{"embeddable":true,"href":"https:\/\/www.fi.uncoma.edu.ar\/index.php\/wp-json\/wp\/v2\/users\/1"}],"replies":[{"embeddable":true,"href":"https:\/\/www.fi.uncoma.edu.ar\/index.php\/wp-json\/wp\/v2\/comments?post=879"}],"version-history":[{"count":19,"href":"https:\/\/www.fi.uncoma.edu.ar\/index.php\/wp-json\/wp\/v2\/pages\/879\/revisions"}],"predecessor-version":[{"id":12781,"href":"https:\/\/www.fi.uncoma.edu.ar\/index.php\/wp-json\/wp\/v2\/pages\/879\/revisions\/12781"}],"wp:featuredmedia":[{"embeddable":true,"href":"https:\/\/www.fi.uncoma.edu.ar\/index.php\/wp-json\/wp\/v2\/media\/12886"}],"wp:attachment":[{"href":"https:\/\/www.fi.uncoma.edu.ar\/index.php\/wp-json\/wp\/v2\/media?parent=879"}],"curies":[{"name":"wp","href":"https:\/\/api.w.org\/{rel}","templated":true}]}}